{"id":6099,"date":"2025-02-25T14:26:21","date_gmt":"2025-02-25T07:26:21","guid":{"rendered":"https:\/\/vinphaco.net\/sistema-de-almacen\/"},"modified":"2025-08-21T13:25:59","modified_gmt":"2025-08-21T06:25:59","slug":"sistema-de-almacen","status":"publish","type":"page","link":"https:\/\/vinphaco.net\/es\/fabrica\/sistema-de-almacen\/","title":{"rendered":"Sistema de almac\u00e9n"},"content":{"rendered":"<p><section data-bb-version=\"5.2.6\" id=\"bt_bb_section69eb5f82a0644\" class=\"bt_bb_section bt_bb_layout_wide bt_bb_vertical_align_top bt_bb_top_spacing_none bt_bb_bottom_spacing_none\"  data-bt-override-class=\"{&quot;bt_bb_top_spacing_&quot;:{&quot;current_class&quot;:&quot;bt_bb_top_spacing_none&quot;,&quot;def&quot;:&quot;none&quot;},&quot;bt_bb_bottom_spacing_&quot;:{&quot;current_class&quot;:&quot;bt_bb_bottom_spacing_none&quot;,&quot;def&quot;:&quot;none&quot;},&quot;bt_bb_animation_&quot;:{&quot;current_class&quot;:&quot;bt_bb_animation_no_animation&quot;,&quot;def&quot;:&quot;no_animation&quot;}}\"><div class=\"bt_bb_port\"><div class=\"bt_bb_cell\"><div class=\"bt_bb_cell_inner\"><div data-bb-version=\"5.2.6\" class=\"bt_bb_row  bt_bb_animation_fade_in animate\"  data-bt-override-class=\"{&quot;bt_bb_animation_&quot;:{&quot;current_class&quot;:&quot;bt_bb_animation_fade_in animate&quot;,&quot;def&quot;:&quot;fade_in animate&quot;}}\"><div class=\"bt_bb_row_holder\" ><div data-bb-version=\"5.2.6\"  class=\"bt_bb_column col-xxl-12 col-xl-12 col-xs-12 col-sm-12 col-md-12 col-lg-12 bt_bb_vertical_align_top bt_bb_align_left bt_bb_padding_normal\" style=\"; --column-width:12;\" data-width=\"12\" data-bt-override-class=\"{}\"><div class=\"bt_bb_column_content\"><div class=\"bt_bb_column_content_inner\"><div data-bb-version=\"5.4.2\" class=\"bt_bb_slider bt_bb_height_auto bt_bb_multiple_slides bt_bb_animation_slide animate\"><div class=\"slick-slider\"  data-slick='{ \"lazyLoad\": \"progressive\", \"cssEase\": \"ease-out\", \"speed\": \"300\", \"adaptiveHeight\": true, \"prevArrow\": \"\", \"nextArrow\": \"\",\"slidesToShow\": 1}' ><div class=\"bt_bb_slider_item\" data-src-full=\"https:\/\/vinphaco.net\/wp-content\/uploads\/2025\/07\/Vinphaco-GMP-Factory.png\"><img decoding=\"async\" src=\"https:\/\/vinphaco.net\/wp-content\/uploads\/2025\/07\/Vinphaco-GMP-Factory.png\" alt=\"Vinphaco-GMP-Factory\"  title=\"Vinphaco-GMP-Factory\"><\/div><\/div><\/div><\/div><\/div><\/div><\/div><\/div><\/div><!-- cell_inner --><\/div><!-- cell --><\/div><!-- port --><\/section><section data-bb-version=\"5.2.6\" id=\"bt_bb_section69eb5f82a0a49\" class=\"bt_bb_section bt_bb_layout_boxed_1200 bt_bb_vertical_align_top bt_bb_top_spacing_none bt_bb_bottom_spacing_none\"  data-bt-override-class=\"{&quot;bt_bb_top_spacing_&quot;:{&quot;current_class&quot;:&quot;bt_bb_top_spacing_none&quot;,&quot;def&quot;:&quot;none&quot;},&quot;bt_bb_bottom_spacing_&quot;:{&quot;current_class&quot;:&quot;bt_bb_bottom_spacing_none&quot;,&quot;def&quot;:&quot;none&quot;},&quot;bt_bb_animation_&quot;:{&quot;current_class&quot;:&quot;bt_bb_animation_no_animation&quot;,&quot;def&quot;:&quot;no_animation&quot;}}\"><div class=\"bt_bb_port\"><div class=\"bt_bb_cell\"><div class=\"bt_bb_cell_inner\"><div data-bb-version=\"5.2.6\" class=\"bt_bb_row \"  data-bt-override-class=\"{}\"><div class=\"bt_bb_row_holder\" ><div data-bb-version=\"5.2.6\"  class=\"bt_bb_column col-xxl-12 col-xl-12 col-xs-12 col-sm-12 col-md-12 col-lg-12 bt_bb_vertical_align_top bt_bb_align_left bt_bb_padding_normal bt_bb_animation_fade_in animate\" style=\"; --column-width:12;\" data-width=\"12\" data-bt-override-class=\"{&quot;bt_bb_align_&quot;:{&quot;current_class&quot;:&quot;bt_bb_align_left&quot;,&quot;def&quot;:&quot;left&quot;},&quot;bt_bb_padding_&quot;:{&quot;current_class&quot;:&quot;bt_bb_padding_normal&quot;,&quot;def&quot;:&quot;normal&quot;},&quot;bt_bb_animation_&quot;:{&quot;current_class&quot;:&quot;bt_bb_animation_fade_in animate&quot;,&quot;def&quot;:&quot;fade_in animate&quot;}}\"><div class=\"bt_bb_column_content\"><div class=\"bt_bb_column_content_inner\"><div data-bb-version=\"5.2.6\" class=\"bt_bb_breadcrumb\"><div class=\"breadcrumb-wrapper\"><nav class=\"breadcrumb\"><a href=\"https:\/\/vinphaco.net\/es\/\">Inicio<\/a> <svg width=\"8\" height=\"14\" viewBox=\"0 0 8 14\" fill=\"none\" xmlns=\"http:\/\/www.w3.org\/2000\/svg\"><path d=\"M1 13L7 7L1 1\" stroke=\"#181D27\" stroke-width=\"2\" stroke-linecap=\"round\" stroke-linejoin=\"round\"\/><\/svg><\/nav><\/div><\/div><\/div><\/div><\/div><\/div><\/div><\/div><!-- cell_inner --><\/div><!-- cell --><\/div><!-- port --><\/section><section data-bb-version=\"5.2.6\" id=\"bt_bb_section69eb5f82a0d06\" class=\"bt_bb_section bt_bb_layout_boxed_1200 bt_bb_vertical_align_top bt_bb_top_spacing_none bt_bb_bottom_spacing_40\"  data-bt-override-class=\"{&quot;bt_bb_top_spacing_&quot;:{&quot;current_class&quot;:&quot;bt_bb_top_spacing_none&quot;,&quot;def&quot;:&quot;none&quot;},&quot;bt_bb_bottom_spacing_&quot;:{&quot;current_class&quot;:&quot;bt_bb_bottom_spacing_40&quot;,&quot;def&quot;:&quot;40&quot;},&quot;bt_bb_animation_&quot;:{&quot;current_class&quot;:&quot;bt_bb_animation_no_animation&quot;,&quot;def&quot;:&quot;no_animation&quot;}}\"><div class=\"bt_bb_port\"><div class=\"bt_bb_cell\"><div class=\"bt_bb_cell_inner\"><div class=\"bt_bb_row \"  data-bt-override-class=\"{}\"><div class=\"bt_bb_row_holder\" ><div data-bb-version=\"5.2.6\"  class=\"bt_bb_column col-xxl-12 col-xl-12 col-xs-12 col-sm-12 col-md-12 col-lg-12 bt_bb_vertical_align_top bt_bb_align_left bt_bb_padding_normal bt_bb_animation_fade_in animate\" style=\"; --column-width:12;\" data-width=\"12\" data-bt-override-class=\"{&quot;bt_bb_align_&quot;:{&quot;current_class&quot;:&quot;bt_bb_align_left&quot;,&quot;def&quot;:&quot;left&quot;},&quot;bt_bb_padding_&quot;:{&quot;current_class&quot;:&quot;bt_bb_padding_normal&quot;,&quot;def&quot;:&quot;normal&quot;},&quot;bt_bb_animation_&quot;:{&quot;current_class&quot;:&quot;bt_bb_animation_fade_in animate&quot;,&quot;def&quot;:&quot;fade_in animate&quot;}}\"><div class=\"bt_bb_column_content\"><div class=\"bt_bb_column_content_inner\"><div data-bb-version=\"5.4.2\" class=\"bt_bb_video mb-40\"><div class=\"section-video\"><div class=\"video-embed \"><video class=\"myVideo\" playsinline poster=\"https:\/\/vinphaco.net\/wp-content\/uploads\/2025\/07\/Vinphaco-warehouse-system.png\"><source src=\"https:\/\/vinphaco.net\/wp-content\/uploads\/2020\/09\/Introduction-TVC-of-Vinh-Phuc-Pharmaceutical-Joint-Stock-Company-2025.mp4\" type=\"video\/mp4\"><p><i>Tu navegador no admite la etiqueta de v\u00eddeo.<\/i><\/p><\/video><button class=\"playStopButton\"><\/button><\/div><\/div><\/div><div data-bb-version=\"5.4.2\" class=\"bt_bb_heading_section text-center page-heading-about\"><div class=\"section-title bt_bb_heading_section\"><div class=\"title\"><h3>Sistema de almac\u00e9n Vinphaco<\/h3> <\/div><div class=\"desc\">La Sociedad An\u00f3nima Farmac\u00e9utica Vinh Phuc posee un moderno sistema de almacenes dise\u00f1ado y gestionado en estricto cumplimiento de las normas GMP - GSP - GDP, que cumple todos los requisitos de almacenamiento, seguridad, prevenci\u00f3n de incendios y trazabilidad. El sistema incluye el Almac\u00e9n de Productos Terminados, el Almac\u00e9n de Materias Primas y el Almac\u00e9n de Embalaje, todos ellos equipados con instalaciones y procesos de gesti\u00f3n avanzados para garantizar la calidad del producto desde las materias primas hasta los productos terminados, tanto para el mercado nacional como para el internacional. <\/div><\/div><\/div><\/div><\/div><\/div><\/div><\/div><\/div><!-- cell_inner --><\/div><!-- cell --><\/div><!-- port --><\/section><section data-bb-version=\"5.2.6\" id=\"bt_bb_section69eb5f82a1cd6\" class=\"bt_bb_section bt_bb_layout_boxed_1200 bt_bb_vertical_align_top bt_bb_top_spacing_100 bt_bb_bottom_spacing_60 responsive-col-767 zizac-item\"  data-bt-override-class=\"{&quot;bt_bb_top_spacing_&quot;:{&quot;current_class&quot;:&quot;bt_bb_top_spacing_100&quot;,&quot;def&quot;:&quot;100&quot;},&quot;bt_bb_bottom_spacing_&quot;:{&quot;current_class&quot;:&quot;bt_bb_bottom_spacing_60&quot;,&quot;def&quot;:&quot;60&quot;},&quot;bt_bb_animation_&quot;:{&quot;current_class&quot;:&quot;bt_bb_animation_no_animation&quot;,&quot;def&quot;:&quot;no_animation&quot;}}\"><div class=\"bt_bb_background_image_holder_wrapper\"><div class=\"bt_bb_background_image_holder btLazyLoadBackground\"  data-background_image_src=\"https:\/\/vinphaco.net\/wp-content\/uploads\/2025\/04\/Frame-1000002466.png\" data-parallax-zoom-start=\"1\" data-parallax-zoom-end=\"1\" data-parallax-blur-start=\"0\" data-parallax-blur-end=\"0\" data-parallax-opacity-start=\"1\" data-parallax-opacity-end=\"1\" style=\" background-image: url(&#039;https:\/\/vinphaco.net\/wp-content\/plugins\/bold-page-builder\/img\/blank.gif&#039;);\"><\/div><\/div><div class=\"bt_bb_port\"><div class=\"bt_bb_cell\"><div class=\"bt_bb_cell_inner\"><div data-bb-version=\"5.2.6\" class=\"bt_bb_row  mb-80 equa-height middle\"  data-bt-override-class=\"{&quot;bt_bb_animation_&quot;:{&quot;current_class&quot;:&quot;bt_bb_animation_no_animation&quot;,&quot;def&quot;:&quot;no_animation&quot;}}\"><div class=\"bt_bb_row_holder\" ><div data-bb-version=\"5.2.6\"  class=\"bt_bb_column col-xxl-6 col-xl-6 col-xs-12 col-sm-6 col-md-6 col-lg-6 bt_bb_vertical_align_top bt_bb_align_left bt_bb_padding_normal\" style=\"; --column-width:6;\" data-width=\"6\" data-bt-override-class=\"{}\"><div class=\"bt_bb_column_content\"><div class=\"bt_bb_column_content_inner\"><div data-bb-version=\"5.4.2\" class=\"bt_bb_image wow animate__animated animate__fadeInLeft img-radius-40 bt_bb_shape_square bt_bb_target_self bt_bb_align_inherit bt_bb_hover_style_simple bt_bb_content_display_always bt_bb_content_align_middle\" data-bt-override-class=\"{&quot;bt_bb_align_&quot;:{&quot;current_class&quot;:&quot;bt_bb_align_inherit&quot;,&quot;def&quot;:&quot;inherit&quot;},&quot;bt_bb_content_display_&quot;:{&quot;current_class&quot;:&quot;bt_bb_content_display_always&quot;,&quot;def&quot;:&quot;always&quot;},&quot;bt_bb_animation_&quot;:{&quot;current_class&quot;:&quot;bt_bb_animation_no_animation&quot;,&quot;def&quot;:&quot;no_animation&quot;}}\"><span><img loading=\"lazy\" decoding=\"async\" width=\"568\" height=\"368\" src=\"https:\/\/vinphaco.net\/wp-content\/uploads\/2025\/08\/Vinphaco-raw-material-werahouse-1.png\" class=\"attachment-full size-full\" alt=\"Vinphaco-raw-material-werahouse\" data-full_image_src=\"https:\/\/vinphaco.net\/wp-content\/uploads\/2025\/08\/Vinphaco-raw-material-werahouse-1.png\" title=\"Vinphaco-raw-material-werahouse\" srcset=\"https:\/\/vinphaco.net\/wp-content\/uploads\/2025\/08\/Vinphaco-raw-material-werahouse-1.png 568w, https:\/\/vinphaco.net\/wp-content\/uploads\/2025\/08\/Vinphaco-raw-material-werahouse-1-320x207.png 320w\" sizes=\"auto, (max-width: 568px) 100vw, 568px\" \/><\/span><\/div><\/div><\/div><\/div><div data-bb-version=\"5.2.6\"  class=\"bt_bb_column col-xxl-6 col-xl-6 col-xs-12 col-sm-6 col-md-6 col-lg-6 bt_bb_vertical_align_top bt_bb_align_left bt_bb_padding_normal\" style=\"; --column-width:6;\" data-width=\"6\" data-bt-override-class=\"{}\"><div class=\"bt_bb_column_content\"><div class=\"bt_bb_column_content_inner\"><div data-bb-version=\"5.4.2\" class=\"box-text-icon line-no-icon bt_bb_box_text_icon bt_bb_box_text_icon wow animate__animated animate__fadeInRight\"  style=\"background-color: \"><div><div class=\"wrap-desc\"><div class=\"title\"><h3 style=\"\">Almac\u00e9n de materias primas<\/h3><\/div><div class=\"desc\" style=\"\">Con una superficie de m\u00e1s de 400 m\u00b2 y una capacidad de casi 300 paletas, este almac\u00e9n guarda materias primas farmac\u00e9uticas, excipientes y materiales auxiliares para la producci\u00f3n. Est\u00e1 dise\u00f1ado con zonas de almacenamiento dedicadas seg\u00fan las caracter\u00edsticas de los materiales, equipadas con sistemas de control medioambiental, sistemas certificados de prevenci\u00f3n y lucha contra incendios y vigilancia de seguridad 24 horas al d\u00eda, 7 d\u00edas a la semana. Su escala y capacidad est\u00e1n dise\u00f1adas para satisfacer las demandas de producci\u00f3n a gran escala, apoyando los planes de suministro nacional y exportaci\u00f3n de la empresa.  <\/div><\/div><\/div><\/div><\/div><\/div><\/div><\/div><\/div><div data-bb-version=\"5.2.6\" class=\"bt_bb_row  equa-height middle mb-80\"  data-bt-override-class=\"{&quot;bt_bb_animation_&quot;:{&quot;current_class&quot;:&quot;bt_bb_animation_no_animation&quot;,&quot;def&quot;:&quot;no_animation&quot;}}\"><div class=\"bt_bb_row_holder\" ><div data-bb-version=\"5.2.6\"  class=\"bt_bb_column col-xxl-6 col-xl-6 col-xs-12 col-sm-6 col-md-6 col-lg-6 bt_bb_vertical_align_top bt_bb_align_left bt_bb_padding_normal\" style=\"; --column-width:6;\" data-width=\"6\" data-bt-override-class=\"{}\"><div class=\"bt_bb_column_content\"><div class=\"bt_bb_column_content_inner\"><div data-bb-version=\"5.4.2\" class=\"box-text-icon line-no-icon bt_bb_box_text_icon bt_bb_box_text_icon wow animate__animated animate__fadeInLeft\"  style=\"background-color: \"><div><div class=\"wrap-desc\"><div class=\"title\"><h3 style=\"\">Almac\u00e9n de envases<\/h3><\/div><div class=\"desc\" style=\"\">Con una superficie de 1.000 m\u00b2 y una capacidad de casi 2.000 paletas, este almac\u00e9n se puso en servicio en 2024 con una infraestructura de vanguardia y equipos avanzados. Almacena todos los materiales de envasado para la producci\u00f3n y envasado de productos farmac\u00e9uticos, organizados por tipo y tama\u00f1o para optimizar el espacio de almacenamiento y el flujo de trabajo. Equipado con sistemas de prevenci\u00f3n de incendios, c\u00e1maras de seguridad 24\/7 y control medioambiental, garantiza que los materiales de envasado permanezcan limpios, intactos y listos para apoyar la producci\u00f3n orientada a la exportaci\u00f3n a gran escala y la distribuci\u00f3n a escala nacional.  <\/div><\/div><\/div><\/div><\/div><\/div><\/div><div data-bb-version=\"5.2.6\"  class=\"bt_bb_column col-xxl-6 col-xl-6 col-xs-12 col-sm-6 col-md-6 col-lg-6 bt_bb_vertical_align_top bt_bb_align_left bt_bb_padding_normal\" style=\"; --column-width:6;\" data-width=\"6\" data-bt-override-class=\"{}\"><div class=\"bt_bb_column_content\"><div class=\"bt_bb_column_content_inner\"><div data-bb-version=\"5.4.2\" class=\"bt_bb_image wow animate__animated animate__fadeInRight img-radius-40 bt_bb_shape_square bt_bb_target_self bt_bb_align_inherit bt_bb_hover_style_simple bt_bb_content_display_always bt_bb_content_align_middle\" data-bt-override-class=\"{&quot;bt_bb_align_&quot;:{&quot;current_class&quot;:&quot;bt_bb_align_inherit&quot;,&quot;def&quot;:&quot;inherit&quot;},&quot;bt_bb_content_display_&quot;:{&quot;current_class&quot;:&quot;bt_bb_content_display_always&quot;,&quot;def&quot;:&quot;always&quot;},&quot;bt_bb_animation_&quot;:{&quot;current_class&quot;:&quot;bt_bb_animation_no_animation&quot;,&quot;def&quot;:&quot;no_animation&quot;}}\"><span><img loading=\"lazy\" decoding=\"async\" width=\"568\" height=\"368\" src=\"https:\/\/vinphaco.net\/wp-content\/uploads\/2025\/07\/Vinphaco-prodution-warehouse.png\" class=\"attachment-full size-full\" alt=\"Vinphaco-prodution-warehouse\" data-full_image_src=\"https:\/\/vinphaco.net\/wp-content\/uploads\/2025\/07\/Vinphaco-prodution-warehouse.png\" title=\"Vinphaco-prodution-warehouse\" srcset=\"https:\/\/vinphaco.net\/wp-content\/uploads\/2025\/07\/Vinphaco-prodution-warehouse.png 568w, https:\/\/vinphaco.net\/wp-content\/uploads\/2025\/07\/Vinphaco-prodution-warehouse-320x207.png 320w\" sizes=\"auto, (max-width: 568px) 100vw, 568px\" \/><\/span><\/div><\/div><\/div><\/div><\/div><\/div><div data-bb-version=\"5.2.6\" class=\"bt_bb_row  mb-80 equa-height middle\"  data-bt-override-class=\"{&quot;bt_bb_animation_&quot;:{&quot;current_class&quot;:&quot;bt_bb_animation_no_animation&quot;,&quot;def&quot;:&quot;no_animation&quot;}}\"><div class=\"bt_bb_row_holder\" ><div data-bb-version=\"5.2.6\"  class=\"bt_bb_column col-xxl-6 col-xl-6 col-xs-12 col-sm-6 col-md-6 col-lg-6 bt_bb_vertical_align_top bt_bb_align_left bt_bb_padding_normal\" style=\"; --column-width:6;\" data-width=\"6\" data-bt-override-class=\"{}\"><div class=\"bt_bb_column_content\"><div class=\"bt_bb_column_content_inner\"><div data-bb-version=\"5.4.2\" class=\"bt_bb_image wow animate__animated animate__fadeInLeft img-radius-40 bt_bb_shape_square bt_bb_target_self bt_bb_align_inherit bt_bb_hover_style_simple bt_bb_content_display_always bt_bb_content_align_middle\" data-bt-override-class=\"{&quot;bt_bb_align_&quot;:{&quot;current_class&quot;:&quot;bt_bb_align_inherit&quot;,&quot;def&quot;:&quot;inherit&quot;},&quot;bt_bb_content_display_&quot;:{&quot;current_class&quot;:&quot;bt_bb_content_display_always&quot;,&quot;def&quot;:&quot;always&quot;},&quot;bt_bb_animation_&quot;:{&quot;current_class&quot;:&quot;bt_bb_animation_no_animation&quot;,&quot;def&quot;:&quot;no_animation&quot;}}\"><span><img loading=\"lazy\" decoding=\"async\" width=\"568\" height=\"360\" src=\"https:\/\/vinphaco.net\/wp-content\/uploads\/2025\/08\/Vinphaco-finished-product-werahouse.png\" class=\"attachment-full size-full\" alt=\"Vinphaco-finished-product-werahouse\" data-full_image_src=\"https:\/\/vinphaco.net\/wp-content\/uploads\/2025\/08\/Vinphaco-finished-product-werahouse.png\" title=\"Vinphaco-finished-product-werahouse\" srcset=\"https:\/\/vinphaco.net\/wp-content\/uploads\/2025\/08\/Vinphaco-finished-product-werahouse.png 568w, https:\/\/vinphaco.net\/wp-content\/uploads\/2025\/08\/Vinphaco-finished-product-werahouse-320x203.png 320w\" sizes=\"auto, (max-width: 568px) 100vw, 568px\" \/><\/span><\/div><\/div><\/div><\/div><div data-bb-version=\"5.2.6\"  class=\"bt_bb_column col-xxl-6 col-xl-6 col-xs-12 col-sm-6 col-md-6 col-lg-6 bt_bb_vertical_align_top bt_bb_align_left bt_bb_padding_normal\" style=\"; --column-width:6;\" data-width=\"6\" data-bt-override-class=\"{}\"><div class=\"bt_bb_column_content\"><div class=\"bt_bb_column_content_inner\"><div data-bb-version=\"5.4.2\" class=\"box-text-icon line-no-icon bt_bb_box_text_icon bt_bb_box_text_icon wow animate__animated animate__fadeInRight\"  style=\"background-color: \"><div><div class=\"wrap-desc\"><div class=\"title\"><h3 style=\"\">Almac\u00e9n de productos acabados<\/h3><\/div><div class=\"desc\" style=\"\">Con una superficie total de m\u00e1s de 500 m\u00b2 y una capacidad de m\u00e1s de 350 pal\u00e9s, este almac\u00e9n almacena medicamentos terminados listos para su distribuci\u00f3n. Sirve como eje central de distribuci\u00f3n de la empresa, abasteciendo a todas las sucursales de Da Nang, Ciudad Ho Chi Minh y Can Tho, y abasteciendo al mercado nacional y a las exportaciones. El almac\u00e9n est\u00e1 equipado con sistemas de estanter\u00edas, zonas de almacenamiento espec\u00edficas, control clim\u00e1tico de la temperatura y la humedad, sistemas automatizados de control y alarma, y vigilancia con c\u00e1maras de seguridad 24 horas al d\u00eda, 7 d\u00edas a la semana. Los estrictos procedimientos de gesti\u00f3n garantizan que los productos mantengan una calidad \u00f3ptima antes de su expedici\u00f3n.   <\/div><\/div><\/div><\/div><\/div><\/div><\/div><\/div><\/div><\/div><!-- cell_inner --><\/div><!-- cell --><\/div><!-- port --><\/section><\/p>\n","protected":false},"excerpt":{"rendered":"","protected":false},"author":5,"featured_media":0,"parent":7449,"menu_order":0,"comment_status":"closed","ping_status":"closed","template":"","meta":{"_acf_changed":false,"footnotes":""},"class_list":["post-6099","page","type-page","status-publish","hentry"],"acf":[],"_links":{"self":[{"href":"https:\/\/vinphaco.net\/es\/wp-json\/wp\/v2\/pages\/6099","targetHints":{"allow":["GET"]}}],"collection":[{"href":"https:\/\/vinphaco.net\/es\/wp-json\/wp\/v2\/pages"}],"about":[{"href":"https:\/\/vinphaco.net\/es\/wp-json\/wp\/v2\/types\/page"}],"author":[{"embeddable":true,"href":"https:\/\/vinphaco.net\/es\/wp-json\/wp\/v2\/users\/5"}],"replies":[{"embeddable":true,"href":"https:\/\/vinphaco.net\/es\/wp-json\/wp\/v2\/comments?post=6099"}],"version-history":[{"count":4,"href":"https:\/\/vinphaco.net\/es\/wp-json\/wp\/v2\/pages\/6099\/revisions"}],"predecessor-version":[{"id":14071,"href":"https:\/\/vinphaco.net\/es\/wp-json\/wp\/v2\/pages\/6099\/revisions\/14071"}],"up":[{"embeddable":true,"href":"https:\/\/vinphaco.net\/es\/wp-json\/wp\/v2\/pages\/7449"}],"wp:attachment":[{"href":"https:\/\/vinphaco.net\/es\/wp-json\/wp\/v2\/media?parent=6099"}],"curies":[{"name":"wp","href":"https:\/\/api.w.org\/{rel}","templated":true}]}}