{"id":13604,"date":"2025-08-21T09:29:42","date_gmt":"2025-08-21T02:29:42","guid":{"rendered":"https:\/\/vinphaco.net\/product\/dexametasona\/"},"modified":"2025-10-02T11:41:02","modified_gmt":"2025-10-02T04:41:02","slug":"dexametasona","status":"publish","type":"product","link":"https:\/\/vinphaco.net\/es\/producto\/dexametasona\/","title":{"rendered":"DEXAMETASONA"},"content":{"rendered":"","protected":false},"excerpt":{"rendered":"<p>La dexametasona es un glucocorticoide sint\u00e9tico (hormona corticosuprarrenal) con efectos sobre el metabolismo, el equilibrio electrol\u00edtico y las funciones tisulares.<\/p>\n","protected":false},"featured_media":11660,"template":"","meta":{"_acf_changed":false},"product_brand":[],"product_cat":[364],"product_tag":[365,366],"class_list":{"0":"post-13604","1":"product","2":"type-product","3":"status-publish","4":"has-post-thumbnail","6":"product_cat-etc-corticosterioids-nsaids-es","7":"product_tag-drug-es","8":"product_tag-etc-es","10":"first","11":"instock","12":"shipping-taxable","13":"product-type-simple"},"acf":{"product_detail":[{"name":"Forma farmac\u00e9utica","value":"Soluci\u00f3n para la injeci\u00f3n"},{"name":"Indicaciones","value":"El dexametas\u00f3n se utiliza para tratar: \n- inflamaci\u00f3n de la piel, articulaciones, pulmones y otros \u00f3rganos. \n- Entre las afecciones comunes tratadas est\u00e1n el asma, las alergias y la artritis. \n- Otras afecciones, como trastornos sangu\u00edneos y enfermedades de las gl\u00e1ndulas suprarrenales."},{"name":"Composici\u00f3n","value":"Dexametasona 4 mg\/1 ml"}],"instructions_for_use":""},"_links":{"self":[{"href":"https:\/\/vinphaco.net\/es\/wp-json\/wp\/v2\/product\/13604","targetHints":{"allow":["GET"]}}],"collection":[{"href":"https:\/\/vinphaco.net\/es\/wp-json\/wp\/v2\/product"}],"about":[{"href":"https:\/\/vinphaco.net\/es\/wp-json\/wp\/v2\/types\/product"}],"wp:featuredmedia":[{"embeddable":true,"href":"https:\/\/vinphaco.net\/es\/wp-json\/wp\/v2\/media\/11660"}],"wp:attachment":[{"href":"https:\/\/vinphaco.net\/es\/wp-json\/wp\/v2\/media?parent=13604"}],"wp:term":[{"taxonomy":"product_brand","embeddable":true,"href":"https:\/\/vinphaco.net\/es\/wp-json\/wp\/v2\/product_brand?post=13604"},{"taxonomy":"product_cat","embeddable":true,"href":"https:\/\/vinphaco.net\/es\/wp-json\/wp\/v2\/product_cat?post=13604"},{"taxonomy":"product_tag","embeddable":true,"href":"https:\/\/vinphaco.net\/es\/wp-json\/wp\/v2\/product_tag?post=13604"}],"curies":[{"name":"wp","href":"https:\/\/api.w.org\/{rel}","templated":true}]}}