{"id":13612,"date":"2025-08-21T09:29:42","date_gmt":"2025-08-21T02:29:42","guid":{"rendered":"https:\/\/vinphaco.net\/product\/clindacina-600\/"},"modified":"2025-10-02T11:41:20","modified_gmt":"2025-10-02T04:41:20","slug":"clindacina-600","status":"publish","type":"product","link":"https:\/\/vinphaco.net\/es\/producto\/clindacina-600\/","title":{"rendered":"CLINDACINA 600"},"content":{"rendered":"","protected":false},"excerpt":{"rendered":"<p>Los productos de fosfato de clindamicina est\u00e1n indicados en el tratamiento de infecciones graves causadas por bacterias anaerobias susceptibles.<\/p>\n","protected":false},"featured_media":11692,"template":"","meta":{"_acf_changed":false},"product_brand":[],"product_cat":[404],"product_tag":[365,366],"class_list":{"0":"post-13612","1":"product","2":"type-product","3":"status-publish","4":"has-post-thumbnail","6":"product_cat-etc-antibioticos","7":"product_tag-drug-es","8":"product_tag-etc-es","10":"first","11":"instock","12":"shipping-taxable","13":"product-type-simple"},"acf":{"product_detail":[{"name":"Forma farmac\u00e9utica","value":"Soluci\u00f3n para la injeci\u00f3n"},{"name":"Indicaciones","value":"Antibacteriano: infecciones graves causadas por organismos Gram positivos susceptibles, estafilococos, estreptococos, neumococos y pat\u00f3genos anaerobios susceptibles.  "},{"name":"Composici\u00f3n","value":"Clindamicina 600mg\/4ml"}],"instructions_for_use":""},"_links":{"self":[{"href":"https:\/\/vinphaco.net\/es\/wp-json\/wp\/v2\/product\/13612","targetHints":{"allow":["GET"]}}],"collection":[{"href":"https:\/\/vinphaco.net\/es\/wp-json\/wp\/v2\/product"}],"about":[{"href":"https:\/\/vinphaco.net\/es\/wp-json\/wp\/v2\/types\/product"}],"wp:featuredmedia":[{"embeddable":true,"href":"https:\/\/vinphaco.net\/es\/wp-json\/wp\/v2\/media\/11692"}],"wp:attachment":[{"href":"https:\/\/vinphaco.net\/es\/wp-json\/wp\/v2\/media?parent=13612"}],"wp:term":[{"taxonomy":"product_brand","embeddable":true,"href":"https:\/\/vinphaco.net\/es\/wp-json\/wp\/v2\/product_brand?post=13612"},{"taxonomy":"product_cat","embeddable":true,"href":"https:\/\/vinphaco.net\/es\/wp-json\/wp\/v2\/product_cat?post=13612"},{"taxonomy":"product_tag","embeddable":true,"href":"https:\/\/vinphaco.net\/es\/wp-json\/wp\/v2\/product_tag?post=13612"}],"curies":[{"name":"wp","href":"https:\/\/api.w.org\/{rel}","templated":true}]}}