{"id":13616,"date":"2025-08-21T09:29:42","date_gmt":"2025-08-21T02:29:42","guid":{"rendered":"https:\/\/vinphaco.net\/product\/vinsolon-4\/"},"modified":"2025-10-02T11:41:20","modified_gmt":"2025-10-02T04:41:20","slug":"vinsolon-4","status":"publish","type":"product","link":"https:\/\/vinphaco.net\/es\/producto\/vinsolon-4\/","title":{"rendered":"VINSOL\u00d3N 4"},"content":{"rendered":"","protected":false},"excerpt":{"rendered":"<p>Vinsolon es un glucocorticoide antiinflamatorio que contiene metil prednisolona como principio activo.<\/p>\n","protected":false},"featured_media":11588,"template":"","meta":{"_acf_changed":false},"product_brand":[],"product_cat":[364],"product_tag":[365,366],"class_list":{"0":"post-13616","1":"product","2":"type-product","3":"status-publish","4":"has-post-thumbnail","6":"product_cat-etc-corticosterioids-nsaids-es","7":"product_tag-drug-es","8":"product_tag-etc-es","10":"first","11":"instock","12":"shipping-taxable","13":"product-type-simple"},"acf":{"product_detail":[{"name":"Forma farmac\u00e9utica","value":"Tableta"},{"name":"Indicaciones","value":"La Metilprednisolona est\u00e1 indicada en las siguientes afecciones:\nTrastornos Endocrinos, Trastornos Reum\u00e1ticos, Enfermedades Gastrointestinales, Enfermedades Respiratorias, Trastornos Hematol\u00f3gicos, Enfermedades Dermatol\u00f3gicas, etc."},{"name":"Composici\u00f3n","value":"Metilprednisolon 4 mg"}],"instructions_for_use":""},"_links":{"self":[{"href":"https:\/\/vinphaco.net\/es\/wp-json\/wp\/v2\/product\/13616","targetHints":{"allow":["GET"]}}],"collection":[{"href":"https:\/\/vinphaco.net\/es\/wp-json\/wp\/v2\/product"}],"about":[{"href":"https:\/\/vinphaco.net\/es\/wp-json\/wp\/v2\/types\/product"}],"wp:featuredmedia":[{"embeddable":true,"href":"https:\/\/vinphaco.net\/es\/wp-json\/wp\/v2\/media\/11588"}],"wp:attachment":[{"href":"https:\/\/vinphaco.net\/es\/wp-json\/wp\/v2\/media?parent=13616"}],"wp:term":[{"taxonomy":"product_brand","embeddable":true,"href":"https:\/\/vinphaco.net\/es\/wp-json\/wp\/v2\/product_brand?post=13616"},{"taxonomy":"product_cat","embeddable":true,"href":"https:\/\/vinphaco.net\/es\/wp-json\/wp\/v2\/product_cat?post=13616"},{"taxonomy":"product_tag","embeddable":true,"href":"https:\/\/vinphaco.net\/es\/wp-json\/wp\/v2\/product_tag?post=13616"}],"curies":[{"name":"wp","href":"https:\/\/api.w.org\/{rel}","templated":true}]}}