{"id":13634,"date":"2025-08-21T09:29:41","date_gmt":"2025-08-21T02:29:41","guid":{"rendered":"https:\/\/vinphaco.net\/product\/nisitanol\/"},"modified":"2025-10-02T11:40:36","modified_gmt":"2025-10-02T04:40:36","slug":"nisitanol","status":"publish","type":"product","link":"https:\/\/vinphaco.net\/es\/producto\/nisitanol\/","title":{"rendered":"NISITANOL"},"content":{"rendered":"","protected":false},"excerpt":{"rendered":"<p>El Nisitanol trata el dolor reum\u00e1tico, el dolor de muelas, el dolor postoperatorio<\/p>\n","protected":false},"featured_media":11300,"template":"","meta":{"_acf_changed":false},"product_brand":[],"product_cat":[364],"product_tag":[365,366],"class_list":{"0":"post-13634","1":"product","2":"type-product","3":"status-publish","4":"has-post-thumbnail","6":"product_cat-etc-corticosterioids-nsaids-es","7":"product_tag-drug-es","8":"product_tag-etc-es","10":"first","11":"instock","12":"shipping-taxable","13":"product-type-simple"},"acf":{"product_detail":[{"name":"Forma farmac\u00e9utica","value":"Tableta  "},{"name":"Indicaciones","value":"El Nisitanol est\u00e1 indicado en los siguientes casos:\nTratamiento del dolor moderado debido a muchas causas, como: Dolor reum\u00e1tico, dolor de muelas, dolor postoperatorio, dolor cr\u00f3nico."},{"name":"Composici\u00f3n","value":"Nisitanol 20 mg"}],"instructions_for_use":""},"_links":{"self":[{"href":"https:\/\/vinphaco.net\/es\/wp-json\/wp\/v2\/product\/13634","targetHints":{"allow":["GET"]}}],"collection":[{"href":"https:\/\/vinphaco.net\/es\/wp-json\/wp\/v2\/product"}],"about":[{"href":"https:\/\/vinphaco.net\/es\/wp-json\/wp\/v2\/types\/product"}],"wp:featuredmedia":[{"embeddable":true,"href":"https:\/\/vinphaco.net\/es\/wp-json\/wp\/v2\/media\/11300"}],"wp:attachment":[{"href":"https:\/\/vinphaco.net\/es\/wp-json\/wp\/v2\/media?parent=13634"}],"wp:term":[{"taxonomy":"product_brand","embeddable":true,"href":"https:\/\/vinphaco.net\/es\/wp-json\/wp\/v2\/product_brand?post=13634"},{"taxonomy":"product_cat","embeddable":true,"href":"https:\/\/vinphaco.net\/es\/wp-json\/wp\/v2\/product_cat?post=13634"},{"taxonomy":"product_tag","embeddable":true,"href":"https:\/\/vinphaco.net\/es\/wp-json\/wp\/v2\/product_tag?post=13634"}],"curies":[{"name":"wp","href":"https:\/\/api.w.org\/{rel}","templated":true}]}}