{"id":13666,"date":"2025-08-21T09:29:41","date_gmt":"2025-08-21T02:29:41","guid":{"rendered":"https:\/\/vinphaco.net\/product\/paparin\/"},"modified":"2025-10-02T11:41:00","modified_gmt":"2025-10-02T04:41:00","slug":"paparin","status":"publish","type":"product","link":"https:\/\/vinphaco.net\/es\/producto\/paparin\/","title":{"rendered":"PAPAR\u00cdN"},"content":{"rendered":"","protected":false},"excerpt":{"rendered":"<p>La papaverina es un vasodilatador que relaja los m\u00fasculos lisos de los vasos sangu\u00edneos para ayudarlos a dilatarse (ensancharse).<\/p>\n","protected":false},"featured_media":11396,"template":"","meta":{"_acf_changed":false},"product_brand":[],"product_cat":[476],"product_tag":[365,366],"class_list":{"0":"post-13666","1":"product","2":"type-product","3":"status-publish","4":"has-post-thumbnail","6":"product_cat-etc-emergencia-e-ictus","7":"product_tag-drug-es","8":"product_tag-etc-es","10":"first","11":"instock","12":"shipping-taxable","13":"product-type-simple"},"acf":{"product_detail":[{"name":"Forma farmac\u00e9utica","value":"Soluci\u00f3n inyectable"},{"name":"Indicaciones","value":"La papaverina se utiliza para tratar muchas afecciones que provocan espasmos del m\u00fasculo liso. Esto incluye dolor tor\u00e1cico, problemas circulatorios, infarto de miocardio o trastornos del est\u00f3mago o la ves\u00edcula biliar. "},{"name":"Composici\u00f3n","value":"Hidrocloruro de papaverina 40mg\/2ml"}],"instructions_for_use":""},"_links":{"self":[{"href":"https:\/\/vinphaco.net\/es\/wp-json\/wp\/v2\/product\/13666","targetHints":{"allow":["GET"]}}],"collection":[{"href":"https:\/\/vinphaco.net\/es\/wp-json\/wp\/v2\/product"}],"about":[{"href":"https:\/\/vinphaco.net\/es\/wp-json\/wp\/v2\/types\/product"}],"wp:featuredmedia":[{"embeddable":true,"href":"https:\/\/vinphaco.net\/es\/wp-json\/wp\/v2\/media\/11396"}],"wp:attachment":[{"href":"https:\/\/vinphaco.net\/es\/wp-json\/wp\/v2\/media?parent=13666"}],"wp:term":[{"taxonomy":"product_brand","embeddable":true,"href":"https:\/\/vinphaco.net\/es\/wp-json\/wp\/v2\/product_brand?post=13666"},{"taxonomy":"product_cat","embeddable":true,"href":"https:\/\/vinphaco.net\/es\/wp-json\/wp\/v2\/product_cat?post=13666"},{"taxonomy":"product_tag","embeddable":true,"href":"https:\/\/vinphaco.net\/es\/wp-json\/wp\/v2\/product_tag?post=13666"}],"curies":[{"name":"wp","href":"https:\/\/api.w.org\/{rel}","templated":true}]}}