{"id":13669,"date":"2025-08-21T09:29:40","date_gmt":"2025-08-21T02:29:40","guid":{"rendered":"https:\/\/vinphaco.net\/product\/fenidel\/"},"modified":"2025-10-02T11:40:00","modified_gmt":"2025-10-02T04:40:00","slug":"fenidel","status":"publish","type":"product","link":"https:\/\/vinphaco.net\/es\/producto\/fenidel\/","title":{"rendered":"FENIDEL"},"content":{"rendered":"","protected":false},"excerpt":{"rendered":"<p>FENIDEL 20 mg\/1 ml soluci\u00f3n inyectable en ampollas se utiliza como tratamiento a corto plazo para aliviar ciertos s\u00edntomas durante episodios de artritis reumatoide y espondiloartritis anquilosante (afecciones reum\u00e1ticas de la columna vertebral), como hinchaz\u00f3n, rigidez y dolor articular.n<\/p>\n","protected":false},"featured_media":6927,"template":"","meta":{"_acf_changed":false},"product_brand":[],"product_cat":[364],"product_tag":[365,366],"class_list":{"0":"post-13669","1":"product","2":"type-product","3":"status-publish","4":"has-post-thumbnail","6":"product_cat-etc-corticosterioids-nsaids-es","7":"product_tag-drug-es","8":"product_tag-etc-es","10":"first","11":"instock","12":"shipping-taxable","13":"product-type-simple"},"acf":{"product_detail":[{"name":"Forma farmac\u00e9utica","value":"Soluci\u00f3n inyectable"},{"name":"Indicaciones","value":"El piroxicam est\u00e1 indicado para aliviar ciertos s\u00edntomas durante episodios de artritis reumatoide y espondiloartritis anquilosante (afecciones reum\u00e1ticas de la columna vertebral), como hinchaz\u00f3n, rigidez y dolor articular.\n"},{"name":"Composici\u00f3n","value":"Piroxicam 20mg\/1ml"}],"instructions_for_use":""},"_links":{"self":[{"href":"https:\/\/vinphaco.net\/es\/wp-json\/wp\/v2\/product\/13669","targetHints":{"allow":["GET"]}}],"collection":[{"href":"https:\/\/vinphaco.net\/es\/wp-json\/wp\/v2\/product"}],"about":[{"href":"https:\/\/vinphaco.net\/es\/wp-json\/wp\/v2\/types\/product"}],"wp:featuredmedia":[{"embeddable":true,"href":"https:\/\/vinphaco.net\/es\/wp-json\/wp\/v2\/media\/6927"}],"wp:attachment":[{"href":"https:\/\/vinphaco.net\/es\/wp-json\/wp\/v2\/media?parent=13669"}],"wp:term":[{"taxonomy":"product_brand","embeddable":true,"href":"https:\/\/vinphaco.net\/es\/wp-json\/wp\/v2\/product_brand?post=13669"},{"taxonomy":"product_cat","embeddable":true,"href":"https:\/\/vinphaco.net\/es\/wp-json\/wp\/v2\/product_cat?post=13669"},{"taxonomy":"product_tag","embeddable":true,"href":"https:\/\/vinphaco.net\/es\/wp-json\/wp\/v2\/product_tag?post=13669"}],"curies":[{"name":"wp","href":"https:\/\/api.w.org\/{rel}","templated":true}]}}