{"id":13692,"date":"2025-08-21T09:29:39","date_gmt":"2025-08-21T02:29:39","guid":{"rendered":"https:\/\/vinphaco.net\/product\/degas\/"},"modified":"2025-10-02T11:39:50","modified_gmt":"2025-10-02T04:39:50","slug":"degas","status":"publish","type":"product","link":"https:\/\/vinphaco.net\/es\/producto\/degas\/","title":{"rendered":"DEGAS"},"content":{"rendered":"","protected":false},"excerpt":{"rendered":"<p>Degas se utiliza para prevenir las n\u00e1useas y los v\u00f3mitos en la quimioterapia contra el c\u00e1ncer, y para prevenir las n\u00e1useas o los v\u00f3mitos despu\u00e9s de una intervenci\u00f3n quir\u00fargica.<\/p>\n","protected":false},"featured_media":10789,"template":"","meta":{"_acf_changed":false},"product_brand":[],"product_cat":[406],"product_tag":[365,366],"class_list":{"0":"post-13692","1":"product","2":"type-product","3":"status-publish","4":"has-post-thumbnail","6":"product_cat-etc-gastroenterologia-es","7":"product_tag-drug-es","8":"product_tag-etc-es","10":"first","11":"instock","12":"shipping-taxable","13":"product-type-simple"},"acf":{"product_detail":[{"name":"Forma farmac\u00e9utica","value":"Soluci\u00f3n inyectable"},{"name":"Indicaciones","value":"Indicaciones:\n- N\u00e1useas y v\u00f3mitos debidos a la quimioterapia y la radioterapia.\n- Prevenci\u00f3n de las n\u00e1useas y v\u00f3mitos postoperatorios.\n- Tratamiento de las n\u00e1useas y v\u00f3mitos postoperatorios."},{"name":"Composici\u00f3n","value":"Ondansetr\u00f3n ( ondansetr\u00f3n hidrocloruro) 8mg\/4ml"}],"instructions_for_use":""},"_links":{"self":[{"href":"https:\/\/vinphaco.net\/es\/wp-json\/wp\/v2\/product\/13692","targetHints":{"allow":["GET"]}}],"collection":[{"href":"https:\/\/vinphaco.net\/es\/wp-json\/wp\/v2\/product"}],"about":[{"href":"https:\/\/vinphaco.net\/es\/wp-json\/wp\/v2\/types\/product"}],"wp:featuredmedia":[{"embeddable":true,"href":"https:\/\/vinphaco.net\/es\/wp-json\/wp\/v2\/media\/10789"}],"wp:attachment":[{"href":"https:\/\/vinphaco.net\/es\/wp-json\/wp\/v2\/media?parent=13692"}],"wp:term":[{"taxonomy":"product_brand","embeddable":true,"href":"https:\/\/vinphaco.net\/es\/wp-json\/wp\/v2\/product_brand?post=13692"},{"taxonomy":"product_cat","embeddable":true,"href":"https:\/\/vinphaco.net\/es\/wp-json\/wp\/v2\/product_cat?post=13692"},{"taxonomy":"product_tag","embeddable":true,"href":"https:\/\/vinphaco.net\/es\/wp-json\/wp\/v2\/product_tag?post=13692"}],"curies":[{"name":"wp","href":"https:\/\/api.w.org\/{rel}","templated":true}]}}