{"id":13695,"date":"2025-08-21T09:29:39","date_gmt":"2025-08-21T02:29:39","guid":{"rendered":"https:\/\/vinphaco.net\/product\/octreotid\/"},"modified":"2025-10-02T11:39:41","modified_gmt":"2025-10-02T04:39:41","slug":"octreotid","status":"publish","type":"product","link":"https:\/\/vinphaco.net\/es\/producto\/octreotid\/","title":{"rendered":"OCTREOTID"},"content":{"rendered":"","protected":false},"excerpt":{"rendered":"<p>La octreotida 0,1 mg\/ml se utiliza para tratar la diarrea grave y algunas otras afecciones.<\/p>\n","protected":false},"featured_media":7179,"template":"","meta":{"_acf_changed":false},"product_brand":[],"product_cat":[435],"product_tag":[365,366],"class_list":{"0":"post-13695","1":"product","2":"type-product","3":"status-publish","4":"has-post-thumbnail","6":"product_cat-etc-otros","7":"product_tag-drug-es","8":"product_tag-etc-es","10":"first","11":"instock","12":"shipping-taxable","13":"product-type-simple"},"acf":{"product_detail":[{"name":"Forma farmac\u00e9utica","value":"Soluci\u00f3n inyectable"},{"name":"Indicaciones","value":"La octreotida inyectable se utiliza para tratar la diarrea grave y otros s\u00edntomas que aparecen con ciertos tumores intestinales (p. ej., tumores de p\u00e9ptidos intestinales vasoactivos o VIPomas) o tumores carcinoides metast\u00e1sicos (tumores que ya se han extendido por el cuerpo)."},{"name":"Composici\u00f3n","value":"Octreotid (como acetato de Octreotid) 0,1mg\/1ml"}],"instructions_for_use":""},"_links":{"self":[{"href":"https:\/\/vinphaco.net\/es\/wp-json\/wp\/v2\/product\/13695","targetHints":{"allow":["GET"]}}],"collection":[{"href":"https:\/\/vinphaco.net\/es\/wp-json\/wp\/v2\/product"}],"about":[{"href":"https:\/\/vinphaco.net\/es\/wp-json\/wp\/v2\/types\/product"}],"wp:featuredmedia":[{"embeddable":true,"href":"https:\/\/vinphaco.net\/es\/wp-json\/wp\/v2\/media\/7179"}],"wp:attachment":[{"href":"https:\/\/vinphaco.net\/es\/wp-json\/wp\/v2\/media?parent=13695"}],"wp:term":[{"taxonomy":"product_brand","embeddable":true,"href":"https:\/\/vinphaco.net\/es\/wp-json\/wp\/v2\/product_brand?post=13695"},{"taxonomy":"product_cat","embeddable":true,"href":"https:\/\/vinphaco.net\/es\/wp-json\/wp\/v2\/product_cat?post=13695"},{"taxonomy":"product_tag","embeddable":true,"href":"https:\/\/vinphaco.net\/es\/wp-json\/wp\/v2\/product_tag?post=13695"}],"curies":[{"name":"wp","href":"https:\/\/api.w.org\/{rel}","templated":true}]}}