{"id":13717,"date":"2025-08-21T09:29:38","date_gmt":"2025-08-21T02:29:38","guid":{"rendered":"https:\/\/vinphaco.net\/product\/vincomid\/"},"modified":"2025-10-02T10:52:34","modified_gmt":"2025-10-02T03:52:34","slug":"vincomid","status":"publish","type":"product","link":"https:\/\/vinphaco.net\/es\/producto\/vincomid\/","title":{"rendered":"VINCOMID"},"content":{"rendered":"","protected":false},"excerpt":{"rendered":"<p>Vincomid 10mg\/2ml inyectable previene las n\u00e1useas y v\u00f3mitos postoperatorios e inducidos por radioterapia<\/p>\n","protected":false},"featured_media":10768,"template":"","meta":{"_acf_changed":false},"product_brand":[],"product_cat":[406],"product_tag":[365,366],"class_list":{"0":"post-13717","1":"product","2":"type-product","3":"status-publish","4":"has-post-thumbnail","6":"product_cat-etc-gastroenterologia-es","7":"product_tag-drug-es","8":"product_tag-etc-es","10":"first","11":"instock","12":"shipping-taxable","13":"product-type-simple"},"acf":{"product_detail":[{"name":"Forma farmac\u00e9utica","value":"Soluci\u00f3n inyectable"},{"name":"Indicaciones","value":"Indicaciones\nV\u00f3mitos\/N\u00e1useas, Reflujo gastroesof\u00e1gico, Trastornos de la motilidad gastrointestinal"},{"name":"Composici\u00f3n","value":"Metoclopramida HCl 10mg\/2ml"}],"instructions_for_use":""},"_links":{"self":[{"href":"https:\/\/vinphaco.net\/es\/wp-json\/wp\/v2\/product\/13717","targetHints":{"allow":["GET"]}}],"collection":[{"href":"https:\/\/vinphaco.net\/es\/wp-json\/wp\/v2\/product"}],"about":[{"href":"https:\/\/vinphaco.net\/es\/wp-json\/wp\/v2\/types\/product"}],"wp:featuredmedia":[{"embeddable":true,"href":"https:\/\/vinphaco.net\/es\/wp-json\/wp\/v2\/media\/10768"}],"wp:attachment":[{"href":"https:\/\/vinphaco.net\/es\/wp-json\/wp\/v2\/media?parent=13717"}],"wp:term":[{"taxonomy":"product_brand","embeddable":true,"href":"https:\/\/vinphaco.net\/es\/wp-json\/wp\/v2\/product_brand?post=13717"},{"taxonomy":"product_cat","embeddable":true,"href":"https:\/\/vinphaco.net\/es\/wp-json\/wp\/v2\/product_cat?post=13717"},{"taxonomy":"product_tag","embeddable":true,"href":"https:\/\/vinphaco.net\/es\/wp-json\/wp\/v2\/product_tag?post=13717"}],"curies":[{"name":"wp","href":"https:\/\/api.w.org\/{rel}","templated":true}]}}