{"id":13721,"date":"2025-08-21T09:29:38","date_gmt":"2025-08-21T02:29:38","guid":{"rendered":"https:\/\/vinphaco.net\/product\/levocina\/"},"modified":"2025-10-02T10:52:41","modified_gmt":"2025-10-02T03:52:41","slug":"levocina","status":"publish","type":"product","link":"https:\/\/vinphaco.net\/es\/producto\/levocina\/","title":{"rendered":"LEVOCINA"},"content":{"rendered":"","protected":false},"excerpt":{"rendered":"<p>Levocin es un medicamento indicado para la anestesia, el alivio del dolor, en cirug\u00eda para adultos, utilizado en el alivio del dolor agudo despu\u00e9s de la cirug\u00eda.<\/p>\n","protected":false},"featured_media":7666,"template":"","meta":{"_acf_changed":false},"product_brand":[],"product_cat":[375],"product_tag":[365,366],"class_list":{"0":"post-13721","1":"product","2":"type-product","3":"status-publish","4":"has-post-thumbnail","6":"product_cat-etc-anestesia-y-obstetricia","7":"product_tag-drug-es","8":"product_tag-etc-es","10":"first","11":"instock","12":"shipping-taxable","13":"product-type-simple"},"acf":{"product_detail":[{"name":"Forma farmac\u00e9utica","value":"Soluci\u00f3n inyectable"},{"name":"Indicaciones","value":"Anestesia; Alivio del dolor"},{"name":"Composici\u00f3n","value":"Levobupivaca\u00edna (clorhidrato de levobupivaca\u00edna) 50mg\/10ml"}],"instructions_for_use":""},"_links":{"self":[{"href":"https:\/\/vinphaco.net\/es\/wp-json\/wp\/v2\/product\/13721","targetHints":{"allow":["GET"]}}],"collection":[{"href":"https:\/\/vinphaco.net\/es\/wp-json\/wp\/v2\/product"}],"about":[{"href":"https:\/\/vinphaco.net\/es\/wp-json\/wp\/v2\/types\/product"}],"wp:featuredmedia":[{"embeddable":true,"href":"https:\/\/vinphaco.net\/es\/wp-json\/wp\/v2\/media\/7666"}],"wp:attachment":[{"href":"https:\/\/vinphaco.net\/es\/wp-json\/wp\/v2\/media?parent=13721"}],"wp:term":[{"taxonomy":"product_brand","embeddable":true,"href":"https:\/\/vinphaco.net\/es\/wp-json\/wp\/v2\/product_brand?post=13721"},{"taxonomy":"product_cat","embeddable":true,"href":"https:\/\/vinphaco.net\/es\/wp-json\/wp\/v2\/product_cat?post=13721"},{"taxonomy":"product_tag","embeddable":true,"href":"https:\/\/vinphaco.net\/es\/wp-json\/wp\/v2\/product_tag?post=13721"}],"curies":[{"name":"wp","href":"https:\/\/api.w.org\/{rel}","templated":true}]}}