{"id":13736,"date":"2025-08-21T09:29:38","date_gmt":"2025-08-21T02:29:38","guid":{"rendered":"https:\/\/vinphaco.net\/product\/vin-hepa-1g\/"},"modified":"2025-10-02T10:52:42","modified_gmt":"2025-10-02T03:52:42","slug":"vin-hepa-1g","status":"publish","type":"product","link":"https:\/\/vinphaco.net\/es\/producto\/vin-hepa-1g\/","title":{"rendered":"VIN-HEPA 1G"},"content":{"rendered":"","protected":false},"excerpt":{"rendered":"<p>Vin-Hepa 1000mg\/5ml se utiliza en el tratamiento de enfermedades hep\u00e1ticas (cirrosis, hepatitis aguda, hepatitis cr\u00f3nica, h\u00edgado graso,&#8230;)<\/p>\n","protected":false},"featured_media":12995,"template":"","meta":{"_acf_changed":false},"product_brand":[],"product_cat":[406],"product_tag":[365,366],"class_list":{"0":"post-13736","1":"product","2":"type-product","3":"status-publish","4":"has-post-thumbnail","6":"product_cat-etc-gastroenterologia-es","7":"product_tag-drug-es","8":"product_tag-etc-es","10":"first","11":"instock","12":"shipping-taxable","13":"product-type-simple"},"acf":{"product_detail":[{"name":"Forma farmac\u00e9utica","value":"Soluci\u00f3n inyectable"},{"name":"Indicaciones","value":"La L-ornitina L-aspartato est\u00e1 indicada para el tratamiento de la encefalopat\u00eda hep\u00e1tica, la insuficiencia hep\u00e1tica aguda, la hiperamonemia debida a la hepatitis aguda y cr\u00f3nica, el h\u00edgado graso, el da\u00f1o hep\u00e1tico alcoh\u00f3lico, el complemento de f\u00e1rmacos hepatot\u00f3xicos, la cirrosis hep\u00e1tica, la convalecencia posthepatitis, etc."},{"name":"Composici\u00f3n","value":"L - Ornitina L - Aspartato 1000mg\/5ml"}],"instructions_for_use":""},"_links":{"self":[{"href":"https:\/\/vinphaco.net\/es\/wp-json\/wp\/v2\/product\/13736","targetHints":{"allow":["GET"]}}],"collection":[{"href":"https:\/\/vinphaco.net\/es\/wp-json\/wp\/v2\/product"}],"about":[{"href":"https:\/\/vinphaco.net\/es\/wp-json\/wp\/v2\/types\/product"}],"wp:featuredmedia":[{"embeddable":true,"href":"https:\/\/vinphaco.net\/es\/wp-json\/wp\/v2\/media\/12995"}],"wp:attachment":[{"href":"https:\/\/vinphaco.net\/es\/wp-json\/wp\/v2\/media?parent=13736"}],"wp:term":[{"taxonomy":"product_brand","embeddable":true,"href":"https:\/\/vinphaco.net\/es\/wp-json\/wp\/v2\/product_brand?post=13736"},{"taxonomy":"product_cat","embeddable":true,"href":"https:\/\/vinphaco.net\/es\/wp-json\/wp\/v2\/product_cat?post=13736"},{"taxonomy":"product_tag","embeddable":true,"href":"https:\/\/vinphaco.net\/es\/wp-json\/wp\/v2\/product_tag?post=13736"}],"curies":[{"name":"wp","href":"https:\/\/api.w.org\/{rel}","templated":true}]}}