{"id":13743,"date":"2025-08-21T09:29:37","date_gmt":"2025-08-21T02:29:37","guid":{"rendered":"https:\/\/vinphaco.net\/product\/vinrolac-15mg\/"},"modified":"2025-10-02T10:52:10","modified_gmt":"2025-10-02T03:52:10","slug":"vinrolac-15mg","status":"publish","type":"product","link":"https:\/\/vinphaco.net\/es\/producto\/vinrolac-15mg\/","title":{"rendered":"VINROLAC 15MG"},"content":{"rendered":"","protected":false},"excerpt":{"rendered":"<p>Vinrolac 15mg\/ml es un medicamento utilizado para ayudar a aliviar r\u00e1pidamente el dolor moderado a intenso tras una intervenci\u00f3n quir\u00fargica.<\/p>\n","protected":false},"featured_media":7026,"template":"","meta":{"_acf_changed":false},"product_brand":[],"product_cat":[364],"product_tag":[365,366],"class_list":{"0":"post-13743","1":"product","2":"type-product","3":"status-publish","4":"has-post-thumbnail","6":"product_cat-etc-corticosterioids-nsaids-es","7":"product_tag-drug-es","8":"product_tag-etc-es","10":"first","11":"instock","12":"shipping-taxable","13":"product-type-simple"},"acf":{"product_detail":[{"name":"Forma farmac\u00e9utica","value":"Soluci\u00f3n inyectable"},{"name":"Indicaciones","value":"'- Tratamiento a corto plazo del dolor moderado a intenso tras una intervenci\u00f3n quir\u00fargica (como alternativa a los preparados opi\u00e1ceos).\n- Tratamiento t\u00f3pico de los s\u00edntomas de la conjuntivitis al\u00e9rgica estacional."},{"name":"Composici\u00f3n","value":"Ketorolaco trometamina 15mg\/1ml"}],"instructions_for_use":""},"_links":{"self":[{"href":"https:\/\/vinphaco.net\/es\/wp-json\/wp\/v2\/product\/13743","targetHints":{"allow":["GET"]}}],"collection":[{"href":"https:\/\/vinphaco.net\/es\/wp-json\/wp\/v2\/product"}],"about":[{"href":"https:\/\/vinphaco.net\/es\/wp-json\/wp\/v2\/types\/product"}],"wp:featuredmedia":[{"embeddable":true,"href":"https:\/\/vinphaco.net\/es\/wp-json\/wp\/v2\/media\/7026"}],"wp:attachment":[{"href":"https:\/\/vinphaco.net\/es\/wp-json\/wp\/v2\/media?parent=13743"}],"wp:term":[{"taxonomy":"product_brand","embeddable":true,"href":"https:\/\/vinphaco.net\/es\/wp-json\/wp\/v2\/product_brand?post=13743"},{"taxonomy":"product_cat","embeddable":true,"href":"https:\/\/vinphaco.net\/es\/wp-json\/wp\/v2\/product_cat?post=13743"},{"taxonomy":"product_tag","embeddable":true,"href":"https:\/\/vinphaco.net\/es\/wp-json\/wp\/v2\/product_tag?post=13743"}],"curies":[{"name":"wp","href":"https:\/\/api.w.org\/{rel}","templated":true}]}}