{"id":13758,"date":"2025-08-21T09:29:37","date_gmt":"2025-08-21T02:29:37","guid":{"rendered":"https:\/\/vinphaco.net\/product\/vinzix-40mg\/"},"modified":"2025-10-02T10:52:16","modified_gmt":"2025-10-02T03:52:16","slug":"vinzix-40mg","status":"publish","type":"product","link":"https:\/\/vinphaco.net\/es\/producto\/vinzix-40mg\/","title":{"rendered":"VINZIX 40MG"},"content":{"rendered":"","protected":false},"excerpt":{"rendered":"<p>Vinzix 40mg tiene como ingrediente principal la furosemida, utilizada para tratar el edema en la insuficiencia cardiaca congestiva, la enfermedad renal y la cirrosis, el edema agudo de pulm\u00f3n, la oliguria debida a insuficiencia renal aguda o cr\u00f3nica, la hipertensi\u00f3n.<\/p>\n","protected":false},"featured_media":10747,"template":"","meta":{"_acf_changed":false},"product_brand":[],"product_cat":[476],"product_tag":[365,366],"class_list":{"0":"post-13758","1":"product","2":"type-product","3":"status-publish","4":"has-post-thumbnail","6":"product_cat-etc-emergencia-e-ictus","7":"product_tag-drug-es","8":"product_tag-etc-es","10":"first","11":"instock","12":"shipping-taxable","13":"product-type-simple"},"acf":{"product_detail":[{"name":"Forma farmac\u00e9utica","value":"Soluci\u00f3n inyectable"},{"name":"Indicaciones","value":"Indicaciones:\n- Edema de origen card\u00edaco, hep\u00e1tico, renal u otros, edema pulmonar, edema cerebral, intoxicaci\u00f3n por embarazo.\n- Hipertensi\u00f3n leve y moderada.\n- A dosis altas en el tratamiento de la insuficiencia renal aguda o cr\u00f3nica y oliguria, intoxicaci\u00f3n por barbit\u00faricos."},{"name":"Composici\u00f3n","value":"Furosemida 40mg\/4ml"}],"instructions_for_use":""},"_links":{"self":[{"href":"https:\/\/vinphaco.net\/es\/wp-json\/wp\/v2\/product\/13758","targetHints":{"allow":["GET"]}}],"collection":[{"href":"https:\/\/vinphaco.net\/es\/wp-json\/wp\/v2\/product"}],"about":[{"href":"https:\/\/vinphaco.net\/es\/wp-json\/wp\/v2\/types\/product"}],"wp:featuredmedia":[{"embeddable":true,"href":"https:\/\/vinphaco.net\/es\/wp-json\/wp\/v2\/media\/10747"}],"wp:attachment":[{"href":"https:\/\/vinphaco.net\/es\/wp-json\/wp\/v2\/media?parent=13758"}],"wp:term":[{"taxonomy":"product_brand","embeddable":true,"href":"https:\/\/vinphaco.net\/es\/wp-json\/wp\/v2\/product_brand?post=13758"},{"taxonomy":"product_cat","embeddable":true,"href":"https:\/\/vinphaco.net\/es\/wp-json\/wp\/v2\/product_cat?post=13758"},{"taxonomy":"product_tag","embeddable":true,"href":"https:\/\/vinphaco.net\/es\/wp-json\/wp\/v2\/product_tag?post=13758"}],"curies":[{"name":"wp","href":"https:\/\/api.w.org\/{rel}","templated":true}]}}