{"id":13762,"date":"2025-08-21T09:29:37","date_gmt":"2025-08-21T02:29:37","guid":{"rendered":"https:\/\/vinphaco.net\/product\/dimedrol\/"},"modified":"2025-10-02T10:52:17","modified_gmt":"2025-10-02T03:52:17","slug":"dimedrol","status":"publish","type":"product","link":"https:\/\/vinphaco.net\/es\/producto\/dimedrol\/","title":{"rendered":"DIMEDROL"},"content":{"rendered":"","protected":false},"excerpt":{"rendered":"<p>La difenhidramina tiene efectos antihistam\u00ednicos H1, tiene efectos sedantes, antiem\u00e9ticos y antiespasm\u00f3dicos.<\/p>\n","protected":false},"featured_media":12984,"template":"","meta":{"_acf_changed":false},"product_brand":[],"product_cat":[435],"product_tag":[365,366],"class_list":{"0":"post-13762","1":"product","2":"type-product","3":"status-publish","4":"has-post-thumbnail","6":"product_cat-etc-otros","7":"product_tag-drug-es","8":"product_tag-etc-es","10":"first","11":"instock","12":"shipping-taxable","13":"product-type-simple"},"acf":{"product_detail":[{"name":"Forma farmac\u00e9utica","value":"Soluci\u00f3n inyectable"},{"name":"Indicaciones","value":"Indicaciones:\nEnfermedades al\u00e9rgicas.\nSe utiliza en el shock anafil\u00e1ctico como complemento de la adrenalina y otros f\u00e1rmacos antianafil\u00e1cticos."},{"name":"Composici\u00f3n","value":"Difenhidramina HCl 10mg\/ml"}],"instructions_for_use":""},"_links":{"self":[{"href":"https:\/\/vinphaco.net\/es\/wp-json\/wp\/v2\/product\/13762","targetHints":{"allow":["GET"]}}],"collection":[{"href":"https:\/\/vinphaco.net\/es\/wp-json\/wp\/v2\/product"}],"about":[{"href":"https:\/\/vinphaco.net\/es\/wp-json\/wp\/v2\/types\/product"}],"wp:featuredmedia":[{"embeddable":true,"href":"https:\/\/vinphaco.net\/es\/wp-json\/wp\/v2\/media\/12984"}],"wp:attachment":[{"href":"https:\/\/vinphaco.net\/es\/wp-json\/wp\/v2\/media?parent=13762"}],"wp:term":[{"taxonomy":"product_brand","embeddable":true,"href":"https:\/\/vinphaco.net\/es\/wp-json\/wp\/v2\/product_brand?post=13762"},{"taxonomy":"product_cat","embeddable":true,"href":"https:\/\/vinphaco.net\/es\/wp-json\/wp\/v2\/product_cat?post=13762"},{"taxonomy":"product_tag","embeddable":true,"href":"https:\/\/vinphaco.net\/es\/wp-json\/wp\/v2\/product_tag?post=13762"}],"curies":[{"name":"wp","href":"https:\/\/api.w.org\/{rel}","templated":true}]}}