{"id":13765,"date":"2025-08-21T09:29:37","date_gmt":"2025-08-21T02:29:37","guid":{"rendered":"https:\/\/vinphaco.net\/product\/cammic\/"},"modified":"2025-09-29T13:54:46","modified_gmt":"2025-09-29T06:54:46","slug":"cammic","status":"publish","type":"product","link":"https:\/\/vinphaco.net\/es\/producto\/cammic\/","title":{"rendered":"Cammic"},"content":{"rendered":"","protected":false},"excerpt":{"rendered":"<p>El \u00c1cido Tranex\u00e1mico est\u00e1 indicado para uso a corto plazo en caso de hemorragia o riesgo de hemorragia en personas con fibrin\u00f3lisis o fibrinogen\u00f3lisis aumentadas.  <\/p>\n","protected":false},"featured_media":12976,"template":"","meta":{"_acf_changed":false},"product_brand":[],"product_cat":[435],"product_tag":[365,366],"class_list":{"0":"post-13765","1":"product","2":"type-product","3":"status-publish","4":"has-post-thumbnail","6":"product_cat-etc-otros","7":"product_tag-drug-es","8":"product_tag-etc-es","10":"first","11":"instock","12":"shipping-taxable","13":"product-type-simple"},"acf":{"product_detail":[{"name":"Forma farmac\u00e9utica","value":"Tableta  "},{"name":"Indicaciones","value":"Fibrin\u00f3lisis local como la que se produce en las siguientes afecciones:\n1. Prostatectom\u00eda y cirug\u00eda de la vejiga, menorragia, epistaxis, conizaci\u00f3n del cuello uterino, hifema traum\u00e1tico\n2. Tratamiento de la extracci\u00f3n dental en hemof\u00edlicos. Tratamiento de la extracci\u00f3n dental en hemof\u00edlicos.\n3. Edema angioneur\u00f3tico hereditario."},{"name":"Composici\u00f3n","value":"\u00c1cido tranex\u00e1mico 500 mg"}],"instructions_for_use":""},"_links":{"self":[{"href":"https:\/\/vinphaco.net\/es\/wp-json\/wp\/v2\/product\/13765","targetHints":{"allow":["GET"]}}],"collection":[{"href":"https:\/\/vinphaco.net\/es\/wp-json\/wp\/v2\/product"}],"about":[{"href":"https:\/\/vinphaco.net\/es\/wp-json\/wp\/v2\/types\/product"}],"wp:featuredmedia":[{"embeddable":true,"href":"https:\/\/vinphaco.net\/es\/wp-json\/wp\/v2\/media\/12976"}],"wp:attachment":[{"href":"https:\/\/vinphaco.net\/es\/wp-json\/wp\/v2\/media?parent=13765"}],"wp:term":[{"taxonomy":"product_brand","embeddable":true,"href":"https:\/\/vinphaco.net\/es\/wp-json\/wp\/v2\/product_brand?post=13765"},{"taxonomy":"product_cat","embeddable":true,"href":"https:\/\/vinphaco.net\/es\/wp-json\/wp\/v2\/product_cat?post=13765"},{"taxonomy":"product_tag","embeddable":true,"href":"https:\/\/vinphaco.net\/es\/wp-json\/wp\/v2\/product_tag?post=13765"}],"curies":[{"name":"wp","href":"https:\/\/api.w.org\/{rel}","templated":true}]}}