{"id":13780,"date":"2025-08-21T09:29:36","date_gmt":"2025-08-21T02:29:36","guid":{"rendered":"https:\/\/vinphaco.net\/product\/vincolin\/"},"modified":"2025-10-02T10:51:53","modified_gmt":"2025-10-02T03:51:53","slug":"vincolin","status":"publish","type":"product","link":"https:\/\/vinphaco.net\/es\/producto\/vincolin\/","title":{"rendered":"VINCOLIN"},"content":{"rendered":"","protected":false},"excerpt":{"rendered":"<p>La citicolina es un medicamento protector de los nervios que se utiliza para diversos trastornos y lesiones cerebrales.<\/p>\n","protected":false},"featured_media":12968,"template":"","meta":{"_acf_changed":false},"product_brand":[],"product_cat":[613],"product_tag":[365,366],"class_list":{"0":"post-13780","1":"product","2":"type-product","3":"status-publish","4":"has-post-thumbnail","6":"product_cat-etc-neurologia-es","7":"product_tag-drug-es","8":"product_tag-etc-es","10":"first","11":"instock","12":"shipping-taxable","13":"product-type-simple"},"acf":{"product_detail":[{"name":"Forma farmac\u00e9utica","value":"Soluci\u00f3n inyectable"},{"name":"Indicaciones","value":"Se ha investigado la citicolina para el tratamiento de la depresi\u00f3n, la esquizofrenia, el ictus, la enfermedad de Parkinson, las lesiones cerebrales y los d\u00e9ficits cognitivos (es decir, demencia leve a moderada y enfermedad de Alzheimer, trastornos cerebrovasculares)"},{"name":"Composici\u00f3n","value":"Citicolina (Citicolina s\u00f3dica) 500mg\/2ml"}],"instructions_for_use":""},"_links":{"self":[{"href":"https:\/\/vinphaco.net\/es\/wp-json\/wp\/v2\/product\/13780","targetHints":{"allow":["GET"]}}],"collection":[{"href":"https:\/\/vinphaco.net\/es\/wp-json\/wp\/v2\/product"}],"about":[{"href":"https:\/\/vinphaco.net\/es\/wp-json\/wp\/v2\/types\/product"}],"wp:featuredmedia":[{"embeddable":true,"href":"https:\/\/vinphaco.net\/es\/wp-json\/wp\/v2\/media\/12968"}],"wp:attachment":[{"href":"https:\/\/vinphaco.net\/es\/wp-json\/wp\/v2\/media?parent=13780"}],"wp:term":[{"taxonomy":"product_brand","embeddable":true,"href":"https:\/\/vinphaco.net\/es\/wp-json\/wp\/v2\/product_brand?post=13780"},{"taxonomy":"product_cat","embeddable":true,"href":"https:\/\/vinphaco.net\/es\/wp-json\/wp\/v2\/product_cat?post=13780"},{"taxonomy":"product_tag","embeddable":true,"href":"https:\/\/vinphaco.net\/es\/wp-json\/wp\/v2\/product_tag?post=13780"}],"curies":[{"name":"wp","href":"https:\/\/api.w.org\/{rel}","templated":true}]}}