{"id":13784,"date":"2025-08-21T09:29:36","date_gmt":"2025-08-21T02:29:36","guid":{"rendered":"https:\/\/vinphaco.net\/product\/sulfato-de-atropina\/"},"modified":"2025-10-02T10:51:53","modified_gmt":"2025-10-02T03:51:53","slug":"sulfato-de-atropina","status":"publish","type":"product","link":"https:\/\/vinphaco.net\/es\/producto\/sulfato-de-atropina\/","title":{"rendered":"SULFATO DE ATROPINA"},"content":{"rendered":"","protected":false},"excerpt":{"rendered":"<p>La atropina es un antagonista competitivo de los receptores muscar\u00ednicos de la acetilcolina (f\u00e1rmaco antimuscar\u00ednico)<\/p>\n","protected":false},"featured_media":12960,"template":"","meta":{"_acf_changed":false},"product_brand":[],"product_cat":[435],"product_tag":[365,366],"class_list":{"0":"post-13784","1":"product","2":"type-product","3":"status-publish","4":"has-post-thumbnail","6":"product_cat-etc-otros","7":"product_tag-drug-es","8":"product_tag-etc-es","10":"first","11":"instock","12":"shipping-taxable","13":"product-type-simple"},"acf":{"product_detail":[{"name":"Forma farmac\u00e9utica","value":"Soluci\u00f3n inyectable"},{"name":"Indicaciones","value":"Indicaciones del sulfato de atropina: \n- Oftalmolog\u00eda \u2192 midriasis, cicloplej\u00eda, uve\u00edtis\n- Cardiolog\u00eda \u2192 bradicardia, bloqueo AV\n- Anestesia \u2192 premedicaci\u00f3n (\u2193 secreciones, reflejo vagal)\n- Toxicolog\u00eda \u2192 ant\u00eddoto para la intoxicaci\u00f3n por organofosforados y muscarina\n- GI\/Urinario \u2192 antiespasm\u00f3dico (c\u00f3licos, vejiga hiperactiva)"},{"name":"Composici\u00f3n","value":"Sulfato de atropina 0,25mg\/1ml"}],"instructions_for_use":""},"_links":{"self":[{"href":"https:\/\/vinphaco.net\/es\/wp-json\/wp\/v2\/product\/13784","targetHints":{"allow":["GET"]}}],"collection":[{"href":"https:\/\/vinphaco.net\/es\/wp-json\/wp\/v2\/product"}],"about":[{"href":"https:\/\/vinphaco.net\/es\/wp-json\/wp\/v2\/types\/product"}],"wp:featuredmedia":[{"embeddable":true,"href":"https:\/\/vinphaco.net\/es\/wp-json\/wp\/v2\/media\/12960"}],"wp:attachment":[{"href":"https:\/\/vinphaco.net\/es\/wp-json\/wp\/v2\/media?parent=13784"}],"wp:term":[{"taxonomy":"product_brand","embeddable":true,"href":"https:\/\/vinphaco.net\/es\/wp-json\/wp\/v2\/product_brand?post=13784"},{"taxonomy":"product_cat","embeddable":true,"href":"https:\/\/vinphaco.net\/es\/wp-json\/wp\/v2\/product_cat?post=13784"},{"taxonomy":"product_tag","embeddable":true,"href":"https:\/\/vinphaco.net\/es\/wp-json\/wp\/v2\/product_tag?post=13784"}],"curies":[{"name":"wp","href":"https:\/\/api.w.org\/{rel}","templated":true}]}}