{"id":13787,"date":"2025-08-21T09:29:36","date_gmt":"2025-08-21T02:29:36","guid":{"rendered":"https:\/\/vinphaco.net\/product\/vinfacina-500\/"},"modified":"2025-10-02T10:51:42","modified_gmt":"2025-10-02T03:51:42","slug":"vinfacina-500","status":"publish","type":"product","link":"https:\/\/vinphaco.net\/es\/producto\/vinfacina-500\/","title":{"rendered":"VINFACINA 500"},"content":{"rendered":"","protected":false},"excerpt":{"rendered":"<p>La amikacina pertenece al grupo de los antibi\u00f3ticos aminogluc\u00f3sidos, y es un antibi\u00f3tico indicado para el tratamiento de infecciones graves o severas.  <\/p>\n","protected":false},"featured_media":10725,"template":"","meta":{"_acf_changed":false},"product_brand":[],"product_cat":[404],"product_tag":[365,366],"class_list":{"0":"post-13787","1":"product","2":"type-product","3":"status-publish","4":"has-post-thumbnail","6":"product_cat-etc-antibioticos","7":"product_tag-drug-es","8":"product_tag-etc-es","10":"first","11":"instock","12":"shipping-taxable","13":"product-type-simple"},"acf":{"product_detail":[{"name":"Forma farmac\u00e9utica","value":"Soluci\u00f3n inyectable"},{"name":"Indicaciones","value":"La amikacina se utiliza en el tratamiento de: \n- Infecciones graves (por ejemplo: infecci\u00f3n del torrente sangu\u00edneo, infecci\u00f3n \u00f3sea, infecci\u00f3n de las v\u00edas respiratorias, endocarrditis) debidas a organismos gramnegativos\n- Fibrosis qu\u00edstica, exacerbaci\u00f3n pulmonar aguda, infecci\u00f3n por el complejo micobacterium avium, peste, etc."},{"name":"Composici\u00f3n","value":"Amikacina (sulfato de amikacina) 500mg\/2ml"}],"instructions_for_use":""},"_links":{"self":[{"href":"https:\/\/vinphaco.net\/es\/wp-json\/wp\/v2\/product\/13787","targetHints":{"allow":["GET"]}}],"collection":[{"href":"https:\/\/vinphaco.net\/es\/wp-json\/wp\/v2\/product"}],"about":[{"href":"https:\/\/vinphaco.net\/es\/wp-json\/wp\/v2\/types\/product"}],"wp:featuredmedia":[{"embeddable":true,"href":"https:\/\/vinphaco.net\/es\/wp-json\/wp\/v2\/media\/10725"}],"wp:attachment":[{"href":"https:\/\/vinphaco.net\/es\/wp-json\/wp\/v2\/media?parent=13787"}],"wp:term":[{"taxonomy":"product_brand","embeddable":true,"href":"https:\/\/vinphaco.net\/es\/wp-json\/wp\/v2\/product_brand?post=13787"},{"taxonomy":"product_cat","embeddable":true,"href":"https:\/\/vinphaco.net\/es\/wp-json\/wp\/v2\/product_cat?post=13787"},{"taxonomy":"product_tag","embeddable":true,"href":"https:\/\/vinphaco.net\/es\/wp-json\/wp\/v2\/product_tag?post=13787"}],"curies":[{"name":"wp","href":"https:\/\/api.w.org\/{rel}","templated":true}]}}