{"id":13806,"date":"2025-08-21T09:29:35","date_gmt":"2025-08-21T02:29:35","guid":{"rendered":"https:\/\/vinphaco.net\/product\/adrenalina-1mg-10ml\/"},"modified":"2025-10-02T10:50:43","modified_gmt":"2025-10-02T03:50:43","slug":"adrenalina-1mg-10ml","status":"publish","type":"product","link":"https:\/\/vinphaco.net\/es\/producto\/adrenalina-1mg-10ml\/","title":{"rendered":"ADRENALINA 1MG\/10ML"},"content":{"rendered":"","protected":false},"excerpt":{"rendered":"<p>La adrenalina (epinefrina) es un agente adren\u00e9rgico y estimulante card\u00edaco. Pertenece al grupo de compuestos endgeno\u00facidos conocidos como catecolaminas. Las acciones de la enpinefrina se asemejan a los efectos de la estimulaci\u00f3n de los nervios adren\u00e9rgicos    <\/p>\n","protected":false},"featured_media":7080,"template":"","meta":{"_acf_changed":false},"product_brand":[],"product_cat":[476],"product_tag":[365,366],"class_list":{"0":"post-13806","1":"product","2":"type-product","3":"status-publish","4":"has-post-thumbnail","6":"product_cat-etc-emergencia-e-ictus","7":"product_tag-drug-es","8":"product_tag-etc-es","10":"first","11":"instock","12":"shipping-taxable","13":"product-type-simple"},"acf":{"product_detail":[{"name":"Forma farmac\u00e9utica","value":"Soluci\u00f3n inyectable"},{"name":"Indicaciones","value":"La adrenalina est\u00e1 indicada en los siguientes casos:\n'- Anafilaxia\n- Ataque asm\u00e1tico agudo\n- As\u00edstole\/Paro sin pulso\n- Bradicardia sintom\u00e1tica\n- Crup"},{"name":"Composici\u00f3n","value":"Adrenalina 1mg\/10ml"}],"instructions_for_use":""},"_links":{"self":[{"href":"https:\/\/vinphaco.net\/es\/wp-json\/wp\/v2\/product\/13806","targetHints":{"allow":["GET"]}}],"collection":[{"href":"https:\/\/vinphaco.net\/es\/wp-json\/wp\/v2\/product"}],"about":[{"href":"https:\/\/vinphaco.net\/es\/wp-json\/wp\/v2\/types\/product"}],"wp:featuredmedia":[{"embeddable":true,"href":"https:\/\/vinphaco.net\/es\/wp-json\/wp\/v2\/media\/7080"}],"wp:attachment":[{"href":"https:\/\/vinphaco.net\/es\/wp-json\/wp\/v2\/media?parent=13806"}],"wp:term":[{"taxonomy":"product_brand","embeddable":true,"href":"https:\/\/vinphaco.net\/es\/wp-json\/wp\/v2\/product_brand?post=13806"},{"taxonomy":"product_cat","embeddable":true,"href":"https:\/\/vinphaco.net\/es\/wp-json\/wp\/v2\/product_cat?post=13806"},{"taxonomy":"product_tag","embeddable":true,"href":"https:\/\/vinphaco.net\/es\/wp-json\/wp\/v2\/product_tag?post=13806"}],"curies":[{"name":"wp","href":"https:\/\/api.w.org\/{rel}","templated":true}]}}