{"id":13809,"date":"2025-08-21T09:29:35","date_gmt":"2025-08-21T02:29:35","guid":{"rendered":"https:\/\/vinphaco.net\/product\/cammic-2\/"},"modified":"2025-10-02T10:50:45","modified_gmt":"2025-10-02T03:50:45","slug":"cammic-2","status":"publish","type":"product","link":"https:\/\/vinphaco.net\/es\/producto\/cammic-2\/","title":{"rendered":"CAMMIC"},"content":{"rendered":"","protected":false},"excerpt":{"rendered":"<p>El \u00e1cido tranex\u00e1mico es un f\u00e1rmaco antifibrinol\u00edtico que previene las hemorragias excesivas por traumatismos, cirug\u00eda, menstruaci\u00f3n y otras causas<\/p>\n","protected":false},"featured_media":7844,"template":"","meta":{"_acf_changed":false},"product_brand":[],"product_cat":[435],"product_tag":[365,366],"class_list":{"0":"post-13809","1":"product","2":"type-product","3":"status-publish","4":"has-post-thumbnail","6":"product_cat-etc-otros","7":"product_tag-drug-es","8":"product_tag-etc-es","10":"first","11":"instock","12":"shipping-taxable","13":"product-type-simple"},"acf":{"product_detail":[{"name":"Forma farmac\u00e9utica","value":"Soluci\u00f3n inyectable"},{"name":"Indicaciones","value":"Prevenci\u00f3n y tratamiento de las hemorragias por fibrin\u00f3lisis general o local en adultos y ni\u00f1os a partir de un a\u00f1o, incluyendo: \n\n- Menorragia y metrorragia, Hemorragia gastrointestinal, Trastornos urinarios hemorr\u00e1gicos,\n- Cirug\u00eda: Otorrinolaringol\u00f3gica, Ginecol\u00f3gica, Intervenci\u00f3n quir\u00fargica mayor  "},{"name":"Composici\u00f3n","value":"\u00c1cido tranex\u00e1mico 500mg\/5ml"}],"instructions_for_use":""},"_links":{"self":[{"href":"https:\/\/vinphaco.net\/es\/wp-json\/wp\/v2\/product\/13809","targetHints":{"allow":["GET"]}}],"collection":[{"href":"https:\/\/vinphaco.net\/es\/wp-json\/wp\/v2\/product"}],"about":[{"href":"https:\/\/vinphaco.net\/es\/wp-json\/wp\/v2\/types\/product"}],"wp:featuredmedia":[{"embeddable":true,"href":"https:\/\/vinphaco.net\/es\/wp-json\/wp\/v2\/media\/7844"}],"wp:attachment":[{"href":"https:\/\/vinphaco.net\/es\/wp-json\/wp\/v2\/media?parent=13809"}],"wp:term":[{"taxonomy":"product_brand","embeddable":true,"href":"https:\/\/vinphaco.net\/es\/wp-json\/wp\/v2\/product_brand?post=13809"},{"taxonomy":"product_cat","embeddable":true,"href":"https:\/\/vinphaco.net\/es\/wp-json\/wp\/v2\/product_cat?post=13809"},{"taxonomy":"product_tag","embeddable":true,"href":"https:\/\/vinphaco.net\/es\/wp-json\/wp\/v2\/product_tag?post=13809"}],"curies":[{"name":"wp","href":"https:\/\/api.w.org\/{rel}","templated":true}]}}