{"id":13814,"date":"2025-08-21T09:29:35","date_gmt":"2025-08-21T02:29:35","guid":{"rendered":"https:\/\/vinphaco.net\/product\/omevin\/"},"modified":"2025-10-02T10:50:48","modified_gmt":"2025-10-02T03:50:48","slug":"omevin","status":"publish","type":"product","link":"https:\/\/vinphaco.net\/es\/producto\/omevin\/","title":{"rendered":"OMEVIN"},"content":{"rendered":"","protected":false},"excerpt":{"rendered":"<p>El omeprazol es una de las cuatro sustancias acreditadas del grupo de los IBP (inhibidores de la bomba de protones) para el tratamiento de la enfermedad por reflujo gastroesof\u00e1gico (ERGE) o la reducci\u00f3n del riesgo de resangrado de las \u00falceras g\u00e1stricas o duodenales<\/p>\n","protected":false},"featured_media":10667,"template":"","meta":{"_acf_changed":false},"product_brand":[],"product_cat":[406],"product_tag":[365,366],"class_list":{"0":"post-13814","1":"product","2":"type-product","3":"status-publish","4":"has-post-thumbnail","6":"product_cat-etc-gastroenterologia-es","7":"product_tag-drug-es","8":"product_tag-etc-es","10":"first","11":"instock","12":"shipping-taxable","13":"product-type-simple"},"acf":{"product_detail":[{"name":"Forma farmac\u00e9utica","value":"Polvo liofilizado para inyecci\u00f3n"},{"name":"Indicaciones","value":"El omeprazol s\u00f3dico inyectable es un IBP indicado para:\n\n- Tratamiento a corto plazo de la enfermedad por reflujo gastroesof\u00e1gico (ERGE) con esofagitis erosiva (EE) \n- Reducci\u00f3n del riesgo de resangrado de \u00falceras g\u00e1stricas o duodenales tras una endoscopia terap\u00e9utica para \u00falceras g\u00e1stricas o duodenales agudas sangrantes en adultos."},{"name":"Composici\u00f3n","value":"Omeprazol (Omeprazol S\u00f3dico) 40mg Disolvente: Agua para inyecci\u00f3n 10ml"}],"instructions_for_use":""},"_links":{"self":[{"href":"https:\/\/vinphaco.net\/es\/wp-json\/wp\/v2\/product\/13814","targetHints":{"allow":["GET"]}}],"collection":[{"href":"https:\/\/vinphaco.net\/es\/wp-json\/wp\/v2\/product"}],"about":[{"href":"https:\/\/vinphaco.net\/es\/wp-json\/wp\/v2\/types\/product"}],"wp:featuredmedia":[{"embeddable":true,"href":"https:\/\/vinphaco.net\/es\/wp-json\/wp\/v2\/media\/10667"}],"wp:attachment":[{"href":"https:\/\/vinphaco.net\/es\/wp-json\/wp\/v2\/media?parent=13814"}],"wp:term":[{"taxonomy":"product_brand","embeddable":true,"href":"https:\/\/vinphaco.net\/es\/wp-json\/wp\/v2\/product_brand?post=13814"},{"taxonomy":"product_cat","embeddable":true,"href":"https:\/\/vinphaco.net\/es\/wp-json\/wp\/v2\/product_cat?post=13814"},{"taxonomy":"product_tag","embeddable":true,"href":"https:\/\/vinphaco.net\/es\/wp-json\/wp\/v2\/product_tag?post=13814"}],"curies":[{"name":"wp","href":"https:\/\/api.w.org\/{rel}","templated":true}]}}