{"id":13832,"date":"2025-08-21T09:29:35","date_gmt":"2025-08-21T02:29:35","guid":{"rendered":"https:\/\/vinphaco.net\/product\/vinsolon-500\/"},"modified":"2025-10-02T10:51:34","modified_gmt":"2025-10-02T03:51:34","slug":"vinsolon-500","status":"publish","type":"product","link":"https:\/\/vinphaco.net\/es\/producto\/vinsolon-500\/","title":{"rendered":"VINSOLON 500"},"content":{"rendered":"","protected":false},"excerpt":{"rendered":"<p>Vinsolon 500 es un glucocorticoide antiinflamatorio que contiene metil prednisolona como principio activo.<\/p>\n","protected":false},"featured_media":12939,"template":"","meta":{"_acf_changed":false},"product_brand":[],"product_cat":[364],"product_tag":[365,366],"class_list":{"0":"post-13832","1":"product","2":"type-product","3":"status-publish","4":"has-post-thumbnail","6":"product_cat-etc-corticosterioids-nsaids-es","7":"product_tag-drug-es","8":"product_tag-etc-es","10":"first","11":"instock","12":"shipping-taxable","13":"product-type-simple"},"acf":{"product_detail":[{"name":"Forma farmac\u00e9utica","value":"Polvo liofilizado para inyecci\u00f3n"},{"name":"Indicaciones","value":"El succinato s\u00f3dico de metilprednisolona est\u00e1 indicado en las siguientes afecciones:\nTrastornos endocrinos, Trastornos reum\u00e1ticos, Enfermedades gastrointestinales, Enfermedades respiratorias, Trastornos hematol\u00f3gicos, Enfermedades dermatol\u00f3gicas, etc."},{"name":"Composici\u00f3n","value":"Metil prednisolona (Succinato s\u00f3dico de metil prednisolona) 500mg\n Disolvente: Alcol benc\u00edlico 72mg, agua para inyecci\u00f3n c.s.p. 8mg"}],"instructions_for_use":""},"_links":{"self":[{"href":"https:\/\/vinphaco.net\/es\/wp-json\/wp\/v2\/product\/13832","targetHints":{"allow":["GET"]}}],"collection":[{"href":"https:\/\/vinphaco.net\/es\/wp-json\/wp\/v2\/product"}],"about":[{"href":"https:\/\/vinphaco.net\/es\/wp-json\/wp\/v2\/types\/product"}],"wp:featuredmedia":[{"embeddable":true,"href":"https:\/\/vinphaco.net\/es\/wp-json\/wp\/v2\/media\/12939"}],"wp:attachment":[{"href":"https:\/\/vinphaco.net\/es\/wp-json\/wp\/v2\/media?parent=13832"}],"wp:term":[{"taxonomy":"product_brand","embeddable":true,"href":"https:\/\/vinphaco.net\/es\/wp-json\/wp\/v2\/product_brand?post=13832"},{"taxonomy":"product_cat","embeddable":true,"href":"https:\/\/vinphaco.net\/es\/wp-json\/wp\/v2\/product_cat?post=13832"},{"taxonomy":"product_tag","embeddable":true,"href":"https:\/\/vinphaco.net\/es\/wp-json\/wp\/v2\/product_tag?post=13832"}],"curies":[{"name":"wp","href":"https:\/\/api.w.org\/{rel}","templated":true}]}}