{"id":13835,"date":"2025-08-21T09:29:34","date_gmt":"2025-08-21T02:29:34","guid":{"rendered":"https:\/\/vinphaco.net\/product\/vinphason\/"},"modified":"2025-10-02T10:50:36","modified_gmt":"2025-10-02T03:50:36","slug":"vinphason","status":"publish","type":"product","link":"https:\/\/vinphaco.net\/es\/producto\/vinphason\/","title":{"rendered":"VINPHASON"},"content":{"rendered":"","protected":false},"excerpt":{"rendered":"<p>El Vinphason es un glucocorticoide antiinflamatorio que contiene succinato s\u00f3dico de hidrocortisona como principio activo.<\/p>\n","protected":false},"featured_media":10646,"template":"","meta":{"_acf_changed":false},"product_brand":[],"product_cat":[364],"product_tag":[365,366],"class_list":{"0":"post-13835","1":"product","2":"type-product","3":"status-publish","4":"has-post-thumbnail","6":"product_cat-etc-corticosterioids-nsaids-es","7":"product_tag-drug-es","8":"product_tag-etc-es","10":"first","11":"instock","12":"shipping-taxable","13":"product-type-simple"},"acf":{"product_detail":[{"name":"Forma farmac\u00e9utica","value":"Polvo liofilizado para inyecci\u00f3n"},{"name":"Indicaciones","value":"El hidrocortison est\u00e1 indicado en Estados al\u00e9rgicos, Enfermedades dermatol\u00f3gicas, Trastornos endocrinos, Enfermedades gastrointestinales, Trastornos hematol\u00f3gicos, Trastornos reum\u00e1ticos, etc."},{"name":"Composici\u00f3n","value":"Hidrocortison ( Hidrocortison Natri succinat) 100 mg"}],"instructions_for_use":""},"_links":{"self":[{"href":"https:\/\/vinphaco.net\/es\/wp-json\/wp\/v2\/product\/13835","targetHints":{"allow":["GET"]}}],"collection":[{"href":"https:\/\/vinphaco.net\/es\/wp-json\/wp\/v2\/product"}],"about":[{"href":"https:\/\/vinphaco.net\/es\/wp-json\/wp\/v2\/types\/product"}],"wp:featuredmedia":[{"embeddable":true,"href":"https:\/\/vinphaco.net\/es\/wp-json\/wp\/v2\/media\/10646"}],"wp:attachment":[{"href":"https:\/\/vinphaco.net\/es\/wp-json\/wp\/v2\/media?parent=13835"}],"wp:term":[{"taxonomy":"product_brand","embeddable":true,"href":"https:\/\/vinphaco.net\/es\/wp-json\/wp\/v2\/product_brand?post=13835"},{"taxonomy":"product_cat","embeddable":true,"href":"https:\/\/vinphaco.net\/es\/wp-json\/wp\/v2\/product_cat?post=13835"},{"taxonomy":"product_tag","embeddable":true,"href":"https:\/\/vinphaco.net\/es\/wp-json\/wp\/v2\/product_tag?post=13835"}],"curies":[{"name":"wp","href":"https:\/\/api.w.org\/{rel}","templated":true}]}}