{"id":13849,"date":"2025-08-21T09:29:34","date_gmt":"2025-08-21T02:29:34","guid":{"rendered":"https:\/\/vinphaco.net\/product\/vinxio\/"},"modified":"2025-09-29T16:27:59","modified_gmt":"2025-09-29T09:27:59","slug":"vinxio","status":"publish","type":"product","link":"https:\/\/vinphaco.net\/es\/producto\/vinxio\/","title":{"rendered":"VINXIO"},"content":{"rendered":"","protected":false},"excerpt":{"rendered":"<p>El esomeprazol es una de las cuatro sustancias acreditadas del grupo de los IBP (inhibidores de la bomba de protones) para el tratamiento de la enfermedad por reflujo gastroesof\u00e1gico (ERGE) o la reducci\u00f3n del riesgo de resangrado de las \u00falceras g\u00e1stricas o duodenales<\/p>\n","protected":false},"featured_media":10625,"template":"","meta":{"_acf_changed":false},"product_brand":[],"product_cat":[406],"product_tag":[365,366],"class_list":{"0":"post-13849","1":"product","2":"type-product","3":"status-publish","4":"has-post-thumbnail","6":"product_cat-etc-gastroenterologia-es","7":"product_tag-drug-es","8":"product_tag-etc-es","10":"first","11":"instock","12":"shipping-taxable","13":"product-type-simple"},"acf":{"product_detail":[{"name":"Forma farmac\u00e9utica","value":"Polvo liofilizado para inyecci\u00f3n"},{"name":"Indicaciones","value":"El esomeprazol s\u00f3dico inyectable es un IBP indicado para:\n\n- Tratamiento a corto plazo de la enfermedad por reflujo gastroesof\u00e1gico (ERGE) con esofagitis erosiva (EE) \n- Reducci\u00f3n del riesgo de resangrado de \u00falceras g\u00e1stricas o duodenales tras una endoscopia terap\u00e9utica para \u00falceras g\u00e1stricas o duodenales agudas sangrantes en adultos."},{"name":"Composici\u00f3n","value":"Esomeprazol 40mg (Esomeprazol s\u00f3dico) Disolvente: Cloruro s\u00f3dico 45mg, agua para inyecci\u00f3n c.s.p. 5ml"}],"instructions_for_use":""},"_links":{"self":[{"href":"https:\/\/vinphaco.net\/es\/wp-json\/wp\/v2\/product\/13849","targetHints":{"allow":["GET"]}}],"collection":[{"href":"https:\/\/vinphaco.net\/es\/wp-json\/wp\/v2\/product"}],"about":[{"href":"https:\/\/vinphaco.net\/es\/wp-json\/wp\/v2\/types\/product"}],"wp:featuredmedia":[{"embeddable":true,"href":"https:\/\/vinphaco.net\/es\/wp-json\/wp\/v2\/media\/10625"}],"wp:attachment":[{"href":"https:\/\/vinphaco.net\/es\/wp-json\/wp\/v2\/media?parent=13849"}],"wp:term":[{"taxonomy":"product_brand","embeddable":true,"href":"https:\/\/vinphaco.net\/es\/wp-json\/wp\/v2\/product_brand?post=13849"},{"taxonomy":"product_cat","embeddable":true,"href":"https:\/\/vinphaco.net\/es\/wp-json\/wp\/v2\/product_cat?post=13849"},{"taxonomy":"product_tag","embeddable":true,"href":"https:\/\/vinphaco.net\/es\/wp-json\/wp\/v2\/product_tag?post=13849"}],"curies":[{"name":"wp","href":"https:\/\/api.w.org\/{rel}","templated":true}]}}