{"id":13873,"date":"2025-08-21T09:29:46","date_gmt":"2025-08-21T02:29:46","guid":{"rendered":"https:\/\/vinphaco.net\/product\/vinocam\/"},"modified":"2025-10-08T09:39:08","modified_gmt":"2025-10-08T02:39:08","slug":"vinocam","status":"publish","type":"product","link":"https:\/\/vinphaco.net\/es\/producto\/vinocam\/","title":{"rendered":"VINOCAM"},"content":{"rendered":"","protected":false},"excerpt":{"rendered":"<p>El tenoxicam es un analg\u00e9sico antiinflamatorio que se utiliza para tratar el dolor de leve a moderado, as\u00ed como los signos y s\u00edntomas de la artritis reumatoide y la artrosis<\/p>\n","protected":false},"featured_media":11516,"template":"","meta":{"_acf_changed":false},"product_brand":[],"product_cat":[364],"product_tag":[365,366],"class_list":{"0":"post-13873","1":"product","2":"type-product","3":"status-publish","4":"has-post-thumbnail","6":"product_cat-etc-corticosterioids-nsaids-es","7":"product_tag-drug-es","8":"product_tag-etc-es","10":"first","11":"instock","12":"shipping-taxable","13":"product-type-simple"},"acf":{"product_detail":[{"name":"Forma farmac\u00e9utica","value":"Polvo liofilizado para inyecci\u00f3n"},{"name":"Indicaciones","value":""},{"name":"Composici\u00f3n","value":"Tenoxicam 20mgDisolvente: Agua para inyecci\u00f3n c.s.p. 5ml"}],"instructions_for_use":""},"_links":{"self":[{"href":"https:\/\/vinphaco.net\/es\/wp-json\/wp\/v2\/product\/13873","targetHints":{"allow":["GET"]}}],"collection":[{"href":"https:\/\/vinphaco.net\/es\/wp-json\/wp\/v2\/product"}],"about":[{"href":"https:\/\/vinphaco.net\/es\/wp-json\/wp\/v2\/types\/product"}],"wp:featuredmedia":[{"embeddable":true,"href":"https:\/\/vinphaco.net\/es\/wp-json\/wp\/v2\/media\/11516"}],"wp:attachment":[{"href":"https:\/\/vinphaco.net\/es\/wp-json\/wp\/v2\/media?parent=13873"}],"wp:term":[{"taxonomy":"product_brand","embeddable":true,"href":"https:\/\/vinphaco.net\/es\/wp-json\/wp\/v2\/product_brand?post=13873"},{"taxonomy":"product_cat","embeddable":true,"href":"https:\/\/vinphaco.net\/es\/wp-json\/wp\/v2\/product_cat?post=13873"},{"taxonomy":"product_tag","embeddable":true,"href":"https:\/\/vinphaco.net\/es\/wp-json\/wp\/v2\/product_tag?post=13873"}],"curies":[{"name":"wp","href":"https:\/\/api.w.org\/{rel}","templated":true}]}}