{"id":13895,"date":"2025-08-21T09:29:45","date_gmt":"2025-08-21T02:29:45","guid":{"rendered":"https:\/\/vinphaco.net\/product\/otevin-50\/"},"modified":"2025-09-29T13:49:13","modified_gmt":"2025-09-29T06:49:13","slug":"otevin-50","status":"publish","type":"product","link":"https:\/\/vinphaco.net\/es\/producto\/otevin-50\/","title":{"rendered":"OTEVIN 50"},"content":{"rendered":"","protected":false},"excerpt":{"rendered":"<p>Octreotide 50 mcg\/ml se utiliza para tratar la diarrea grave y algunas otras afecciones.<\/p>\n","protected":false},"featured_media":11324,"template":"","meta":{"_acf_changed":false},"product_brand":[],"product_cat":[435],"product_tag":[365,366],"class_list":{"0":"post-13895","1":"product","2":"type-product","3":"status-publish","4":"has-post-thumbnail","6":"product_cat-etc-otros","7":"product_tag-drug-es","8":"product_tag-etc-es","10":"first","11":"instock","12":"shipping-taxable","13":"product-type-simple"},"acf":{"product_detail":[{"name":"Forma farmac\u00e9utica","value":"Soluci\u00f3n para la injeci\u00f3n"},{"name":"Indicaciones","value":"El clorhidrato de palonosetr\u00f3n inyectable est\u00e1 indicado en adultos para la prevenci\u00f3n de:\n- N\u00e1useas y v\u00f3mitos agudos y retardados asociados a ciclos iniciales y repetidos de quimioterapia contra el c\u00e1ncer moderadamente emet\u00f3gena (MEC).\n- N\u00e1useas y v\u00f3mitos agudos asociados a ciclos iniciales y repetidos de quimioterapia contra el c\u00e1ncer altamente emet\u00f3gena (HEC).\n- N\u00e1useas y v\u00f3mitos postoperatorios (NVPO) hasta 24 horas despu\u00e9s de una intervenci\u00f3n quir\u00fargica. No se ha demostrado su eficacia m\u00e1s all\u00e1 de las 24 horas. "},{"name":"Composici\u00f3n","value":"Palonosetr\u00f3n (clorhidrato de palonosetr\u00f3n) 0,25mg\/5ml"}],"instructions_for_use":""},"_links":{"self":[{"href":"https:\/\/vinphaco.net\/es\/wp-json\/wp\/v2\/product\/13895","targetHints":{"allow":["GET"]}}],"collection":[{"href":"https:\/\/vinphaco.net\/es\/wp-json\/wp\/v2\/product"}],"about":[{"href":"https:\/\/vinphaco.net\/es\/wp-json\/wp\/v2\/types\/product"}],"wp:featuredmedia":[{"embeddable":true,"href":"https:\/\/vinphaco.net\/es\/wp-json\/wp\/v2\/media\/11324"}],"wp:attachment":[{"href":"https:\/\/vinphaco.net\/es\/wp-json\/wp\/v2\/media?parent=13895"}],"wp:term":[{"taxonomy":"product_brand","embeddable":true,"href":"https:\/\/vinphaco.net\/es\/wp-json\/wp\/v2\/product_brand?post=13895"},{"taxonomy":"product_cat","embeddable":true,"href":"https:\/\/vinphaco.net\/es\/wp-json\/wp\/v2\/product_cat?post=13895"},{"taxonomy":"product_tag","embeddable":true,"href":"https:\/\/vinphaco.net\/es\/wp-json\/wp\/v2\/product_tag?post=13895"}],"curies":[{"name":"wp","href":"https:\/\/api.w.org\/{rel}","templated":true}]}}