{"id":13909,"date":"2025-08-21T09:29:45","date_gmt":"2025-08-21T02:29:45","guid":{"rendered":"https:\/\/vinphaco.net\/product\/clindacina-300\/"},"modified":"2025-09-29T13:49:22","modified_gmt":"2025-09-29T06:49:22","slug":"clindacina-300","status":"publish","type":"product","link":"https:\/\/vinphaco.net\/es\/producto\/clindacina-300\/","title":{"rendered":"CLINDACINA 300"},"content":{"rendered":"","protected":false},"excerpt":{"rendered":"<p>Los productos de fosfato de clindamicina est\u00e1n indicados en el tratamiento de infecciones graves causadas por bacterias anaerobias susceptibles.<\/p>\n","protected":false},"featured_media":11180,"template":"","meta":{"_acf_changed":false},"product_brand":[],"product_cat":[404],"product_tag":[365,366],"class_list":{"0":"post-13909","1":"product","2":"type-product","3":"status-publish","4":"has-post-thumbnail","6":"product_cat-etc-antibioticos","7":"product_tag-drug-es","8":"product_tag-etc-es","10":"first","11":"instock","12":"shipping-taxable","13":"product-type-simple"},"acf":{"product_detail":[{"name":"Forma farmac\u00e9utica","value":"Soluci\u00f3n para la injeci\u00f3n"},{"name":"Indicaciones","value":"La octreotida inyectable se utiliza para tratar la diarrea grave y otros s\u00edntomas que aparecen con ciertos tumores intestinales (p. ej., tumores de p\u00e9ptidos intestinales vasoactivos o VIPomas) o tumores carcinoides metast\u00e1sicos (tumores que ya se han extendido por el cuerpo)."},{"name":"Composici\u00f3n","value":"Octreotida 50 mcg\/ml"}],"instructions_for_use":""},"_links":{"self":[{"href":"https:\/\/vinphaco.net\/es\/wp-json\/wp\/v2\/product\/13909","targetHints":{"allow":["GET"]}}],"collection":[{"href":"https:\/\/vinphaco.net\/es\/wp-json\/wp\/v2\/product"}],"about":[{"href":"https:\/\/vinphaco.net\/es\/wp-json\/wp\/v2\/types\/product"}],"wp:featuredmedia":[{"embeddable":true,"href":"https:\/\/vinphaco.net\/es\/wp-json\/wp\/v2\/media\/11180"}],"wp:attachment":[{"href":"https:\/\/vinphaco.net\/es\/wp-json\/wp\/v2\/media?parent=13909"}],"wp:term":[{"taxonomy":"product_brand","embeddable":true,"href":"https:\/\/vinphaco.net\/es\/wp-json\/wp\/v2\/product_brand?post=13909"},{"taxonomy":"product_cat","embeddable":true,"href":"https:\/\/vinphaco.net\/es\/wp-json\/wp\/v2\/product_cat?post=13909"},{"taxonomy":"product_tag","embeddable":true,"href":"https:\/\/vinphaco.net\/es\/wp-json\/wp\/v2\/product_tag?post=13909"}],"curies":[{"name":"wp","href":"https:\/\/api.w.org\/{rel}","templated":true}]}}