{"id":14155,"date":"2025-08-21T09:29:45","date_gmt":"2025-08-21T02:29:45","guid":{"rendered":"https:\/\/vinphaco.net\/product\/vin_hepa\/"},"modified":"2025-09-29T13:51:39","modified_gmt":"2025-09-29T06:51:39","slug":"vin_hepa","status":"publish","type":"product","link":"https:\/\/vinphaco.net\/es\/producto\/vin_hepa\/","title":{"rendered":"VIN_HEPA"},"content":{"rendered":"","protected":false},"excerpt":{"rendered":"<p>La L-ornitina L-aspartato es un medicamento que favorece la salud del h\u00edgado y se utiliza para tratar afecciones como la encefalopat\u00eda hep\u00e1tica y la cirrosis hep\u00e1tica.  <\/p>\n","protected":false},"featured_media":11444,"template":"","meta":{"_acf_changed":false},"product_brand":[],"product_cat":[435],"product_tag":[365,366],"class_list":{"0":"post-14155","1":"product","2":"type-product","3":"status-publish","4":"has-post-thumbnail","6":"product_cat-etc-otros","7":"product_tag-drug-es","8":"product_tag-etc-es","10":"first","11":"instock","12":"shipping-taxable","13":"product-type-simple"},"acf":{"product_detail":[{"name":"Forma farmac\u00e9utica","value":"Soluci\u00f3n para la injeci\u00f3n"},{"name":"Indicaciones","value":"La L-ornitina L-aspartato est\u00e1 indicada para el tratamiento de la encefalopat\u00eda hep\u00e1tica, la insuficiencia hep\u00e1tica aguda, la hiperamonemia debida a la hepatitis aguda y cr\u00f3nica, el h\u00edgado graso, el da\u00f1o hep\u00e1tico alcoh\u00f3lico, el complemento de f\u00e1rmacos hepatot\u00f3xicos, la cirrosis hep\u00e1tica, la convalecencia posthepatitis, etc."},{"name":"Composici\u00f3n","value":"L - Ornitina L - Aspartato 500 mg\/5 ml"}],"instructions_for_use":""},"_links":{"self":[{"href":"https:\/\/vinphaco.net\/es\/wp-json\/wp\/v2\/product\/14155","targetHints":{"allow":["GET"]}}],"collection":[{"href":"https:\/\/vinphaco.net\/es\/wp-json\/wp\/v2\/product"}],"about":[{"href":"https:\/\/vinphaco.net\/es\/wp-json\/wp\/v2\/types\/product"}],"wp:featuredmedia":[{"embeddable":true,"href":"https:\/\/vinphaco.net\/es\/wp-json\/wp\/v2\/media\/11444"}],"wp:attachment":[{"href":"https:\/\/vinphaco.net\/es\/wp-json\/wp\/v2\/media?parent=14155"}],"wp:term":[{"taxonomy":"product_brand","embeddable":true,"href":"https:\/\/vinphaco.net\/es\/wp-json\/wp\/v2\/product_brand?post=14155"},{"taxonomy":"product_cat","embeddable":true,"href":"https:\/\/vinphaco.net\/es\/wp-json\/wp\/v2\/product_cat?post=14155"},{"taxonomy":"product_tag","embeddable":true,"href":"https:\/\/vinphaco.net\/es\/wp-json\/wp\/v2\/product_tag?post=14155"}],"curies":[{"name":"wp","href":"https:\/\/api.w.org\/{rel}","templated":true}]}}