{"id":14163,"date":"2025-08-21T09:29:44","date_gmt":"2025-08-21T02:29:44","guid":{"rendered":"https:\/\/vinphaco.net\/product\/vinrolac-30mg\/"},"modified":"2025-10-02T11:41:28","modified_gmt":"2025-10-02T04:41:28","slug":"vinrolac-30mg","status":"publish","type":"product","link":"https:\/\/vinphaco.net\/es\/producto\/vinrolac-30mg\/","title":{"rendered":"VINROLAC 30MG"},"content":{"rendered":"","protected":false},"excerpt":{"rendered":"<p>Vinrolac 30mg\/2ml se utiliza para el tratamiento a corto plazo del dolor agudo de moderado a intenso tras una intervenci\u00f3n quir\u00fargica<\/p>\n","protected":false},"featured_media":11132,"template":"","meta":{"_acf_changed":false},"product_brand":[],"product_cat":[364],"product_tag":[365,366],"class_list":{"0":"post-14163","1":"product","2":"type-product","3":"status-publish","4":"has-post-thumbnail","6":"product_cat-etc-corticosterioids-nsaids-es","7":"product_tag-drug-es","8":"product_tag-etc-es","10":"first","11":"instock","12":"shipping-taxable","13":"product-type-simple"},"acf":{"product_detail":[{"name":"Forma farmac\u00e9utica","value":"Soluci\u00f3n para la injeci\u00f3n"},{"name":"Indicaciones","value":"Indicaciones:\n- Edema de origen card\u00edaco, hep\u00e1tico, renal u otros, edema pulmonar, edema cerebral, intoxicaci\u00f3n por embarazo.\n- Hipertensi\u00f3n leve y moderada.\n- A dosis altas en el tratamiento de la insuficiencia renal aguda o cr\u00f3nica y oliguria, intoxicaci\u00f3n por barbit\u00faricos."},{"name":"Composici\u00f3n","value":"Vinrolac 30mg\/2ml"}],"instructions_for_use":""},"_links":{"self":[{"href":"https:\/\/vinphaco.net\/es\/wp-json\/wp\/v2\/product\/14163","targetHints":{"allow":["GET"]}}],"collection":[{"href":"https:\/\/vinphaco.net\/es\/wp-json\/wp\/v2\/product"}],"about":[{"href":"https:\/\/vinphaco.net\/es\/wp-json\/wp\/v2\/types\/product"}],"wp:featuredmedia":[{"embeddable":true,"href":"https:\/\/vinphaco.net\/es\/wp-json\/wp\/v2\/media\/11132"}],"wp:attachment":[{"href":"https:\/\/vinphaco.net\/es\/wp-json\/wp\/v2\/media?parent=14163"}],"wp:term":[{"taxonomy":"product_brand","embeddable":true,"href":"https:\/\/vinphaco.net\/es\/wp-json\/wp\/v2\/product_brand?post=14163"},{"taxonomy":"product_cat","embeddable":true,"href":"https:\/\/vinphaco.net\/es\/wp-json\/wp\/v2\/product_cat?post=14163"},{"taxonomy":"product_tag","embeddable":true,"href":"https:\/\/vinphaco.net\/es\/wp-json\/wp\/v2\/product_tag?post=14163"}],"curies":[{"name":"wp","href":"https:\/\/api.w.org\/{rel}","templated":true}]}}