{"id":14181,"date":"2025-08-21T09:29:44","date_gmt":"2025-08-21T02:29:44","guid":{"rendered":"https:\/\/vinphaco.net\/product\/vincopano\/"},"modified":"2025-10-02T11:41:42","modified_gmt":"2025-10-02T04:41:42","slug":"vincopano","status":"publish","type":"product","link":"https:\/\/vinphaco.net\/es\/producto\/vincopano\/","title":{"rendered":"VINCOPANO"},"content":{"rendered":"","protected":false},"excerpt":{"rendered":"<p>Vincopane es un f\u00e1rmaco inyectable que contiene Hioscina - N - butilbromuro, utilizado en espasmos agudos, gastroscopia y radiograf\u00eda.<\/p>\n","protected":false},"featured_media":11228,"template":"","meta":{"_acf_changed":false},"product_brand":[],"product_cat":[476],"product_tag":[365,366],"class_list":{"0":"post-14181","1":"product","2":"type-product","3":"status-publish","4":"has-post-thumbnail","6":"product_cat-etc-emergencia-e-ictus","7":"product_tag-drug-es","8":"product_tag-etc-es","10":"first","11":"instock","12":"shipping-taxable","13":"product-type-simple"},"acf":{"product_detail":[{"name":"Forma farmac\u00e9utica","value":"Soluci\u00f3n para la injeci\u00f3n"},{"name":"Indicaciones","value":"El bromuro de hioscina - N - butil est\u00e1 indicado en:\n- Tratamiento de los espasmos gastrointestinales o genitourinarios. \n- Prevenci\u00f3n y tratamiento de los dolores menstruales."},{"name":"Composici\u00f3n","value":"Bromuro de hioscina - N - butil 20 mg\/1 ml"}],"instructions_for_use":""},"_links":{"self":[{"href":"https:\/\/vinphaco.net\/es\/wp-json\/wp\/v2\/product\/14181","targetHints":{"allow":["GET"]}}],"collection":[{"href":"https:\/\/vinphaco.net\/es\/wp-json\/wp\/v2\/product"}],"about":[{"href":"https:\/\/vinphaco.net\/es\/wp-json\/wp\/v2\/types\/product"}],"wp:featuredmedia":[{"embeddable":true,"href":"https:\/\/vinphaco.net\/es\/wp-json\/wp\/v2\/media\/11228"}],"wp:attachment":[{"href":"https:\/\/vinphaco.net\/es\/wp-json\/wp\/v2\/media?parent=14181"}],"wp:term":[{"taxonomy":"product_brand","embeddable":true,"href":"https:\/\/vinphaco.net\/es\/wp-json\/wp\/v2\/product_brand?post=14181"},{"taxonomy":"product_cat","embeddable":true,"href":"https:\/\/vinphaco.net\/es\/wp-json\/wp\/v2\/product_cat?post=14181"},{"taxonomy":"product_tag","embeddable":true,"href":"https:\/\/vinphaco.net\/es\/wp-json\/wp\/v2\/product_tag?post=14181"}],"curies":[{"name":"wp","href":"https:\/\/api.w.org\/{rel}","templated":true}]}}