{"id":14184,"date":"2025-08-21T09:29:44","date_gmt":"2025-08-21T02:29:44","guid":{"rendered":"https:\/\/vinphaco.net\/product\/noradrenalina-5mg-5ml-2\/"},"modified":"2025-10-02T11:41:48","modified_gmt":"2025-10-02T04:41:48","slug":"noradrenalina-5mg-5ml-2","status":"publish","type":"product","link":"https:\/\/vinphaco.net\/es\/producto\/noradrenalina-5mg-5ml-2\/","title":{"rendered":"NORADRENALINA 5MG\/5ML"},"content":{"rendered":"","protected":false},"excerpt":{"rendered":"<p>La noradrenalina, tambi\u00e9n llamada norepinefrina, es un neurotransmisor y una hormona que interviene en tu respuesta de lucha o huida<\/p>\n","protected":false},"featured_media":11092,"template":"","meta":{"_acf_changed":false},"product_brand":[],"product_cat":[476],"product_tag":[365,366],"class_list":{"0":"post-14184","1":"product","2":"type-product","3":"status-publish","4":"has-post-thumbnail","6":"product_cat-etc-emergencia-e-ictus","7":"product_tag-drug-es","8":"product_tag-etc-es","10":"first","11":"instock","12":"shipping-taxable","13":"product-type-simple"},"acf":{"product_detail":[{"name":"Forma farmac\u00e9utica","value":"Soluci\u00f3n para la injeci\u00f3n"},{"name":"Indicaciones","value":"La noradrenalina est\u00e1 indicada en casos urgentes de hipotensi\u00f3n aguda."},{"name":"Composici\u00f3n","value":"Noradrenalina 5 mg\/5 ml"}],"instructions_for_use":""},"_links":{"self":[{"href":"https:\/\/vinphaco.net\/es\/wp-json\/wp\/v2\/product\/14184","targetHints":{"allow":["GET"]}}],"collection":[{"href":"https:\/\/vinphaco.net\/es\/wp-json\/wp\/v2\/product"}],"about":[{"href":"https:\/\/vinphaco.net\/es\/wp-json\/wp\/v2\/types\/product"}],"wp:featuredmedia":[{"embeddable":true,"href":"https:\/\/vinphaco.net\/es\/wp-json\/wp\/v2\/media\/11092"}],"wp:attachment":[{"href":"https:\/\/vinphaco.net\/es\/wp-json\/wp\/v2\/media?parent=14184"}],"wp:term":[{"taxonomy":"product_brand","embeddable":true,"href":"https:\/\/vinphaco.net\/es\/wp-json\/wp\/v2\/product_brand?post=14184"},{"taxonomy":"product_cat","embeddable":true,"href":"https:\/\/vinphaco.net\/es\/wp-json\/wp\/v2\/product_cat?post=14184"},{"taxonomy":"product_tag","embeddable":true,"href":"https:\/\/vinphaco.net\/es\/wp-json\/wp\/v2\/product_tag?post=14184"}],"curies":[{"name":"wp","href":"https:\/\/api.w.org\/{rel}","templated":true}]}}