{"id":14203,"date":"2025-08-21T09:29:43","date_gmt":"2025-08-21T02:29:43","guid":{"rendered":"https:\/\/vinphaco.net\/product\/vintidin-20\/"},"modified":"2025-10-02T11:42:12","modified_gmt":"2025-10-02T04:42:12","slug":"vintidin-20","status":"publish","type":"product","link":"https:\/\/vinphaco.net\/es\/producto\/vintidin-20\/","title":{"rendered":"VINTIDIN 20"},"content":{"rendered":"","protected":false},"excerpt":{"rendered":"<p>La famotidina es un medicamento antagonista de los receptores H2 de la histamina que disminuye la producci\u00f3n de \u00e1cido estomacal.<\/p>\n","protected":false},"featured_media":11556,"template":"","meta":{"_acf_changed":false},"product_brand":[],"product_cat":[406],"product_tag":[365,366],"class_list":{"0":"post-14203","1":"product","2":"type-product","3":"status-publish","4":"has-post-thumbnail","6":"product_cat-etc-gastroenterologia-es","7":"product_tag-drug-es","8":"product_tag-etc-es","10":"first","11":"instock","12":"shipping-taxable","13":"product-type-simple"},"acf":{"product_detail":[{"name":"Forma farmac\u00e9utica","value":"Gr\u00e1nulo"},{"name":"Indicaciones","value":"La famotidina se utiliza para tratar la \u00falcera p\u00e9ptica, la enfermedad por reflujo gastroesof\u00e1gico y el s\u00edndrome de Zollinger-Ellison"},{"name":"Composici\u00f3n","value":"Famotidina 20 mg"}],"instructions_for_use":""},"_links":{"self":[{"href":"https:\/\/vinphaco.net\/es\/wp-json\/wp\/v2\/product\/14203","targetHints":{"allow":["GET"]}}],"collection":[{"href":"https:\/\/vinphaco.net\/es\/wp-json\/wp\/v2\/product"}],"about":[{"href":"https:\/\/vinphaco.net\/es\/wp-json\/wp\/v2\/types\/product"}],"wp:featuredmedia":[{"embeddable":true,"href":"https:\/\/vinphaco.net\/es\/wp-json\/wp\/v2\/media\/11556"}],"wp:attachment":[{"href":"https:\/\/vinphaco.net\/es\/wp-json\/wp\/v2\/media?parent=14203"}],"wp:term":[{"taxonomy":"product_brand","embeddable":true,"href":"https:\/\/vinphaco.net\/es\/wp-json\/wp\/v2\/product_brand?post=14203"},{"taxonomy":"product_cat","embeddable":true,"href":"https:\/\/vinphaco.net\/es\/wp-json\/wp\/v2\/product_cat?post=14203"},{"taxonomy":"product_tag","embeddable":true,"href":"https:\/\/vinphaco.net\/es\/wp-json\/wp\/v2\/product_tag?post=14203"}],"curies":[{"name":"wp","href":"https:\/\/api.w.org\/{rel}","templated":true}]}}