{"id":6063,"date":"2025-02-25T14:26:21","date_gmt":"2025-02-25T07:26:21","guid":{"rendered":"https:\/\/vinphaco.net\/systeme-dentrepot\/"},"modified":"2025-08-21T13:25:59","modified_gmt":"2025-08-21T06:25:59","slug":"systeme-dentrepot","status":"publish","type":"page","link":"https:\/\/vinphaco.net\/fr\/usine\/systeme-dentrepot\/","title":{"rendered":"Syst\u00e8me d&rsquo;entrep\u00f4t"},"content":{"rendered":"<p><section data-bb-version=\"5.2.6\" id=\"bt_bb_section69eb5d0771b95\" class=\"bt_bb_section bt_bb_layout_wide bt_bb_vertical_align_top bt_bb_top_spacing_none bt_bb_bottom_spacing_none\"  data-bt-override-class=\"{&quot;bt_bb_top_spacing_&quot;:{&quot;current_class&quot;:&quot;bt_bb_top_spacing_none&quot;,&quot;def&quot;:&quot;none&quot;},&quot;bt_bb_bottom_spacing_&quot;:{&quot;current_class&quot;:&quot;bt_bb_bottom_spacing_none&quot;,&quot;def&quot;:&quot;none&quot;},&quot;bt_bb_animation_&quot;:{&quot;current_class&quot;:&quot;bt_bb_animation_no_animation&quot;,&quot;def&quot;:&quot;no_animation&quot;}}\"><div class=\"bt_bb_port\"><div class=\"bt_bb_cell\"><div class=\"bt_bb_cell_inner\"><div data-bb-version=\"5.2.6\" class=\"bt_bb_row  bt_bb_animation_fade_in animate\"  data-bt-override-class=\"{&quot;bt_bb_animation_&quot;:{&quot;current_class&quot;:&quot;bt_bb_animation_fade_in animate&quot;,&quot;def&quot;:&quot;fade_in animate&quot;}}\"><div class=\"bt_bb_row_holder\" ><div data-bb-version=\"5.2.6\"  class=\"bt_bb_column col-xxl-12 col-xl-12 col-xs-12 col-sm-12 col-md-12 col-lg-12 bt_bb_vertical_align_top bt_bb_align_left bt_bb_padding_normal\" style=\"; --column-width:12;\" data-width=\"12\" data-bt-override-class=\"{}\"><div class=\"bt_bb_column_content\"><div class=\"bt_bb_column_content_inner\"><div data-bb-version=\"5.4.2\" class=\"bt_bb_slider bt_bb_height_auto bt_bb_multiple_slides bt_bb_animation_slide animate\"><div class=\"slick-slider\"  data-slick='{ \"lazyLoad\": \"progressive\", \"cssEase\": \"ease-out\", \"speed\": \"300\", \"adaptiveHeight\": true, \"prevArrow\": \"\", \"nextArrow\": \"\",\"slidesToShow\": 1}' ><div class=\"bt_bb_slider_item\" data-src-full=\"https:\/\/vinphaco.net\/wp-content\/uploads\/2025\/07\/Vinphaco-GMP-Factory.png\"><img decoding=\"async\" src=\"https:\/\/vinphaco.net\/wp-content\/uploads\/2025\/07\/Vinphaco-GMP-Factory.png\" alt=\"Vinphaco-GMP-Factory\"  title=\"Vinphaco-GMP-Factory\"><\/div><\/div><\/div><\/div><\/div><\/div><\/div><\/div><\/div><!-- cell_inner --><\/div><!-- cell --><\/div><!-- port --><\/section><section data-bb-version=\"5.2.6\" id=\"bt_bb_section69eb5d077202d\" class=\"bt_bb_section bt_bb_layout_boxed_1200 bt_bb_vertical_align_top bt_bb_top_spacing_none bt_bb_bottom_spacing_none\"  data-bt-override-class=\"{&quot;bt_bb_top_spacing_&quot;:{&quot;current_class&quot;:&quot;bt_bb_top_spacing_none&quot;,&quot;def&quot;:&quot;none&quot;},&quot;bt_bb_bottom_spacing_&quot;:{&quot;current_class&quot;:&quot;bt_bb_bottom_spacing_none&quot;,&quot;def&quot;:&quot;none&quot;},&quot;bt_bb_animation_&quot;:{&quot;current_class&quot;:&quot;bt_bb_animation_no_animation&quot;,&quot;def&quot;:&quot;no_animation&quot;}}\"><div class=\"bt_bb_port\"><div class=\"bt_bb_cell\"><div class=\"bt_bb_cell_inner\"><div data-bb-version=\"5.2.6\" class=\"bt_bb_row \"  data-bt-override-class=\"{}\"><div class=\"bt_bb_row_holder\" ><div data-bb-version=\"5.2.6\"  class=\"bt_bb_column col-xxl-12 col-xl-12 col-xs-12 col-sm-12 col-md-12 col-lg-12 bt_bb_vertical_align_top bt_bb_align_left bt_bb_padding_normal bt_bb_animation_fade_in animate\" style=\"; --column-width:12;\" data-width=\"12\" data-bt-override-class=\"{&quot;bt_bb_align_&quot;:{&quot;current_class&quot;:&quot;bt_bb_align_left&quot;,&quot;def&quot;:&quot;left&quot;},&quot;bt_bb_padding_&quot;:{&quot;current_class&quot;:&quot;bt_bb_padding_normal&quot;,&quot;def&quot;:&quot;normal&quot;},&quot;bt_bb_animation_&quot;:{&quot;current_class&quot;:&quot;bt_bb_animation_fade_in animate&quot;,&quot;def&quot;:&quot;fade_in animate&quot;}}\"><div class=\"bt_bb_column_content\"><div class=\"bt_bb_column_content_inner\"><div data-bb-version=\"5.2.6\" class=\"bt_bb_breadcrumb\"><div class=\"breadcrumb-wrapper\"><nav class=\"breadcrumb\"><a href=\"https:\/\/vinphaco.net\/fr\/\">Accueil<\/a> <svg width=\"8\" height=\"14\" viewBox=\"0 0 8 14\" fill=\"none\" xmlns=\"http:\/\/www.w3.org\/2000\/svg\"><path d=\"M1 13L7 7L1 1\" stroke=\"#181D27\" stroke-width=\"2\" stroke-linecap=\"round\" stroke-linejoin=\"round\"\/><\/svg><\/nav><\/div><\/div><\/div><\/div><\/div><\/div><\/div><\/div><!-- cell_inner --><\/div><!-- cell --><\/div><!-- port --><\/section><section data-bb-version=\"5.2.6\" id=\"bt_bb_section69eb5d077238a\" class=\"bt_bb_section bt_bb_layout_boxed_1200 bt_bb_vertical_align_top bt_bb_top_spacing_none bt_bb_bottom_spacing_40\"  data-bt-override-class=\"{&quot;bt_bb_top_spacing_&quot;:{&quot;current_class&quot;:&quot;bt_bb_top_spacing_none&quot;,&quot;def&quot;:&quot;none&quot;},&quot;bt_bb_bottom_spacing_&quot;:{&quot;current_class&quot;:&quot;bt_bb_bottom_spacing_40&quot;,&quot;def&quot;:&quot;40&quot;},&quot;bt_bb_animation_&quot;:{&quot;current_class&quot;:&quot;bt_bb_animation_no_animation&quot;,&quot;def&quot;:&quot;no_animation&quot;}}\"><div class=\"bt_bb_port\"><div class=\"bt_bb_cell\"><div class=\"bt_bb_cell_inner\"><div class=\"bt_bb_row \"  data-bt-override-class=\"{}\"><div class=\"bt_bb_row_holder\" ><div data-bb-version=\"5.2.6\"  class=\"bt_bb_column col-xxl-12 col-xl-12 col-xs-12 col-sm-12 col-md-12 col-lg-12 bt_bb_vertical_align_top bt_bb_align_left bt_bb_padding_normal bt_bb_animation_fade_in animate\" style=\"; --column-width:12;\" data-width=\"12\" data-bt-override-class=\"{&quot;bt_bb_align_&quot;:{&quot;current_class&quot;:&quot;bt_bb_align_left&quot;,&quot;def&quot;:&quot;left&quot;},&quot;bt_bb_padding_&quot;:{&quot;current_class&quot;:&quot;bt_bb_padding_normal&quot;,&quot;def&quot;:&quot;normal&quot;},&quot;bt_bb_animation_&quot;:{&quot;current_class&quot;:&quot;bt_bb_animation_fade_in animate&quot;,&quot;def&quot;:&quot;fade_in animate&quot;}}\"><div class=\"bt_bb_column_content\"><div class=\"bt_bb_column_content_inner\"><div data-bb-version=\"5.4.2\" class=\"bt_bb_video mb-40\"><div class=\"section-video\"><div class=\"video-embed \"><video class=\"myVideo\" playsinline poster=\"https:\/\/vinphaco.net\/wp-content\/uploads\/2025\/07\/Vinphaco-warehouse-system.png\"><source src=\"https:\/\/vinphaco.net\/wp-content\/uploads\/2020\/09\/Introduction-TVC-of-Vinh-Phuc-Pharmaceutical-Joint-Stock-Company-2025.mp4\" type=\"video\/mp4\"><p><i>Votre navigateur ne prend pas en charge la balise vid\u00e9o.<\/i><\/p><\/video><button class=\"playStopButton\"><\/button><\/div><\/div><\/div><div data-bb-version=\"5.4.2\" class=\"bt_bb_heading_section text-center page-heading-about\"><div class=\"section-title bt_bb_heading_section\"><div class=\"title\"><h3>Syst\u00e8me d&#039;entrep\u00f4t Vinphaco<\/h3> <\/div><div class=\"desc\">Vinh Phuc Pharmaceutical Joint Stock Company poss\u00e8de un syst\u00e8me d&#039;entreposage moderne con\u00e7u et exploit\u00e9 dans le strict respect des normes GMP - GSP - GDP, r\u00e9pondant \u00e0 toutes les exigences en mati\u00e8re de stockage, de s\u00e9curit\u00e9, de pr\u00e9vention des incendies et de tra\u00e7abilit\u00e9. Le syst\u00e8me comprend un entrep\u00f4t de produits finis, un entrep\u00f4t de mati\u00e8res premi\u00e8res et un entrep\u00f4t d&#039;emballage, tous \u00e9quip\u00e9s d&#039;installations et de processus de gestion avanc\u00e9s afin de garantir la qualit\u00e9 des produits, des mati\u00e8res premi\u00e8res aux produits finis, pour les march\u00e9s nationaux et internationaux. <\/div><\/div><\/div><\/div><\/div><\/div><\/div><\/div><\/div><!-- cell_inner --><\/div><!-- cell --><\/div><!-- port --><\/section><section data-bb-version=\"5.2.6\" id=\"bt_bb_section69eb5d07727e4\" class=\"bt_bb_section bt_bb_layout_boxed_1200 bt_bb_vertical_align_top bt_bb_top_spacing_100 bt_bb_bottom_spacing_60 responsive-col-767 zizac-item\"  data-bt-override-class=\"{&quot;bt_bb_top_spacing_&quot;:{&quot;current_class&quot;:&quot;bt_bb_top_spacing_100&quot;,&quot;def&quot;:&quot;100&quot;},&quot;bt_bb_bottom_spacing_&quot;:{&quot;current_class&quot;:&quot;bt_bb_bottom_spacing_60&quot;,&quot;def&quot;:&quot;60&quot;},&quot;bt_bb_animation_&quot;:{&quot;current_class&quot;:&quot;bt_bb_animation_no_animation&quot;,&quot;def&quot;:&quot;no_animation&quot;}}\"><div class=\"bt_bb_background_image_holder_wrapper\"><div class=\"bt_bb_background_image_holder btLazyLoadBackground\"  data-background_image_src=\"https:\/\/vinphaco.net\/wp-content\/uploads\/2025\/04\/Frame-1000002466.png\" data-parallax-zoom-start=\"1\" data-parallax-zoom-end=\"1\" data-parallax-blur-start=\"0\" data-parallax-blur-end=\"0\" data-parallax-opacity-start=\"1\" data-parallax-opacity-end=\"1\" style=\" background-image: url(&#039;https:\/\/vinphaco.net\/wp-content\/plugins\/bold-page-builder\/img\/blank.gif&#039;);\"><\/div><\/div><div class=\"bt_bb_port\"><div class=\"bt_bb_cell\"><div class=\"bt_bb_cell_inner\"><div data-bb-version=\"5.2.6\" class=\"bt_bb_row  mb-80 equa-height middle\"  data-bt-override-class=\"{&quot;bt_bb_animation_&quot;:{&quot;current_class&quot;:&quot;bt_bb_animation_no_animation&quot;,&quot;def&quot;:&quot;no_animation&quot;}}\"><div class=\"bt_bb_row_holder\" ><div data-bb-version=\"5.2.6\"  class=\"bt_bb_column col-xxl-6 col-xl-6 col-xs-12 col-sm-6 col-md-6 col-lg-6 bt_bb_vertical_align_top bt_bb_align_left bt_bb_padding_normal\" style=\"; --column-width:6;\" data-width=\"6\" data-bt-override-class=\"{}\"><div class=\"bt_bb_column_content\"><div class=\"bt_bb_column_content_inner\"><div data-bb-version=\"5.4.2\" class=\"bt_bb_image wow animate__animated animate__fadeInLeft img-radius-40 bt_bb_shape_square bt_bb_target_self bt_bb_align_inherit bt_bb_hover_style_simple bt_bb_content_display_always bt_bb_content_align_middle\" data-bt-override-class=\"{&quot;bt_bb_align_&quot;:{&quot;current_class&quot;:&quot;bt_bb_align_inherit&quot;,&quot;def&quot;:&quot;inherit&quot;},&quot;bt_bb_content_display_&quot;:{&quot;current_class&quot;:&quot;bt_bb_content_display_always&quot;,&quot;def&quot;:&quot;always&quot;},&quot;bt_bb_animation_&quot;:{&quot;current_class&quot;:&quot;bt_bb_animation_no_animation&quot;,&quot;def&quot;:&quot;no_animation&quot;}}\"><span><img loading=\"lazy\" decoding=\"async\" width=\"568\" height=\"368\" src=\"https:\/\/vinphaco.net\/wp-content\/uploads\/2025\/08\/Vinphaco-raw-material-werahouse-1.png\" class=\"attachment-full size-full\" alt=\"Vinphaco-raw-material-werahouse\" data-full_image_src=\"https:\/\/vinphaco.net\/wp-content\/uploads\/2025\/08\/Vinphaco-raw-material-werahouse-1.png\" title=\"Vinphaco-raw-material-werahouse\" srcset=\"https:\/\/vinphaco.net\/wp-content\/uploads\/2025\/08\/Vinphaco-raw-material-werahouse-1.png 568w, https:\/\/vinphaco.net\/wp-content\/uploads\/2025\/08\/Vinphaco-raw-material-werahouse-1-320x207.png 320w\" sizes=\"auto, (max-width: 568px) 100vw, 568px\" \/><\/span><\/div><\/div><\/div><\/div><div data-bb-version=\"5.2.6\"  class=\"bt_bb_column col-xxl-6 col-xl-6 col-xs-12 col-sm-6 col-md-6 col-lg-6 bt_bb_vertical_align_top bt_bb_align_left bt_bb_padding_normal\" style=\"; --column-width:6;\" data-width=\"6\" data-bt-override-class=\"{}\"><div class=\"bt_bb_column_content\"><div class=\"bt_bb_column_content_inner\"><div data-bb-version=\"5.4.2\" class=\"box-text-icon line-no-icon bt_bb_box_text_icon bt_bb_box_text_icon wow animate__animated animate__fadeInRight\"  style=\"background-color: \"><div><div class=\"wrap-desc\"><div class=\"title\"><h3 style=\"\">Entrep\u00f4t de mati\u00e8res premi\u00e8res<\/h3><\/div><div class=\"desc\" style=\"\">D'une superficie de plus de 400 m\u00b2 et d'une capacit\u00e9 de pr\u00e8s de 300 palettes, cet entrep\u00f4t stocke des mati\u00e8res premi\u00e8res pharmaceutiques, des excipients et des mat\u00e9riaux auxiliaires pour la production. Il est con\u00e7u avec des zones de stockage d\u00e9di\u00e9es en fonction des caract\u00e9ristiques des mat\u00e9riaux, \u00e9quip\u00e9es de syst\u00e8mes de contr\u00f4le environnemental, de syst\u00e8mes certifi\u00e9s de pr\u00e9vention et de lutte contre les incendies, et d'une surveillance de s\u00e9curit\u00e9 24 heures sur 24, 7 jours sur 7. Sa taille et sa capacit\u00e9 sont con\u00e7ues pour r\u00e9pondre aux demandes de production \u00e0 grande \u00e9chelle et soutenir l'approvisionnement national et les plans d'exportation de l'entreprise.  <\/div><\/div><\/div><\/div><\/div><\/div><\/div><\/div><\/div><div data-bb-version=\"5.2.6\" class=\"bt_bb_row  equa-height middle mb-80\"  data-bt-override-class=\"{&quot;bt_bb_animation_&quot;:{&quot;current_class&quot;:&quot;bt_bb_animation_no_animation&quot;,&quot;def&quot;:&quot;no_animation&quot;}}\"><div class=\"bt_bb_row_holder\" ><div data-bb-version=\"5.2.6\"  class=\"bt_bb_column col-xxl-6 col-xl-6 col-xs-12 col-sm-6 col-md-6 col-lg-6 bt_bb_vertical_align_top bt_bb_align_left bt_bb_padding_normal\" style=\"; --column-width:6;\" data-width=\"6\" data-bt-override-class=\"{}\"><div class=\"bt_bb_column_content\"><div class=\"bt_bb_column_content_inner\"><div data-bb-version=\"5.4.2\" class=\"box-text-icon line-no-icon bt_bb_box_text_icon bt_bb_box_text_icon wow animate__animated animate__fadeInLeft\"  style=\"background-color: \"><div><div class=\"wrap-desc\"><div class=\"title\"><h3 style=\"\">Entrep\u00f4t d&#039;emballage<\/h3><\/div><div class=\"desc\" style=\"\">D'une superficie de 1 000 m\u00b2 et d'une capacit\u00e9 de pr\u00e8s de 2 000 palettes, cet entrep\u00f4t a \u00e9t\u00e9 r\u00e9cemment mis en service en 2024 avec une infrastructure de pointe et des \u00e9quipements avanc\u00e9s. Il stocke tous les mat\u00e9riaux d'emballage pour la production et l'emballage pharmaceutiques, organis\u00e9s par type et par taille afin d'optimiser l'espace de stockage et le flux de travail. \u00c9quip\u00e9 de syst\u00e8mes de pr\u00e9vention des incendies, de cam\u00e9ras de s\u00e9curit\u00e9 fonctionnant 24 heures sur 24 et 7 jours sur 7, et d'un syst\u00e8me de contr\u00f4le environnemental, il garantit que les mat\u00e9riaux d'emballage restent propres, intacts et pr\u00eats \u00e0 soutenir une production \u00e0 grande \u00e9chelle orient\u00e9e vers l'exportation et une distribution \u00e0 l'\u00e9chelle nationale.  <\/div><\/div><\/div><\/div><\/div><\/div><\/div><div data-bb-version=\"5.2.6\"  class=\"bt_bb_column col-xxl-6 col-xl-6 col-xs-12 col-sm-6 col-md-6 col-lg-6 bt_bb_vertical_align_top bt_bb_align_left bt_bb_padding_normal\" style=\"; --column-width:6;\" data-width=\"6\" data-bt-override-class=\"{}\"><div class=\"bt_bb_column_content\"><div class=\"bt_bb_column_content_inner\"><div data-bb-version=\"5.4.2\" class=\"bt_bb_image wow animate__animated animate__fadeInRight img-radius-40 bt_bb_shape_square bt_bb_target_self bt_bb_align_inherit bt_bb_hover_style_simple bt_bb_content_display_always bt_bb_content_align_middle\" data-bt-override-class=\"{&quot;bt_bb_align_&quot;:{&quot;current_class&quot;:&quot;bt_bb_align_inherit&quot;,&quot;def&quot;:&quot;inherit&quot;},&quot;bt_bb_content_display_&quot;:{&quot;current_class&quot;:&quot;bt_bb_content_display_always&quot;,&quot;def&quot;:&quot;always&quot;},&quot;bt_bb_animation_&quot;:{&quot;current_class&quot;:&quot;bt_bb_animation_no_animation&quot;,&quot;def&quot;:&quot;no_animation&quot;}}\"><span><img loading=\"lazy\" decoding=\"async\" width=\"568\" height=\"368\" src=\"https:\/\/vinphaco.net\/wp-content\/uploads\/2025\/07\/Vinphaco-prodution-warehouse.png\" class=\"attachment-full size-full\" alt=\"Vinphaco-prodution-warehouse\" data-full_image_src=\"https:\/\/vinphaco.net\/wp-content\/uploads\/2025\/07\/Vinphaco-prodution-warehouse.png\" title=\"Vinphaco-prodution-warehouse\" srcset=\"https:\/\/vinphaco.net\/wp-content\/uploads\/2025\/07\/Vinphaco-prodution-warehouse.png 568w, https:\/\/vinphaco.net\/wp-content\/uploads\/2025\/07\/Vinphaco-prodution-warehouse-320x207.png 320w\" sizes=\"auto, (max-width: 568px) 100vw, 568px\" \/><\/span><\/div><\/div><\/div><\/div><\/div><\/div><div data-bb-version=\"5.2.6\" class=\"bt_bb_row  mb-80 equa-height middle\"  data-bt-override-class=\"{&quot;bt_bb_animation_&quot;:{&quot;current_class&quot;:&quot;bt_bb_animation_no_animation&quot;,&quot;def&quot;:&quot;no_animation&quot;}}\"><div class=\"bt_bb_row_holder\" ><div data-bb-version=\"5.2.6\"  class=\"bt_bb_column col-xxl-6 col-xl-6 col-xs-12 col-sm-6 col-md-6 col-lg-6 bt_bb_vertical_align_top bt_bb_align_left bt_bb_padding_normal\" style=\"; --column-width:6;\" data-width=\"6\" data-bt-override-class=\"{}\"><div class=\"bt_bb_column_content\"><div class=\"bt_bb_column_content_inner\"><div data-bb-version=\"5.4.2\" class=\"bt_bb_image wow animate__animated animate__fadeInLeft img-radius-40 bt_bb_shape_square bt_bb_target_self bt_bb_align_inherit bt_bb_hover_style_simple bt_bb_content_display_always bt_bb_content_align_middle\" data-bt-override-class=\"{&quot;bt_bb_align_&quot;:{&quot;current_class&quot;:&quot;bt_bb_align_inherit&quot;,&quot;def&quot;:&quot;inherit&quot;},&quot;bt_bb_content_display_&quot;:{&quot;current_class&quot;:&quot;bt_bb_content_display_always&quot;,&quot;def&quot;:&quot;always&quot;},&quot;bt_bb_animation_&quot;:{&quot;current_class&quot;:&quot;bt_bb_animation_no_animation&quot;,&quot;def&quot;:&quot;no_animation&quot;}}\"><span><img loading=\"lazy\" decoding=\"async\" width=\"568\" height=\"360\" src=\"https:\/\/vinphaco.net\/wp-content\/uploads\/2025\/08\/Vinphaco-finished-product-werahouse.png\" class=\"attachment-full size-full\" alt=\"Vinphaco-finished-product-werahouse\" data-full_image_src=\"https:\/\/vinphaco.net\/wp-content\/uploads\/2025\/08\/Vinphaco-finished-product-werahouse.png\" title=\"Vinphaco-finished-product-werahouse\" srcset=\"https:\/\/vinphaco.net\/wp-content\/uploads\/2025\/08\/Vinphaco-finished-product-werahouse.png 568w, https:\/\/vinphaco.net\/wp-content\/uploads\/2025\/08\/Vinphaco-finished-product-werahouse-320x203.png 320w\" sizes=\"auto, (max-width: 568px) 100vw, 568px\" \/><\/span><\/div><\/div><\/div><\/div><div data-bb-version=\"5.2.6\"  class=\"bt_bb_column col-xxl-6 col-xl-6 col-xs-12 col-sm-6 col-md-6 col-lg-6 bt_bb_vertical_align_top bt_bb_align_left bt_bb_padding_normal\" style=\"; --column-width:6;\" data-width=\"6\" data-bt-override-class=\"{}\"><div class=\"bt_bb_column_content\"><div class=\"bt_bb_column_content_inner\"><div data-bb-version=\"5.4.2\" class=\"box-text-icon line-no-icon bt_bb_box_text_icon bt_bb_box_text_icon wow animate__animated animate__fadeInRight\"  style=\"background-color: \"><div><div class=\"wrap-desc\"><div class=\"title\"><h3 style=\"\">Entrep\u00f4t de produits finis<\/h3><\/div><div class=\"desc\" style=\"\">D'une superficie totale de plus de 500 m\u00b2 et d'une capacit\u00e9 de plus de 350 palettes, cet entrep\u00f4t stocke des m\u00e9dicaments pr\u00eats \u00e0 \u00eatre distribu\u00e9s. Il sert de centre de distribution \u00e0 l'entreprise, approvisionnant toutes les succursales de Da Nang, Ho Chi Minh Ville et Can Tho, et r\u00e9pondant aux besoins du march\u00e9 national et des exportations. L'entrep\u00f4t est \u00e9quip\u00e9 de syst\u00e8mes de rayonnage, de zones de stockage d\u00e9di\u00e9es, d'un syst\u00e8me de contr\u00f4le de la temp\u00e9rature et de l'humidit\u00e9, de syst\u00e8mes de surveillance et d'alarme automatis\u00e9s et d'une surveillance par cam\u00e9ra de s\u00e9curit\u00e9 24 heures sur 24 et 7 jours sur 7. Des proc\u00e9dures de gestion strictes garantissent que les produits conservent une qualit\u00e9 optimale avant d'\u00eatre exp\u00e9di\u00e9s.   <\/div><\/div><\/div><\/div><\/div><\/div><\/div><\/div><\/div><\/div><!-- cell_inner --><\/div><!-- cell --><\/div><!-- port --><\/section><\/p>\n","protected":false},"excerpt":{"rendered":"","protected":false},"author":5,"featured_media":0,"parent":7446,"menu_order":0,"comment_status":"closed","ping_status":"closed","template":"","meta":{"_acf_changed":false,"footnotes":""},"class_list":["post-6063","page","type-page","status-publish","hentry"],"acf":[],"_links":{"self":[{"href":"https:\/\/vinphaco.net\/fr\/wp-json\/wp\/v2\/pages\/6063","targetHints":{"allow":["GET"]}}],"collection":[{"href":"https:\/\/vinphaco.net\/fr\/wp-json\/wp\/v2\/pages"}],"about":[{"href":"https:\/\/vinphaco.net\/fr\/wp-json\/wp\/v2\/types\/page"}],"author":[{"embeddable":true,"href":"https:\/\/vinphaco.net\/fr\/wp-json\/wp\/v2\/users\/5"}],"replies":[{"embeddable":true,"href":"https:\/\/vinphaco.net\/fr\/wp-json\/wp\/v2\/comments?post=6063"}],"version-history":[{"count":6,"href":"https:\/\/vinphaco.net\/fr\/wp-json\/wp\/v2\/pages\/6063\/revisions"}],"predecessor-version":[{"id":14070,"href":"https:\/\/vinphaco.net\/fr\/wp-json\/wp\/v2\/pages\/6063\/revisions\/14070"}],"up":[{"embeddable":true,"href":"https:\/\/vinphaco.net\/fr\/wp-json\/wp\/v2\/pages\/7446"}],"wp:attachment":[{"href":"https:\/\/vinphaco.net\/fr\/wp-json\/wp\/v2\/media?parent=6063"}],"curies":[{"name":"wp","href":"https:\/\/api.w.org\/{rel}","templated":true}]}}