{"id":6329,"date":"2025-04-16T15:55:18","date_gmt":"2025-04-16T08:55:18","guid":{"rendered":"https:\/\/vinphaco.net\/qualite\/"},"modified":"2025-08-21T13:25:40","modified_gmt":"2025-08-21T06:25:40","slug":"qualite","status":"publish","type":"page","link":"https:\/\/vinphaco.net\/fr\/usine\/qualite\/","title":{"rendered":"Qualit\u00e9"},"content":{"rendered":"<p><section data-bb-version=\"5.2.6\" id=\"bt_bb_section69eb5e26337a1\" class=\"bt_bb_section bt_bb_layout_wide bt_bb_vertical_align_top bt_bb_top_spacing_none bt_bb_bottom_spacing_none\"  data-bt-override-class=\"{&quot;bt_bb_top_spacing_&quot;:{&quot;current_class&quot;:&quot;bt_bb_top_spacing_none&quot;,&quot;def&quot;:&quot;none&quot;},&quot;bt_bb_bottom_spacing_&quot;:{&quot;current_class&quot;:&quot;bt_bb_bottom_spacing_none&quot;,&quot;def&quot;:&quot;none&quot;},&quot;bt_bb_animation_&quot;:{&quot;current_class&quot;:&quot;bt_bb_animation_no_animation&quot;,&quot;def&quot;:&quot;no_animation&quot;}}\"><div class=\"bt_bb_port\"><div class=\"bt_bb_cell\"><div class=\"bt_bb_cell_inner\"><div data-bb-version=\"5.2.6\" class=\"bt_bb_row  bt_bb_animation_fade_in animate\"  data-bt-override-class=\"{&quot;bt_bb_animation_&quot;:{&quot;current_class&quot;:&quot;bt_bb_animation_fade_in animate&quot;,&quot;def&quot;:&quot;fade_in animate&quot;}}\"><div class=\"bt_bb_row_holder\" ><div data-bb-version=\"5.2.6\"  class=\"bt_bb_column col-xxl-12 col-xl-12 col-xs-12 col-sm-12 col-md-12 col-lg-12 bt_bb_vertical_align_top bt_bb_align_left bt_bb_padding_normal\" style=\"; --column-width:12;\" data-width=\"12\" data-bt-override-class=\"{}\"><div class=\"bt_bb_column_content\"><div class=\"bt_bb_column_content_inner\"><div data-bb-version=\"5.4.2\" class=\"bt_bb_slider bt_bb_height_auto bt_bb_multiple_slides bt_bb_animation_slide animate\"><div class=\"slick-slider\"  data-slick='{ \"lazyLoad\": \"progressive\", \"cssEase\": \"ease-out\", \"speed\": \"300\", \"adaptiveHeight\": true, \"prevArrow\": \"\", \"nextArrow\": \"\",\"slidesToShow\": 1}' ><div class=\"bt_bb_slider_item\" data-src-full=\"https:\/\/vinphaco.net\/wp-content\/uploads\/2025\/07\/Vinphaco-GMP-Factory.png\"><img decoding=\"async\" src=\"https:\/\/vinphaco.net\/wp-content\/uploads\/2025\/07\/Vinphaco-GMP-Factory.png\" alt=\"Vinphaco-GMP-Factory\"  title=\"Vinphaco-GMP-Factory\"><\/div><\/div><\/div><\/div><\/div><\/div><\/div><\/div><\/div><!-- cell_inner --><\/div><!-- cell --><\/div><!-- port --><\/section><section data-bb-version=\"5.2.6\" id=\"bt_bb_section69eb5e2633aee\" class=\"bt_bb_section bt_bb_layout_boxed_1200 bt_bb_vertical_align_top bt_bb_top_spacing_none bt_bb_bottom_spacing_80\"  data-bt-override-class=\"{&quot;bt_bb_top_spacing_&quot;:{&quot;current_class&quot;:&quot;bt_bb_top_spacing_none&quot;,&quot;def&quot;:&quot;none&quot;},&quot;bt_bb_bottom_spacing_&quot;:{&quot;current_class&quot;:&quot;bt_bb_bottom_spacing_80&quot;,&quot;def&quot;:&quot;80&quot;},&quot;bt_bb_animation_&quot;:{&quot;current_class&quot;:&quot;bt_bb_animation_no_animation&quot;,&quot;def&quot;:&quot;no_animation&quot;}}\"><div class=\"bt_bb_port\"><div class=\"bt_bb_cell\"><div class=\"bt_bb_cell_inner\"><div data-bb-version=\"5.2.6\" class=\"bt_bb_row  bt_bb_animation_fade_in animate\"  data-bt-override-class=\"{&quot;bt_bb_animation_&quot;:{&quot;current_class&quot;:&quot;bt_bb_animation_fade_in animate&quot;,&quot;def&quot;:&quot;fade_in animate&quot;}}\"><div class=\"bt_bb_row_holder\" ><div data-bb-version=\"5.2.6\"  class=\"bt_bb_column col-xxl-12 col-xl-12 col-xs-12 col-sm-12 col-md-12 col-lg-12 bt_bb_vertical_align_top bt_bb_align_left bt_bb_padding_normal\" style=\"; --column-width:12;\" data-width=\"12\" data-bt-override-class=\"{&quot;bt_bb_align_&quot;:{&quot;current_class&quot;:&quot;bt_bb_align_left&quot;,&quot;def&quot;:&quot;left&quot;},&quot;bt_bb_padding_&quot;:{&quot;current_class&quot;:&quot;bt_bb_padding_normal&quot;,&quot;def&quot;:&quot;normal&quot;},&quot;bt_bb_animation_&quot;:{&quot;current_class&quot;:&quot;bt_bb_animation_no_animation&quot;,&quot;def&quot;:&quot;no_animation&quot;}}\"><div class=\"bt_bb_column_content\"><div class=\"bt_bb_column_content_inner\"><div data-bb-version=\"5.2.6\" class=\"bt_bb_breadcrumb\"><div class=\"breadcrumb-wrapper\"><nav class=\"breadcrumb\"><a href=\"https:\/\/vinphaco.net\/fr\/\">Accueil<\/a> <svg width=\"8\" height=\"14\" viewBox=\"0 0 8 14\" fill=\"none\" xmlns=\"http:\/\/www.w3.org\/2000\/svg\"><path d=\"M1 13L7 7L1 1\" stroke=\"#181D27\" stroke-width=\"2\" stroke-linecap=\"round\" stroke-linejoin=\"round\"\/><\/svg><\/nav><\/div><\/div><div data-bb-version=\"5.4.2\" class=\"bt_bb_video mb-40\"><div class=\"section-video\"><div class=\"video-embed \"><video class=\"myVideo\" playsinline poster=\"https:\/\/vinphaco.net\/wp-content\/uploads\/2025\/07\/Cover-research.png\"><source src=\"https:\/\/vinphaco.net\/wp-content\/uploads\/2020\/09\/Introduction-TVC-of-Vinh-Phuc-Pharmaceutical-Joint-Stock-Company-2025.mp4\" type=\"video\/mp4\"><p><i>Votre navigateur ne prend pas en charge la balise vid\u00e9o.<\/i><\/p><\/video><button class=\"playStopButton\"><\/button><\/div><\/div><\/div><div data-bb-version=\"5.4.2\" class=\"bt_bb_heading_section text-center page-heading-about\"><div class=\"section-title bt_bb_heading_section\"><div class=\"title\"><h3>Haute qualit\u00e9<\/h3> <\/div><div class=\"desc\">Chez Vinphaco, la recherche et le d\u00e9veloppement sont le moteur de l&#039;innovation et de la cr\u00e9ativit\u00e9, et servent de base \u00e0 la fourniture de produits pharmaceutiques de haute qualit\u00e9.<\/div><\/div><\/div><\/div><\/div><\/div><\/div><\/div><\/div><!-- cell_inner --><\/div><!-- cell --><\/div><!-- port --><\/section><section data-bb-version=\"5.2.6\" id=\"bt_bb_section69eb5e2633eae\" class=\"bt_bb_section bt_bb_layout_boxed_1200 bt_bb_vertical_align_top bt_bb_top_spacing_80 bt_bb_bottom_spacing_80\" style=\";background-color:rgba(247, 247, 253, 1);\" data-bt-override-class=\"{&quot;bt_bb_top_spacing_&quot;:{&quot;current_class&quot;:&quot;bt_bb_top_spacing_80&quot;,&quot;def&quot;:&quot;80&quot;},&quot;bt_bb_bottom_spacing_&quot;:{&quot;current_class&quot;:&quot;bt_bb_bottom_spacing_80&quot;,&quot;def&quot;:&quot;80&quot;},&quot;bt_bb_animation_&quot;:{&quot;current_class&quot;:&quot;bt_bb_animation_no_animation&quot;,&quot;def&quot;:&quot;no_animation&quot;}}\"><div class=\"bt_bb_port\"><div class=\"bt_bb_cell\"><div class=\"bt_bb_cell_inner\"><div data-bb-version=\"5.2.6\" class=\"bt_bb_row \"  data-bt-override-class=\"{}\"><div class=\"bt_bb_row_holder\" ><div data-bb-version=\"5.2.6\"  class=\"bt_bb_column col-xxl-12 col-xl-12 col-xs-12 col-sm-12 col-md-12 col-lg-12 bt_bb_vertical_align_top bt_bb_align_left bt_bb_padding_normal\" style=\"; --column-width:12;\" data-width=\"12\" data-bt-override-class=\"{&quot;bt_bb_align_&quot;:{&quot;current_class&quot;:&quot;bt_bb_align_left&quot;,&quot;def&quot;:&quot;left&quot;},&quot;bt_bb_padding_&quot;:{&quot;current_class&quot;:&quot;bt_bb_padding_normal&quot;,&quot;def&quot;:&quot;normal&quot;},&quot;bt_bb_animation_&quot;:{&quot;current_class&quot;:&quot;bt_bb_animation_no_animation&quot;,&quot;def&quot;:&quot;no_animation&quot;}}\"><div class=\"bt_bb_column_content\"><div class=\"bt_bb_column_content_inner\"><div data-bb-version=\"5.4.2\" class=\"bt_bb_heading_section text-center page-heading-about\"><div class=\"section-title bt_bb_heading_section\"><div class=\"title\"><h3>Salle de test<\/h3> <\/div><div class=\"desc\">Vinphaco dispose d&#039;une \u00e9quipe de plus de 40 experts en R&amp;D, dont des docteurs, des ma\u00eetres et des pharmaciens sp\u00e9cialis\u00e9s, qui travaillent dans deux laboratoires modernes \u00e9quip\u00e9s de technologies avanc\u00e9es.<\/div><\/div><\/div><div data-bb-version=\"5.2.6\" class=\" bt_bb_row_inner\"   data-bt-override-class=\"{}\"><div class=\"bt_bb_row_inner_holder\"  ><div data-bb-version=\"5.2.6\"  class=\"bt_bb_column_inner col-xxl-4 col-xl-4 col-xs-12 col-sm-12 col-md-12 col-lg-4 bt_bb_vertical_align_top bt_bb_align_left bt_bb_padding_normal\"  data-width=\"4\" data-bt-override-class=\"{}\"><div class=\"bt_bb_column_inner_content\"><div class=\"bt_bb_column_inner_content_inner\"><div data-bb-version=\"5.4.2\" class=\"bt_bb_post_banner wow animate__animated animate__fadeInDown\"><div class=\"wow animate__animated animate__fadeInDown\"><div class=\"banner\"><img decoding=\"async\" src=\"https:\/\/vinphaco.net\/wp-content\/uploads\/2025\/07\/Pioneer-in-Pharmaceutical-Technology.png\"><\/div><div class=\"desc\"><h6>D\u00e9partement R&amp;D<\/h6>\nNous sommes les pionniers de la recherche clinique, ce qui garantit que nos produits r\u00e9pondent non seulement aux normes de qualit\u00e9 les plus strictes, mais aussi aux normes de s\u00e9curit\u00e9 les plus strictes.<\/div><\/div><\/div><\/div><\/div><\/div><div data-bb-version=\"5.2.6\"  class=\"bt_bb_column_inner col-xxl-4 col-xl-4 col-xs-12 col-sm-12 col-md-12 col-lg-4 bt_bb_vertical_align_top bt_bb_align_left bt_bb_padding_normal\"  data-width=\"4\" data-bt-override-class=\"{}\"><div class=\"bt_bb_column_inner_content\"><div class=\"bt_bb_column_inner_content_inner\"><div data-bb-version=\"5.4.2\" class=\"bt_bb_post_banner wow animate__animated animate__fadeInDown\"><div class=\"wow animate__animated animate__fadeInDown\"><div class=\"banner\"><img decoding=\"async\" src=\"https:\/\/vinphaco.net\/wp-content\/uploads\/2025\/07\/Vinphaco-lab-equipment.png\"><\/div><div class=\"desc\"><h6>D\u00e9partement R&amp;D<\/h6>\nNotre efficacit\u00e9 et notre s\u00e9curit\u00e9 ont \u00e9t\u00e9 prouv\u00e9es et sont comparables \u00e0 celles des m\u00e9dicaments d'origine.<\/div><\/div><\/div><\/div><\/div><\/div><div data-bb-version=\"5.2.6\"  class=\"bt_bb_column_inner col-xxl-4 col-xl-4 col-xs-12 col-sm-12 col-md-12 col-lg-4 bt_bb_vertical_align_top bt_bb_align_left bt_bb_padding_normal\"  data-width=\"4\" data-bt-override-class=\"{}\"><div class=\"bt_bb_column_inner_content\"><div class=\"bt_bb_column_inner_content_inner\"><div data-bb-version=\"5.4.2\" class=\"bt_bb_post_banner wow animate__animated animate__fadeInDown\"><div class=\"wow animate__animated animate__fadeInDown\"><div class=\"banner\"><img decoding=\"async\" src=\"https:\/\/vinphaco.net\/wp-content\/uploads\/2025\/07\/Vinphaco-piorneering-at-research.png\"><\/div><div class=\"desc\"><h6>D\u00e9partement R&amp;D<\/h6>\nNous sommes fiers de d\u00e9velopper des produits de haute qualit\u00e9 qui sont le premier choix des professionnels de la sant\u00e9.<\/div><\/div><\/div><\/div><\/div><\/div><\/div><\/div><\/div><\/div><\/div><\/div><\/div><\/div><!-- cell_inner --><\/div><!-- cell --><\/div><!-- port --><\/section><section data-bb-version=\"5.2.6\" id=\"bt_bb_section69eb5e26344a4\" class=\"bt_bb_section bt_bb_layout_boxed_1200 bt_bb_vertical_align_top bt_bb_top_spacing_80 bt_bb_bottom_spacing_80\"  data-bt-override-class=\"{&quot;bt_bb_top_spacing_&quot;:{&quot;current_class&quot;:&quot;bt_bb_top_spacing_80&quot;,&quot;def&quot;:&quot;80&quot;},&quot;bt_bb_bottom_spacing_&quot;:{&quot;current_class&quot;:&quot;bt_bb_bottom_spacing_80&quot;,&quot;def&quot;:&quot;80&quot;},&quot;bt_bb_animation_&quot;:{&quot;current_class&quot;:&quot;bt_bb_animation_no_animation&quot;,&quot;def&quot;:&quot;no_animation&quot;}}\"><div class=\"bt_bb_port\"><div class=\"bt_bb_cell\"><div class=\"bt_bb_cell_inner\"><div data-bb-version=\"5.2.6\" class=\"bt_bb_row \"  data-bt-override-class=\"{}\"><div class=\"bt_bb_row_holder\" ><div data-bb-version=\"5.2.6\"  class=\"bt_bb_column col-xxl-12 col-xl-12 col-xs-12 col-sm-12 col-md-12 col-lg-12 bt_bb_vertical_align_top bt_bb_align_left bt_bb_padding_normal\" style=\"; --column-width:12;\" data-width=\"12\" data-bt-override-class=\"{&quot;bt_bb_align_&quot;:{&quot;current_class&quot;:&quot;bt_bb_align_left&quot;,&quot;def&quot;:&quot;left&quot;},&quot;bt_bb_padding_&quot;:{&quot;current_class&quot;:&quot;bt_bb_padding_normal&quot;,&quot;def&quot;:&quot;normal&quot;},&quot;bt_bb_animation_&quot;:{&quot;current_class&quot;:&quot;bt_bb_animation_no_animation&quot;,&quot;def&quot;:&quot;no_animation&quot;}}\"><div class=\"bt_bb_column_content\"><div class=\"bt_bb_column_content_inner\"><div data-bb-version=\"5.3.6\" class=\"bt_bb_heading_section text-center page-heading-about mb-60\"><div class=\"section-title bt_bb_heading_section\"><div class=\"title\"><h3>Normes de qualit\u00e9<\/h3> <\/div><\/div><\/div><div data-bb-version=\"5.4.2\" class=\"bt_bb_image bt_bb_shape_square bt_bb_target_self bt_bb_align_inherit bt_bb_hover_style_simple bt_bb_content_display_always bt_bb_content_align_middle\" data-bt-override-class=\"{&quot;bt_bb_align_&quot;:{&quot;current_class&quot;:&quot;bt_bb_align_inherit&quot;,&quot;def&quot;:&quot;inherit&quot;},&quot;bt_bb_content_display_&quot;:{&quot;current_class&quot;:&quot;bt_bb_content_display_always&quot;,&quot;def&quot;:&quot;always&quot;},&quot;bt_bb_animation_&quot;:{&quot;current_class&quot;:&quot;bt_bb_animation_no_animation&quot;,&quot;def&quot;:&quot;no_animation&quot;}}\"><span><img loading=\"lazy\" decoding=\"async\" width=\"1496\" height=\"1057\" src=\"https:\/\/vinphaco.net\/wp-content\/uploads\/2025\/08\/DBCL-flowchart-Vinphaco-pdf.jpg\" class=\"attachment-full size-full\" alt=\"https:\/\/vinphaco.net\/wp-content\/uploads\/2025\/08\/DBCL-flowchart-Vinphaco-pdf.jpg\" data-full_image_src=\"https:\/\/vinphaco.net\/wp-content\/uploads\/2025\/08\/DBCL-flowchart-Vinphaco-pdf.jpg\" title=\"\u0110BCL-flowchart Vinphaco\" \/><\/span><\/div><\/div><\/div><\/div><\/div><\/div><\/div><!-- cell_inner --><\/div><!-- cell --><\/div><!-- port --><\/section><\/p>\n","protected":false},"excerpt":{"rendered":"","protected":false},"author":5,"featured_media":0,"parent":7446,"menu_order":0,"comment_status":"closed","ping_status":"closed","template":"","meta":{"_acf_changed":false,"footnotes":""},"class_list":["post-6329","page","type-page","status-publish","hentry"],"acf":[],"_links":{"self":[{"href":"https:\/\/vinphaco.net\/fr\/wp-json\/wp\/v2\/pages\/6329","targetHints":{"allow":["GET"]}}],"collection":[{"href":"https:\/\/vinphaco.net\/fr\/wp-json\/wp\/v2\/pages"}],"about":[{"href":"https:\/\/vinphaco.net\/fr\/wp-json\/wp\/v2\/types\/page"}],"author":[{"embeddable":true,"href":"https:\/\/vinphaco.net\/fr\/wp-json\/wp\/v2\/users\/5"}],"replies":[{"embeddable":true,"href":"https:\/\/vinphaco.net\/fr\/wp-json\/wp\/v2\/comments?post=6329"}],"version-history":[{"count":12,"href":"https:\/\/vinphaco.net\/fr\/wp-json\/wp\/v2\/pages\/6329\/revisions"}],"predecessor-version":[{"id":14000,"href":"https:\/\/vinphaco.net\/fr\/wp-json\/wp\/v2\/pages\/6329\/revisions\/14000"}],"up":[{"embeddable":true,"href":"https:\/\/vinphaco.net\/fr\/wp-json\/wp\/v2\/pages\/7446"}],"wp:attachment":[{"href":"https:\/\/vinphaco.net\/fr\/wp-json\/wp\/v2\/media?parent=6329"}],"curies":[{"name":"wp","href":"https:\/\/api.w.org\/{rel}","templated":true}]}}