{"id":13602,"date":"2025-08-21T09:29:42","date_gmt":"2025-08-21T02:29:42","guid":{"rendered":"https:\/\/vinphaco.net\/product\/dexamethasone\/"},"modified":"2025-10-02T11:41:08","modified_gmt":"2025-10-02T04:41:08","slug":"dexamethasone","status":"publish","type":"product","link":"https:\/\/vinphaco.net\/fr\/produit\/dexamethasone\/","title":{"rendered":"DEXAMETHASONE"},"content":{"rendered":"","protected":false},"excerpt":{"rendered":"<p>La dexam\u00e9thasone est un glucocortico\u00efde synth\u00e9tique (hormone corticosurr\u00e9nalienne) qui a un effet sur le m\u00e9tabolisme, l&rsquo;\u00e9quilibre \u00e9lectrolytique et les fonctions tissulaires.<\/p>\n","protected":false},"featured_media":11656,"template":"","meta":{"_acf_changed":false},"product_brand":[],"product_cat":[340],"product_tag":[341,342],"class_list":{"0":"post-13602","1":"product","2":"type-product","3":"status-publish","4":"has-post-thumbnail","6":"product_cat-etc-corticosterioids-nsaids-fr","7":"product_tag-drug-fr","8":"product_tag-etc-fr","10":"first","11":"instock","12":"shipping-taxable","13":"product-type-simple"},"acf":{"product_detail":[{"name":"Forme posologique","value":"Solution pour l'injection"},{"name":"Indications","value":"Dexamethason est utilis\u00e9 pour traiter : \n- inflammation de la peau, des articulations, des poumons et d'autres organes. \n- Les affections couramment trait\u00e9es sont l'asthme, les allergies et l'arthrite. \n- D'autres affections, comme les troubles sanguins et les maladies des glandes surr\u00e9nales."},{"name":"Composition","value":"Dexam\u00e9thasone 4 mg\/1 ml"}],"instructions_for_use":""},"_links":{"self":[{"href":"https:\/\/vinphaco.net\/fr\/wp-json\/wp\/v2\/product\/13602","targetHints":{"allow":["GET"]}}],"collection":[{"href":"https:\/\/vinphaco.net\/fr\/wp-json\/wp\/v2\/product"}],"about":[{"href":"https:\/\/vinphaco.net\/fr\/wp-json\/wp\/v2\/types\/product"}],"wp:featuredmedia":[{"embeddable":true,"href":"https:\/\/vinphaco.net\/fr\/wp-json\/wp\/v2\/media\/11656"}],"wp:attachment":[{"href":"https:\/\/vinphaco.net\/fr\/wp-json\/wp\/v2\/media?parent=13602"}],"wp:term":[{"taxonomy":"product_brand","embeddable":true,"href":"https:\/\/vinphaco.net\/fr\/wp-json\/wp\/v2\/product_brand?post=13602"},{"taxonomy":"product_cat","embeddable":true,"href":"https:\/\/vinphaco.net\/fr\/wp-json\/wp\/v2\/product_cat?post=13602"},{"taxonomy":"product_tag","embeddable":true,"href":"https:\/\/vinphaco.net\/fr\/wp-json\/wp\/v2\/product_tag?post=13602"}],"curies":[{"name":"wp","href":"https:\/\/api.w.org\/{rel}","templated":true}]}}