{"id":13610,"date":"2025-08-21T09:29:42","date_gmt":"2025-08-21T02:29:42","guid":{"rendered":"https:\/\/vinphaco.net\/product\/clindacine-600\/"},"modified":"2025-10-02T11:41:26","modified_gmt":"2025-10-02T04:41:26","slug":"clindacine-600","status":"publish","type":"product","link":"https:\/\/vinphaco.net\/fr\/produit\/clindacine-600\/","title":{"rendered":"CLINDACINE 600"},"content":{"rendered":"","protected":false},"excerpt":{"rendered":"<p>Les produits \u00e0 base de phosphate de clindamycine sont indiqu\u00e9s dans le traitement des infections graves caus\u00e9es par des bact\u00e9ries ana\u00e9robies sensibles.<\/p>\n","protected":false},"featured_media":11688,"template":"","meta":{"_acf_changed":false},"product_brand":[],"product_cat":[399],"product_tag":[341,342],"class_list":{"0":"post-13610","1":"product","2":"type-product","3":"status-publish","4":"has-post-thumbnail","6":"product_cat-cte-antibiotiques","7":"product_tag-drug-fr","8":"product_tag-etc-fr","10":"first","11":"instock","12":"shipping-taxable","13":"product-type-simple"},"acf":{"product_detail":[{"name":"Forme posologique","value":"Solution pour l'injection"},{"name":"Indications","value":"Antibact\u00e9rien : infections graves caus\u00e9es par des organismes Gram positif sensibles, des staphylocoques, des streptocoques, des pneumocoques et des pathog\u00e8nes ana\u00e9robies sensibles.  "},{"name":"Composition","value":"Clindamycine 600mg\/4ml"}],"instructions_for_use":""},"_links":{"self":[{"href":"https:\/\/vinphaco.net\/fr\/wp-json\/wp\/v2\/product\/13610","targetHints":{"allow":["GET"]}}],"collection":[{"href":"https:\/\/vinphaco.net\/fr\/wp-json\/wp\/v2\/product"}],"about":[{"href":"https:\/\/vinphaco.net\/fr\/wp-json\/wp\/v2\/types\/product"}],"wp:featuredmedia":[{"embeddable":true,"href":"https:\/\/vinphaco.net\/fr\/wp-json\/wp\/v2\/media\/11688"}],"wp:attachment":[{"href":"https:\/\/vinphaco.net\/fr\/wp-json\/wp\/v2\/media?parent=13610"}],"wp:term":[{"taxonomy":"product_brand","embeddable":true,"href":"https:\/\/vinphaco.net\/fr\/wp-json\/wp\/v2\/product_brand?post=13610"},{"taxonomy":"product_cat","embeddable":true,"href":"https:\/\/vinphaco.net\/fr\/wp-json\/wp\/v2\/product_cat?post=13610"},{"taxonomy":"product_tag","embeddable":true,"href":"https:\/\/vinphaco.net\/fr\/wp-json\/wp\/v2\/product_tag?post=13610"}],"curies":[{"name":"wp","href":"https:\/\/api.w.org\/{rel}","templated":true}]}}