{"id":13629,"date":"2025-08-21T09:29:42","date_gmt":"2025-08-21T02:29:42","guid":{"rendered":"https:\/\/vinphaco.net\/product\/nelcin-100\/"},"modified":"2025-08-21T09:29:42","modified_gmt":"2025-08-21T02:29:42","slug":"nelcin-100","status":"publish","type":"product","link":"https:\/\/vinphaco.net\/fr\/produit\/nelcin-100\/","title":{"rendered":"NELCIN 100"},"content":{"rendered":"","protected":false},"excerpt":{"rendered":"<p>Nelcin 100 est l&rsquo;un des m\u00e9dicaments antibact\u00e9riens les plus efficaces. Il contient l&rsquo;ingr\u00e9dient principal, le sulfate de n\u00e9tilmicine.<\/p>\n","protected":false},"featured_media":11462,"template":"","meta":{"_acf_changed":false},"product_brand":[],"product_cat":[399],"product_tag":[341,342],"class_list":{"0":"post-13629","1":"product","2":"type-product","3":"status-publish","4":"has-post-thumbnail","6":"product_cat-cte-antibiotiques","7":"product_tag-drug-fr","8":"product_tag-etc-fr","10":"first","11":"instock","12":"shipping-taxable","13":"product-type-simple"},"acf":{"product_detail":[{"name":"Forme posologique","value":"Solution pour l'injection"},{"name":"Indications","value":"Indications :\n-Traitement de certaines infections s\u00e9v\u00e8res caus\u00e9es par des bact\u00e9ries \u00e0 Gram n\u00e9gatif, y compris les bact\u00e9ries r\u00e9sistantes \u00e0 la gentamicine et \u00e0 la tobramycine, \u00e0 l'amikacine et \u00e0 la kanamycine.\n-Infections des voies biliaires.\n-Infections des os et des articulations.\n-Infections du syst\u00e8me nerveux central. -Infections intra-abdominales.Infections du syst\u00e8me nerveux central.\n-Infections intra-abdominales.\n-Pneumonie caus\u00e9e par des bact\u00e9ries \u00e0 Gram n\u00e9gatif.\n-Bact\u00e9ri\u00e9mie.\n-Infections de la peau et des tissus mous (y compris les br\u00fblures).\n-Infections urinaires r\u00e9currentes et compliqu\u00e9es, gonorrh\u00e9e aigu\u00eb."},{"name":"Composition","value":"Netilmicine (sulfate de Netilmicine) 100mg\/2ml"}],"instructions_for_use":""},"_links":{"self":[{"href":"https:\/\/vinphaco.net\/fr\/wp-json\/wp\/v2\/product\/13629","targetHints":{"allow":["GET"]}}],"collection":[{"href":"https:\/\/vinphaco.net\/fr\/wp-json\/wp\/v2\/product"}],"about":[{"href":"https:\/\/vinphaco.net\/fr\/wp-json\/wp\/v2\/types\/product"}],"wp:featuredmedia":[{"embeddable":true,"href":"https:\/\/vinphaco.net\/fr\/wp-json\/wp\/v2\/media\/11462"}],"wp:attachment":[{"href":"https:\/\/vinphaco.net\/fr\/wp-json\/wp\/v2\/media?parent=13629"}],"wp:term":[{"taxonomy":"product_brand","embeddable":true,"href":"https:\/\/vinphaco.net\/fr\/wp-json\/wp\/v2\/product_brand?post=13629"},{"taxonomy":"product_cat","embeddable":true,"href":"https:\/\/vinphaco.net\/fr\/wp-json\/wp\/v2\/product_cat?post=13629"},{"taxonomy":"product_tag","embeddable":true,"href":"https:\/\/vinphaco.net\/fr\/wp-json\/wp\/v2\/product_tag?post=13629"}],"curies":[{"name":"wp","href":"https:\/\/api.w.org\/{rel}","templated":true}]}}