{"id":13632,"date":"2025-08-21T09:29:41","date_gmt":"2025-08-21T02:29:41","guid":{"rendered":"https:\/\/vinphaco.net\/product\/nisitanol\/"},"modified":"2025-10-02T11:40:40","modified_gmt":"2025-10-02T04:40:40","slug":"nisitanol","status":"publish","type":"product","link":"https:\/\/vinphaco.net\/fr\/produit\/nisitanol\/","title":{"rendered":"NISITANOL"},"content":{"rendered":"","protected":false},"excerpt":{"rendered":"<p>Le nisitanol traite les douleurs rhumatismales, les maux de dents et les douleurs post-op\u00e9ratoires.<\/p>\n","protected":false},"featured_media":11296,"template":"","meta":{"_acf_changed":false},"product_brand":[],"product_cat":[340],"product_tag":[341,342],"class_list":{"0":"post-13632","1":"product","2":"type-product","3":"status-publish","4":"has-post-thumbnail","6":"product_cat-etc-corticosterioids-nsaids-fr","7":"product_tag-drug-fr","8":"product_tag-etc-fr","10":"first","11":"instock","12":"shipping-taxable","13":"product-type-simple"},"acf":{"product_detail":[{"name":"Forme posologique","value":"Tablette  "},{"name":"Indications","value":"Nisitanol est indiqu\u00e9 dans les cas suivants :\nTraitement de la douleur mod\u00e9r\u00e9e due \u00e0 de nombreuses causes telles que : Douleurs rhumatismales, maux de dents, douleurs postop\u00e9ratoires, douleurs chroniques."},{"name":"Composition","value":"Nisitanol 20mg"}],"instructions_for_use":""},"_links":{"self":[{"href":"https:\/\/vinphaco.net\/fr\/wp-json\/wp\/v2\/product\/13632","targetHints":{"allow":["GET"]}}],"collection":[{"href":"https:\/\/vinphaco.net\/fr\/wp-json\/wp\/v2\/product"}],"about":[{"href":"https:\/\/vinphaco.net\/fr\/wp-json\/wp\/v2\/types\/product"}],"wp:featuredmedia":[{"embeddable":true,"href":"https:\/\/vinphaco.net\/fr\/wp-json\/wp\/v2\/media\/11296"}],"wp:attachment":[{"href":"https:\/\/vinphaco.net\/fr\/wp-json\/wp\/v2\/media?parent=13632"}],"wp:term":[{"taxonomy":"product_brand","embeddable":true,"href":"https:\/\/vinphaco.net\/fr\/wp-json\/wp\/v2\/product_brand?post=13632"},{"taxonomy":"product_cat","embeddable":true,"href":"https:\/\/vinphaco.net\/fr\/wp-json\/wp\/v2\/product_cat?post=13632"},{"taxonomy":"product_tag","embeddable":true,"href":"https:\/\/vinphaco.net\/fr\/wp-json\/wp\/v2\/product_tag?post=13632"}],"curies":[{"name":"wp","href":"https:\/\/api.w.org\/{rel}","templated":true}]}}