{"id":13664,"date":"2025-08-21T09:29:41","date_gmt":"2025-08-21T02:29:41","guid":{"rendered":"https:\/\/vinphaco.net\/product\/paparin\/"},"modified":"2025-10-02T11:41:06","modified_gmt":"2025-10-02T04:41:06","slug":"paparin","status":"publish","type":"product","link":"https:\/\/vinphaco.net\/fr\/produit\/paparin\/","title":{"rendered":"PAPARIN"},"content":{"rendered":"","protected":false},"excerpt":{"rendered":"<p>La papav\u00e9rine est un vasodilatateur qui d\u00e9tend les muscles lisses de vos vaisseaux sanguins pour les aider \u00e0 se dilater (s&rsquo;\u00e9largir).<\/p>\n","protected":false},"featured_media":11392,"template":"","meta":{"_acf_changed":false},"product_brand":[],"product_cat":[494],"product_tag":[341,342],"class_list":{"0":"post-13664","1":"product","2":"type-product","3":"status-publish","4":"has-post-thumbnail","6":"product_cat-etc-emergence-et-avc","7":"product_tag-drug-fr","8":"product_tag-etc-fr","10":"first","11":"instock","12":"shipping-taxable","13":"product-type-simple"},"acf":{"product_detail":[{"name":"Forme posologique","value":"Solution pour l'injection"},{"name":"Indications","value":"La papav\u00e9rine est utilis\u00e9e pour traiter de nombreuses affections qui provoquent des spasmes des muscles lisses. Il s'agit notamment de douleurs thoraciques, de probl\u00e8mes de circulation, de crises cardiaques ou de troubles de l'estomac ou de la v\u00e9sicule biliaire. "},{"name":"Composition","value":"Hydrochlorure de papav\u00e9rine 40mg\/2ml"}],"instructions_for_use":""},"_links":{"self":[{"href":"https:\/\/vinphaco.net\/fr\/wp-json\/wp\/v2\/product\/13664","targetHints":{"allow":["GET"]}}],"collection":[{"href":"https:\/\/vinphaco.net\/fr\/wp-json\/wp\/v2\/product"}],"about":[{"href":"https:\/\/vinphaco.net\/fr\/wp-json\/wp\/v2\/types\/product"}],"wp:featuredmedia":[{"embeddable":true,"href":"https:\/\/vinphaco.net\/fr\/wp-json\/wp\/v2\/media\/11392"}],"wp:attachment":[{"href":"https:\/\/vinphaco.net\/fr\/wp-json\/wp\/v2\/media?parent=13664"}],"wp:term":[{"taxonomy":"product_brand","embeddable":true,"href":"https:\/\/vinphaco.net\/fr\/wp-json\/wp\/v2\/product_brand?post=13664"},{"taxonomy":"product_cat","embeddable":true,"href":"https:\/\/vinphaco.net\/fr\/wp-json\/wp\/v2\/product_cat?post=13664"},{"taxonomy":"product_tag","embeddable":true,"href":"https:\/\/vinphaco.net\/fr\/wp-json\/wp\/v2\/product_tag?post=13664"}],"curies":[{"name":"wp","href":"https:\/\/api.w.org\/{rel}","templated":true}]}}