{"id":13667,"date":"2025-08-21T09:29:40","date_gmt":"2025-08-21T02:29:40","guid":{"rendered":"https:\/\/vinphaco.net\/product\/fenidel\/"},"modified":"2025-10-02T11:40:33","modified_gmt":"2025-10-02T04:40:33","slug":"fenidel","status":"publish","type":"product","link":"https:\/\/vinphaco.net\/fr\/produit\/fenidel\/","title":{"rendered":"FENIDEL"},"content":{"rendered":"","protected":false},"excerpt":{"rendered":"<p>FENIDEL 20 mg\/1 ml solution injectable en ampoules est utilis\u00e9 comme traitement \u00e0 court terme pour soulager certains sympt\u00f4mes pendant les \u00e9pisodes de polyarthrite rhumato\u00efde et de spondylarthrite ankylosante (affections rhumatismales de la colonne vert\u00e9brale), tels que gonflement, raideur et douleur articulaire.n<\/p>\n","protected":false},"featured_media":6919,"template":"","meta":{"_acf_changed":false},"product_brand":[],"product_cat":[340],"product_tag":[341,342],"class_list":{"0":"post-13667","1":"product","2":"type-product","3":"status-publish","4":"has-post-thumbnail","6":"product_cat-etc-corticosterioids-nsaids-fr","7":"product_tag-drug-fr","8":"product_tag-etc-fr","10":"first","11":"instock","12":"shipping-taxable","13":"product-type-simple"},"acf":{"product_detail":[{"name":"Forme posologique","value":"Solution pour l'injection"},{"name":"Indications","value":"Le piroxicam est indiqu\u00e9 pour soulager certains sympt\u00f4mes lors d'\u00e9pisodes de polyarthrite rhumato\u00efde et de spondylarthrite ankylosante (affections rhumatismales de la colonne vert\u00e9brale), tels que le gonflement, la raideur et la douleur articulaire.\n"},{"name":"Composition","value":"Piroxicam 20mg\/1ml"}],"instructions_for_use":""},"_links":{"self":[{"href":"https:\/\/vinphaco.net\/fr\/wp-json\/wp\/v2\/product\/13667","targetHints":{"allow":["GET"]}}],"collection":[{"href":"https:\/\/vinphaco.net\/fr\/wp-json\/wp\/v2\/product"}],"about":[{"href":"https:\/\/vinphaco.net\/fr\/wp-json\/wp\/v2\/types\/product"}],"wp:featuredmedia":[{"embeddable":true,"href":"https:\/\/vinphaco.net\/fr\/wp-json\/wp\/v2\/media\/6919"}],"wp:attachment":[{"href":"https:\/\/vinphaco.net\/fr\/wp-json\/wp\/v2\/media?parent=13667"}],"wp:term":[{"taxonomy":"product_brand","embeddable":true,"href":"https:\/\/vinphaco.net\/fr\/wp-json\/wp\/v2\/product_brand?post=13667"},{"taxonomy":"product_cat","embeddable":true,"href":"https:\/\/vinphaco.net\/fr\/wp-json\/wp\/v2\/product_cat?post=13667"},{"taxonomy":"product_tag","embeddable":true,"href":"https:\/\/vinphaco.net\/fr\/wp-json\/wp\/v2\/product_tag?post=13667"}],"curies":[{"name":"wp","href":"https:\/\/api.w.org\/{rel}","templated":true}]}}