{"id":13671,"date":"2025-08-21T09:29:40","date_gmt":"2025-08-21T02:29:40","guid":{"rendered":"https:\/\/vinphaco.net\/product\/vinphatoxine\/"},"modified":"2025-10-02T11:40:02","modified_gmt":"2025-10-02T04:40:02","slug":"vinphatoxine","status":"publish","type":"product","link":"https:\/\/vinphaco.net\/fr\/produit\/vinphatoxine\/","title":{"rendered":"VINPHATOXINE"},"content":{"rendered":"","protected":false},"excerpt":{"rendered":"<p>La vinphatoxine est une solution injectable contenant de l&rsquo;ocytocine, qui a pour effet de d\u00e9clencher le travail, d&rsquo;arr\u00eater les h\u00e9morragies apr\u00e8s l&rsquo;accouchement et de pr\u00e9venir les naissances pr\u00e9matur\u00e9es.<\/p>\n","protected":false},"featured_media":10832,"template":"","meta":{"_acf_changed":false},"product_brand":[],"product_cat":[371],"product_tag":[341,342],"class_list":{"0":"post-13671","1":"product","2":"type-product","3":"status-publish","4":"has-post-thumbnail","6":"product_cat-etc-anesthesie-et-obstetrique","7":"product_tag-drug-fr","8":"product_tag-etc-fr","10":"first","11":"instock","12":"shipping-taxable","13":"product-type-simple"},"acf":{"product_detail":[{"name":"Forme posologique","value":"Solution pour l'injection"},{"name":"Indications","value":"Indications :\n- M\u00e9dicaments pour la fertilit\u00e9. Pr\u00e9vention et contr\u00f4le des h\u00e9morragies post-partum. \n- Assurer les contractions ut\u00e9rines pendant la c\u00e9sarienne.\n- Fi\u00e8vre de l'avortement incomplet et de la fausse couche."},{"name":"Composition","value":"Oxytocine 10UI\/ml"}],"instructions_for_use":""},"_links":{"self":[{"href":"https:\/\/vinphaco.net\/fr\/wp-json\/wp\/v2\/product\/13671","targetHints":{"allow":["GET"]}}],"collection":[{"href":"https:\/\/vinphaco.net\/fr\/wp-json\/wp\/v2\/product"}],"about":[{"href":"https:\/\/vinphaco.net\/fr\/wp-json\/wp\/v2\/types\/product"}],"wp:featuredmedia":[{"embeddable":true,"href":"https:\/\/vinphaco.net\/fr\/wp-json\/wp\/v2\/media\/10832"}],"wp:attachment":[{"href":"https:\/\/vinphaco.net\/fr\/wp-json\/wp\/v2\/media?parent=13671"}],"wp:term":[{"taxonomy":"product_brand","embeddable":true,"href":"https:\/\/vinphaco.net\/fr\/wp-json\/wp\/v2\/product_brand?post=13671"},{"taxonomy":"product_cat","embeddable":true,"href":"https:\/\/vinphaco.net\/fr\/wp-json\/wp\/v2\/product_cat?post=13671"},{"taxonomy":"product_tag","embeddable":true,"href":"https:\/\/vinphaco.net\/fr\/wp-json\/wp\/v2\/product_tag?post=13671"}],"curies":[{"name":"wp","href":"https:\/\/api.w.org\/{rel}","templated":true}]}}