{"id":13689,"date":"2025-08-21T09:29:39","date_gmt":"2025-08-21T02:29:39","guid":{"rendered":"https:\/\/vinphaco.net\/product\/degas\/"},"modified":"2025-10-02T11:39:51","modified_gmt":"2025-10-02T04:39:51","slug":"degas","status":"publish","type":"product","link":"https:\/\/vinphaco.net\/fr\/produit\/degas\/","title":{"rendered":"DEGAS"},"content":{"rendered":"","protected":false},"excerpt":{"rendered":"<p>Le Degas est utilis\u00e9 pour pr\u00e9venir les naus\u00e9es et les vomissements lors d&rsquo;une chimioth\u00e9rapie anticanc\u00e9reuse et pour pr\u00e9venir les naus\u00e9es ou les vomissements apr\u00e8s une intervention chirurgicale.<\/p>\n","protected":false},"featured_media":10790,"template":"","meta":{"_acf_changed":false},"product_brand":[],"product_cat":[401],"product_tag":[341,342],"class_list":{"0":"post-13689","1":"product","2":"type-product","3":"status-publish","4":"has-post-thumbnail","6":"product_cat-etc-gastro-enterologie","7":"product_tag-drug-fr","8":"product_tag-etc-fr","10":"first","11":"instock","12":"shipping-taxable","13":"product-type-simple"},"acf":{"product_detail":[{"name":"Forme posologique","value":"Solution pour l'injection"},{"name":"Indications","value":"Indications :\n- Naus\u00e9es et vomissements dus \u00e0 la chimioth\u00e9rapie et \u00e0 la radioth\u00e9rapie.\n- Pr\u00e9vention des naus\u00e9es et vomissements postop\u00e9ratoires.\n- Traitement des naus\u00e9es et vomissements postop\u00e9ratoires."},{"name":"Composition","value":"Ondans\u00e9tron ( ondans\u00e9tron hydroclorid) 8mg\/4ml"}],"instructions_for_use":""},"_links":{"self":[{"href":"https:\/\/vinphaco.net\/fr\/wp-json\/wp\/v2\/product\/13689","targetHints":{"allow":["GET"]}}],"collection":[{"href":"https:\/\/vinphaco.net\/fr\/wp-json\/wp\/v2\/product"}],"about":[{"href":"https:\/\/vinphaco.net\/fr\/wp-json\/wp\/v2\/types\/product"}],"wp:featuredmedia":[{"embeddable":true,"href":"https:\/\/vinphaco.net\/fr\/wp-json\/wp\/v2\/media\/10790"}],"wp:attachment":[{"href":"https:\/\/vinphaco.net\/fr\/wp-json\/wp\/v2\/media?parent=13689"}],"wp:term":[{"taxonomy":"product_brand","embeddable":true,"href":"https:\/\/vinphaco.net\/fr\/wp-json\/wp\/v2\/product_brand?post=13689"},{"taxonomy":"product_cat","embeddable":true,"href":"https:\/\/vinphaco.net\/fr\/wp-json\/wp\/v2\/product_cat?post=13689"},{"taxonomy":"product_tag","embeddable":true,"href":"https:\/\/vinphaco.net\/fr\/wp-json\/wp\/v2\/product_tag?post=13689"}],"curies":[{"name":"wp","href":"https:\/\/api.w.org\/{rel}","templated":true}]}}