{"id":13693,"date":"2025-08-21T09:29:39","date_gmt":"2025-08-21T02:29:39","guid":{"rendered":"https:\/\/vinphaco.net\/product\/octreotid\/"},"modified":"2025-10-02T11:39:51","modified_gmt":"2025-10-02T04:39:51","slug":"octreotid","status":"publish","type":"product","link":"https:\/\/vinphaco.net\/fr\/produit\/octreotid\/","title":{"rendered":"OCTREOTID"},"content":{"rendered":"","protected":false},"excerpt":{"rendered":"<p>L&rsquo;octr\u00e9otide 0,1 mg\/ml est utilis\u00e9 pour traiter la diarrh\u00e9e s\u00e9v\u00e8re et certaines autres affections.<\/p>\n","protected":false},"featured_media":7199,"template":"","meta":{"_acf_changed":false},"product_brand":[],"product_cat":[432],"product_tag":[341,342],"class_list":{"0":"post-13693","1":"product","2":"type-product","3":"status-publish","4":"has-post-thumbnail","6":"product_cat-cte-autres","7":"product_tag-drug-fr","8":"product_tag-etc-fr","10":"first","11":"instock","12":"shipping-taxable","13":"product-type-simple"},"acf":{"product_detail":[{"name":"Forme posologique","value":"Solution pour l'injection"},{"name":"Indications","value":"L'octr\u00e9otide injectable est utilis\u00e9 pour traiter la diarrh\u00e9e s\u00e9v\u00e8re et d'autres sympt\u00f4mes qui surviennent avec certaines tumeurs intestinales (par exemple, les tumeurs \u00e0 peptide intestinal vasoactif ou VIPomas) ou les tumeurs carcino\u00efdes m\u00e9tastatiques (tumeurs qui se sont d\u00e9j\u00e0 r\u00e9pandues dans le corps)."},{"name":"Composition","value":"Octr\u00e9otide (sous forme d'ac\u00e9tate d'octr\u00e9otide) 0,1mg\/1ml"}],"instructions_for_use":""},"_links":{"self":[{"href":"https:\/\/vinphaco.net\/fr\/wp-json\/wp\/v2\/product\/13693","targetHints":{"allow":["GET"]}}],"collection":[{"href":"https:\/\/vinphaco.net\/fr\/wp-json\/wp\/v2\/product"}],"about":[{"href":"https:\/\/vinphaco.net\/fr\/wp-json\/wp\/v2\/types\/product"}],"wp:featuredmedia":[{"embeddable":true,"href":"https:\/\/vinphaco.net\/fr\/wp-json\/wp\/v2\/media\/7199"}],"wp:attachment":[{"href":"https:\/\/vinphaco.net\/fr\/wp-json\/wp\/v2\/media?parent=13693"}],"wp:term":[{"taxonomy":"product_brand","embeddable":true,"href":"https:\/\/vinphaco.net\/fr\/wp-json\/wp\/v2\/product_brand?post=13693"},{"taxonomy":"product_cat","embeddable":true,"href":"https:\/\/vinphaco.net\/fr\/wp-json\/wp\/v2\/product_cat?post=13693"},{"taxonomy":"product_tag","embeddable":true,"href":"https:\/\/vinphaco.net\/fr\/wp-json\/wp\/v2\/product_tag?post=13693"}],"curies":[{"name":"wp","href":"https:\/\/api.w.org\/{rel}","templated":true}]}}