{"id":13708,"date":"2025-08-21T09:29:38","date_gmt":"2025-08-21T02:29:38","guid":{"rendered":"https:\/\/vinphaco.net\/product\/nelcin-150\/"},"modified":"2025-10-02T10:52:27","modified_gmt":"2025-10-02T03:52:27","slug":"nelcin-150","status":"publish","type":"product","link":"https:\/\/vinphaco.net\/fr\/produit\/nelcin-150\/","title":{"rendered":"NELCIN 150"},"content":{"rendered":"","protected":false},"excerpt":{"rendered":"<p>Nelcin 150 est l&rsquo;un des m\u00e9dicaments antibact\u00e9riens efficaces, contenant l&rsquo;ingr\u00e9dient principal Netilmicin sulfate.<\/p>\n","protected":false},"featured_media":7854,"template":"","meta":{"_acf_changed":false},"product_brand":[],"product_cat":[399],"product_tag":[341,342],"class_list":{"0":"post-13708","1":"product","2":"type-product","3":"status-publish","4":"has-post-thumbnail","6":"product_cat-cte-antibiotiques","7":"product_tag-drug-fr","8":"product_tag-etc-fr","10":"first","11":"instock","12":"shipping-taxable","13":"product-type-simple"},"acf":{"product_detail":[{"name":"Forme posologique","value":"Solution pour l'injection"},{"name":"Indications","value":"Indications :\n-Traitement de certaines infections s\u00e9v\u00e8res caus\u00e9es par des bact\u00e9ries \u00e0 Gram n\u00e9gatif, y compris les bact\u00e9ries r\u00e9sistantes \u00e0 la gentamicine et \u00e0 la tobramycine, \u00e0 l'amikacine et \u00e0 la kanamycine.\n-Infections des voies biliaires.\n-Infections des os et des articulations.\n-Infections du syst\u00e8me nerveux central. -Infections intra-abdominales.Infections du syst\u00e8me nerveux central.\n-Infections intra-abdominales.\n-Pneumonie caus\u00e9e par des bact\u00e9ries \u00e0 Gram n\u00e9gatif.\n-Bact\u00e9ri\u00e9mie.\n-Infections de la peau et des tissus mous (y compris les br\u00fblures).\n-Infections urinaires r\u00e9currentes et compliqu\u00e9es, gonorrh\u00e9e aigu\u00eb."},{"name":"Composition","value":"Netilmicine (sulfate de Netilmicine) 150mg\/2ml"}],"instructions_for_use":""},"_links":{"self":[{"href":"https:\/\/vinphaco.net\/fr\/wp-json\/wp\/v2\/product\/13708","targetHints":{"allow":["GET"]}}],"collection":[{"href":"https:\/\/vinphaco.net\/fr\/wp-json\/wp\/v2\/product"}],"about":[{"href":"https:\/\/vinphaco.net\/fr\/wp-json\/wp\/v2\/types\/product"}],"wp:featuredmedia":[{"embeddable":true,"href":"https:\/\/vinphaco.net\/fr\/wp-json\/wp\/v2\/media\/7854"}],"wp:attachment":[{"href":"https:\/\/vinphaco.net\/fr\/wp-json\/wp\/v2\/media?parent=13708"}],"wp:term":[{"taxonomy":"product_brand","embeddable":true,"href":"https:\/\/vinphaco.net\/fr\/wp-json\/wp\/v2\/product_brand?post=13708"},{"taxonomy":"product_cat","embeddable":true,"href":"https:\/\/vinphaco.net\/fr\/wp-json\/wp\/v2\/product_cat?post=13708"},{"taxonomy":"product_tag","embeddable":true,"href":"https:\/\/vinphaco.net\/fr\/wp-json\/wp\/v2\/product_tag?post=13708"}],"curies":[{"name":"wp","href":"https:\/\/api.w.org\/{rel}","templated":true}]}}