{"id":13715,"date":"2025-08-21T09:29:38","date_gmt":"2025-08-21T02:29:38","guid":{"rendered":"https:\/\/vinphaco.net\/product\/vincomid\/"},"modified":"2025-10-02T10:52:35","modified_gmt":"2025-10-02T03:52:35","slug":"vincomid","status":"publish","type":"product","link":"https:\/\/vinphaco.net\/fr\/produit\/vincomid\/","title":{"rendered":"VINCOMID"},"content":{"rendered":"","protected":false},"excerpt":{"rendered":"<p>Vincomid 10mg\/2ml injection pr\u00e9vient les naus\u00e9es et vomissements postop\u00e9ratoires et induits par la radioth\u00e9rapie<\/p>\n","protected":false},"featured_media":10769,"template":"","meta":{"_acf_changed":false},"product_brand":[],"product_cat":[401],"product_tag":[341,342],"class_list":{"0":"post-13715","1":"product","2":"type-product","3":"status-publish","4":"has-post-thumbnail","6":"product_cat-etc-gastro-enterologie","7":"product_tag-drug-fr","8":"product_tag-etc-fr","10":"first","11":"instock","12":"shipping-taxable","13":"product-type-simple"},"acf":{"product_detail":[{"name":"Forme posologique","value":"Solution pour l'injection"},{"name":"Indications","value":"Indications\nVomissements\/naus\u00e9es, reflux gastro-\u0153sophagien, troubles de la motilit\u00e9 gastro-intestinale."},{"name":"Composition","value":"M\u00e9toclopramide HCl 10mg\/2ml"}],"instructions_for_use":""},"_links":{"self":[{"href":"https:\/\/vinphaco.net\/fr\/wp-json\/wp\/v2\/product\/13715","targetHints":{"allow":["GET"]}}],"collection":[{"href":"https:\/\/vinphaco.net\/fr\/wp-json\/wp\/v2\/product"}],"about":[{"href":"https:\/\/vinphaco.net\/fr\/wp-json\/wp\/v2\/types\/product"}],"wp:featuredmedia":[{"embeddable":true,"href":"https:\/\/vinphaco.net\/fr\/wp-json\/wp\/v2\/media\/10769"}],"wp:attachment":[{"href":"https:\/\/vinphaco.net\/fr\/wp-json\/wp\/v2\/media?parent=13715"}],"wp:term":[{"taxonomy":"product_brand","embeddable":true,"href":"https:\/\/vinphaco.net\/fr\/wp-json\/wp\/v2\/product_brand?post=13715"},{"taxonomy":"product_cat","embeddable":true,"href":"https:\/\/vinphaco.net\/fr\/wp-json\/wp\/v2\/product_cat?post=13715"},{"taxonomy":"product_tag","embeddable":true,"href":"https:\/\/vinphaco.net\/fr\/wp-json\/wp\/v2\/product_tag?post=13715"}],"curies":[{"name":"wp","href":"https:\/\/api.w.org\/{rel}","templated":true}]}}