{"id":13729,"date":"2025-08-21T09:29:38","date_gmt":"2025-08-21T02:29:38","guid":{"rendered":"https:\/\/vinphaco.net\/product\/levocin\/"},"modified":"2025-10-02T10:52:41","modified_gmt":"2025-10-02T03:52:41","slug":"levocin","status":"publish","type":"product","link":"https:\/\/vinphaco.net\/fr\/produit\/levocin\/","title":{"rendered":"LEVOCIN"},"content":{"rendered":"","protected":false},"excerpt":{"rendered":"<p>Levocin est un m\u00e9dicament indiqu\u00e9 pour l&rsquo;anesth\u00e9sie, le soulagement de la douleur, en chirurgie pour les adultes, utilis\u00e9 dans le soulagement de la douleur aigu\u00eb apr\u00e8s la chirurgie.<\/p>\n","protected":false},"featured_media":7667,"template":"","meta":{"_acf_changed":false},"product_brand":[],"product_cat":[371],"product_tag":[341,342],"class_list":{"0":"post-13729","1":"product","2":"type-product","3":"status-publish","4":"has-post-thumbnail","6":"product_cat-etc-anesthesie-et-obstetrique","7":"product_tag-drug-fr","8":"product_tag-etc-fr","10":"first","11":"instock","12":"shipping-taxable","13":"product-type-simple"},"acf":{"product_detail":[{"name":"Forme posologique","value":"Solution pour l'injection"},{"name":"Indications","value":"Anesth\u00e9sie ; Soulagement de la douleur"},{"name":"Composition","value":"L\u00e9vobupivaca\u00efne (chlorhydrate de l\u00e9vobupivaca\u00efne) 50mg\/10ml"}],"instructions_for_use":""},"_links":{"self":[{"href":"https:\/\/vinphaco.net\/fr\/wp-json\/wp\/v2\/product\/13729","targetHints":{"allow":["GET"]}}],"collection":[{"href":"https:\/\/vinphaco.net\/fr\/wp-json\/wp\/v2\/product"}],"about":[{"href":"https:\/\/vinphaco.net\/fr\/wp-json\/wp\/v2\/types\/product"}],"wp:featuredmedia":[{"embeddable":true,"href":"https:\/\/vinphaco.net\/fr\/wp-json\/wp\/v2\/media\/7667"}],"wp:attachment":[{"href":"https:\/\/vinphaco.net\/fr\/wp-json\/wp\/v2\/media?parent=13729"}],"wp:term":[{"taxonomy":"product_brand","embeddable":true,"href":"https:\/\/vinphaco.net\/fr\/wp-json\/wp\/v2\/product_brand?post=13729"},{"taxonomy":"product_cat","embeddable":true,"href":"https:\/\/vinphaco.net\/fr\/wp-json\/wp\/v2\/product_cat?post=13729"},{"taxonomy":"product_tag","embeddable":true,"href":"https:\/\/vinphaco.net\/fr\/wp-json\/wp\/v2\/product_tag?post=13729"}],"curies":[{"name":"wp","href":"https:\/\/api.w.org\/{rel}","templated":true}]}}