{"id":13737,"date":"2025-08-21T09:29:37","date_gmt":"2025-08-21T02:29:37","guid":{"rendered":"https:\/\/vinphaco.net\/product\/vinrolac\/"},"modified":"2025-10-02T10:52:09","modified_gmt":"2025-10-02T03:52:09","slug":"vinrolac","status":"publish","type":"product","link":"https:\/\/vinphaco.net\/fr\/produit\/vinrolac\/","title":{"rendered":"VINROLAC"},"content":{"rendered":"","protected":false},"excerpt":{"rendered":"<p>Vinrolac 30mg\/ml injection anti-douleur traite la douleur mod\u00e9r\u00e9e \u00e0 s\u00e9v\u00e8re apr\u00e8s une intervention chirurgicale pendant une courte p\u00e9riode, utilis\u00e9e comme alternative aux analg\u00e9siques opio\u00efdes.<\/p>\n","protected":false},"featured_media":7500,"template":"","meta":{"_acf_changed":false},"product_brand":[],"product_cat":[340],"product_tag":[341,342],"class_list":{"0":"post-13737","1":"product","2":"type-product","3":"status-publish","4":"has-post-thumbnail","6":"product_cat-etc-corticosterioids-nsaids-fr","7":"product_tag-drug-fr","8":"product_tag-etc-fr","10":"first","11":"instock","12":"shipping-taxable","13":"product-type-simple"},"acf":{"product_detail":[{"name":"Forme posologique","value":"Solution pour l'injection"},{"name":"Indications","value":"Vinrolac 30mg\/ml injection est utilis\u00e9 pour traiter la douleur mod\u00e9r\u00e9e \u00e0 s\u00e9v\u00e8re apr\u00e8s une op\u00e9ration chirurgicale pendant une courte p\u00e9riode.\nUtilis\u00e9 comme alternative aux analg\u00e9siques opio\u00efdes.\nDans l'\u0153il, il est utilis\u00e9 localement pour traiter la conjonctivite allergique saisonni\u00e8re."},{"name":"Composition","value":"K\u00e9torolac Trom\u00e9thamine 30mg\/1ml"}],"instructions_for_use":""},"_links":{"self":[{"href":"https:\/\/vinphaco.net\/fr\/wp-json\/wp\/v2\/product\/13737","targetHints":{"allow":["GET"]}}],"collection":[{"href":"https:\/\/vinphaco.net\/fr\/wp-json\/wp\/v2\/product"}],"about":[{"href":"https:\/\/vinphaco.net\/fr\/wp-json\/wp\/v2\/types\/product"}],"wp:featuredmedia":[{"embeddable":true,"href":"https:\/\/vinphaco.net\/fr\/wp-json\/wp\/v2\/media\/7500"}],"wp:attachment":[{"href":"https:\/\/vinphaco.net\/fr\/wp-json\/wp\/v2\/media?parent=13737"}],"wp:term":[{"taxonomy":"product_brand","embeddable":true,"href":"https:\/\/vinphaco.net\/fr\/wp-json\/wp\/v2\/product_brand?post=13737"},{"taxonomy":"product_cat","embeddable":true,"href":"https:\/\/vinphaco.net\/fr\/wp-json\/wp\/v2\/product_cat?post=13737"},{"taxonomy":"product_tag","embeddable":true,"href":"https:\/\/vinphaco.net\/fr\/wp-json\/wp\/v2\/product_tag?post=13737"}],"curies":[{"name":"wp","href":"https:\/\/api.w.org\/{rel}","templated":true}]}}