{"id":13742,"date":"2025-08-21T09:29:37","date_gmt":"2025-08-21T02:29:37","guid":{"rendered":"https:\/\/vinphaco.net\/product\/vinrolac-15mg\/"},"modified":"2025-10-02T10:52:11","modified_gmt":"2025-10-02T03:52:11","slug":"vinrolac-15mg","status":"publish","type":"product","link":"https:\/\/vinphaco.net\/fr\/produit\/vinrolac-15mg\/","title":{"rendered":"VINROLAC 15MG"},"content":{"rendered":"","protected":false},"excerpt":{"rendered":"<p>Vinrolac 15mg\/ml est un m\u00e9dicament utilis\u00e9 pour soulager rapidement les douleurs mod\u00e9r\u00e9es \u00e0 s\u00e9v\u00e8res apr\u00e8s une intervention chirurgicale.<\/p>\n","protected":false},"featured_media":7021,"template":"","meta":{"_acf_changed":false},"product_brand":[],"product_cat":[340],"product_tag":[341,342],"class_list":{"0":"post-13742","1":"product","2":"type-product","3":"status-publish","4":"has-post-thumbnail","6":"product_cat-etc-corticosterioids-nsaids-fr","7":"product_tag-drug-fr","8":"product_tag-etc-fr","10":"first","11":"instock","12":"shipping-taxable","13":"product-type-simple"},"acf":{"product_detail":[{"name":"Forme posologique","value":"Solution pour l'injection"},{"name":"Indications","value":"Traitement \u00e0 court terme de la douleur mod\u00e9r\u00e9e \u00e0 s\u00e9v\u00e8re apr\u00e8s une intervention chirurgicale (en remplacement des pr\u00e9parations \u00e0 base d'opio\u00efdes).\n- Traitement topique des sympt\u00f4mes de la conjonctivite allergique saisonni\u00e8re."},{"name":"Composition","value":"K\u00e9torolac trom\u00e9thamine 15mg\/1ml"}],"instructions_for_use":""},"_links":{"self":[{"href":"https:\/\/vinphaco.net\/fr\/wp-json\/wp\/v2\/product\/13742","targetHints":{"allow":["GET"]}}],"collection":[{"href":"https:\/\/vinphaco.net\/fr\/wp-json\/wp\/v2\/product"}],"about":[{"href":"https:\/\/vinphaco.net\/fr\/wp-json\/wp\/v2\/types\/product"}],"wp:featuredmedia":[{"embeddable":true,"href":"https:\/\/vinphaco.net\/fr\/wp-json\/wp\/v2\/media\/7021"}],"wp:attachment":[{"href":"https:\/\/vinphaco.net\/fr\/wp-json\/wp\/v2\/media?parent=13742"}],"wp:term":[{"taxonomy":"product_brand","embeddable":true,"href":"https:\/\/vinphaco.net\/fr\/wp-json\/wp\/v2\/product_brand?post=13742"},{"taxonomy":"product_cat","embeddable":true,"href":"https:\/\/vinphaco.net\/fr\/wp-json\/wp\/v2\/product_cat?post=13742"},{"taxonomy":"product_tag","embeddable":true,"href":"https:\/\/vinphaco.net\/fr\/wp-json\/wp\/v2\/product_tag?post=13742"}],"curies":[{"name":"wp","href":"https:\/\/api.w.org\/{rel}","templated":true}]}}