{"id":13756,"date":"2025-08-21T09:29:37","date_gmt":"2025-08-21T02:29:37","guid":{"rendered":"https:\/\/vinphaco.net\/product\/vinzix-40mg\/"},"modified":"2025-10-02T10:52:16","modified_gmt":"2025-10-02T03:52:16","slug":"vinzix-40mg","status":"publish","type":"product","link":"https:\/\/vinphaco.net\/fr\/produit\/vinzix-40mg\/","title":{"rendered":"VINZIX 40MG"},"content":{"rendered":"","protected":false},"excerpt":{"rendered":"<p>Vinzix 40mg contient l&rsquo;ingr\u00e9dient principal furos\u00e9mide, utilis\u00e9 pour traiter l&rsquo;\u0153d\u00e8me en cas d&rsquo;insuffisance cardiaque congestive, de maladie r\u00e9nale et de cirrhose, l&rsquo;\u0153d\u00e8me pulmonaire aigu, l&rsquo;oligurie due \u00e0 une insuffisance r\u00e9nale aigu\u00eb ou chronique, l&rsquo;hypertension.<\/p>\n","protected":false},"featured_media":10748,"template":"","meta":{"_acf_changed":false},"product_brand":[],"product_cat":[494],"product_tag":[341,342],"class_list":{"0":"post-13756","1":"product","2":"type-product","3":"status-publish","4":"has-post-thumbnail","6":"product_cat-etc-emergence-et-avc","7":"product_tag-drug-fr","8":"product_tag-etc-fr","10":"first","11":"instock","12":"shipping-taxable","13":"product-type-simple"},"acf":{"product_detail":[{"name":"Forme posologique","value":"Solution pour l'injection"},{"name":"Indications","value":"Indications :\n- \u0152d\u00e8me d'origine cardiaque, h\u00e9patique, r\u00e9nale ou autre, \u0153d\u00e8me pulmonaire, \u0153d\u00e8me c\u00e9r\u00e9bral, intoxication gravidique.\n- Hypertension l\u00e9g\u00e8re et mod\u00e9r\u00e9e.\n- A fortes doses dans le traitement de l'insuffisance r\u00e9nale aigu\u00eb ou chronique et de l'oligurie, intoxication par les barbituriques."},{"name":"Composition","value":"Furos\u00e9mide 40mg\/4ml"}],"instructions_for_use":""},"_links":{"self":[{"href":"https:\/\/vinphaco.net\/fr\/wp-json\/wp\/v2\/product\/13756","targetHints":{"allow":["GET"]}}],"collection":[{"href":"https:\/\/vinphaco.net\/fr\/wp-json\/wp\/v2\/product"}],"about":[{"href":"https:\/\/vinphaco.net\/fr\/wp-json\/wp\/v2\/types\/product"}],"wp:featuredmedia":[{"embeddable":true,"href":"https:\/\/vinphaco.net\/fr\/wp-json\/wp\/v2\/media\/10748"}],"wp:attachment":[{"href":"https:\/\/vinphaco.net\/fr\/wp-json\/wp\/v2\/media?parent=13756"}],"wp:term":[{"taxonomy":"product_brand","embeddable":true,"href":"https:\/\/vinphaco.net\/fr\/wp-json\/wp\/v2\/product_brand?post=13756"},{"taxonomy":"product_cat","embeddable":true,"href":"https:\/\/vinphaco.net\/fr\/wp-json\/wp\/v2\/product_cat?post=13756"},{"taxonomy":"product_tag","embeddable":true,"href":"https:\/\/vinphaco.net\/fr\/wp-json\/wp\/v2\/product_tag?post=13756"}],"curies":[{"name":"wp","href":"https:\/\/api.w.org\/{rel}","templated":true}]}}